{"id":2052,"date":"2025-06-24T21:04:54","date_gmt":"2025-06-24T21:04:54","guid":{"rendered":"https:\/\/isuppa.com\/biblioteca\/?page_id=2052"},"modified":"2025-06-24T22:02:58","modified_gmt":"2025-06-24T22:02:58","slug":"processamento-digital-de-sinais","status":"publish","type":"page","link":"https:\/\/isuppa.com\/biblioteca\/index.php\/processamento-digital-de-sinais\/","title":{"rendered":"Processamento Digital de Sinais"},"content":{"rendered":"\n<p><a href=\"https:\/\/cm-kls-content.s3.amazonaws.com\/201801\/INTERATIVAS_2_0\/ANALISE_E_PROCESSAMENTO_DE_SINAIS\/U1\/LIVRO_UNICO.pdf\">An\u00e1lise e Processamento de Sinais (Daniel Augusto Pagi Ferreira)<\/a><\/p>\n\n\n\n<p><a href=\"https:\/\/www.feis.unesp.br\/Home\/departamentos\/engenhariaeletrica\/ele1095_3_amostragem.pdf\">Processamento Digital de Sinais : Amostragem e Reconstru\u00e7\u00e3o de Sinais (Ricardo Tokio Higuti)<\/a><\/p>\n\n\n\n<p><a href=\"https:\/\/www.telecom.uff.br\/~delavega\/public\/DSP\/apostila_teo_dsp.pdf\">Apostila de Teoria para Fundamentos de Processamento Digital de Sinais (Sinais e Sistemas com Matem\u00e1tica Discreta)<\/a><\/p>\n\n\n\n<p><a href=\"https:\/\/www.fccdecastro.com.br\/pdf\/DSP%20A1.pdf\">Processamento Digital de Sinais (2018 &#8211; Cristina)<\/a><\/p>\n\n\n\n<p><a href=\"https:\/\/inatel.br\/docentes\/documents\/processamento-digital-de-sinais.pdf\">Processamento Digital de Sinais (Prof. Luciano Leonel Mendes)<\/a><\/p>\n\n\n\n<p><br><\/p>\n","protected":false},"excerpt":{"rendered":"<p>An\u00e1lise e Processamento de Sinais (Daniel Augusto Pagi Ferreira) Processamento Digital de Sinais : Amostragem e Reconstru\u00e7\u00e3o de Sinais (Ricardo Tokio Higuti) Apostila de Teoria para Fundamentos de Processamento Digital de Sinais (Sinais e Sistemas com Matem\u00e1tica Discreta) Processamento Digital de Sinais (2018 &#8211; Cristina) Processamento Digital de Sinais (Prof. Luciano Leonel Mendes)<\/p>\n","protected":false},"author":1,"featured_media":0,"parent":0,"menu_order":0,"comment_status":"closed","ping_status":"closed","template":"","meta":{"footnotes":""},"_links":{"self":[{"href":"https:\/\/isuppa.com\/biblioteca\/index.php\/wp-json\/wp\/v2\/pages\/2052"}],"collection":[{"href":"https:\/\/isuppa.com\/biblioteca\/index.php\/wp-json\/wp\/v2\/pages"}],"about":[{"href":"https:\/\/isuppa.com\/biblioteca\/index.php\/wp-json\/wp\/v2\/types\/page"}],"author":[{"embeddable":true,"href":"https:\/\/isuppa.com\/biblioteca\/index.php\/wp-json\/wp\/v2\/users\/1"}],"replies":[{"embeddable":true,"href":"https:\/\/isuppa.com\/biblioteca\/index.php\/wp-json\/wp\/v2\/comments?post=2052"}],"version-history":[{"count":1,"href":"https:\/\/isuppa.com\/biblioteca\/index.php\/wp-json\/wp\/v2\/pages\/2052\/revisions"}],"predecessor-version":[{"id":2053,"href":"https:\/\/isuppa.com\/biblioteca\/index.php\/wp-json\/wp\/v2\/pages\/2052\/revisions\/2053"}],"wp:attachment":[{"href":"https:\/\/isuppa.com\/biblioteca\/index.php\/wp-json\/wp\/v2\/media?parent=2052"}],"curies":[{"name":"wp","href":"https:\/\/api.w.org\/{rel}","templated":true}]}}