{"id":2058,"date":"2025-06-24T21:13:30","date_gmt":"2025-06-24T21:13:30","guid":{"rendered":"https:\/\/isuppa.com\/biblioteca\/?page_id=2058"},"modified":"2025-06-24T21:14:17","modified_gmt":"2025-06-24T21:14:17","slug":"analise-de-sinais-e-sistemas","status":"publish","type":"page","link":"https:\/\/isuppa.com\/biblioteca\/index.php\/analise-de-sinais-e-sistemas\/","title":{"rendered":"An\u00e1lise de Sinais e Sistemas"},"content":{"rendered":"\n<p><a href=\"https:\/\/cm-kls-content.s3.amazonaws.com\/201801\/INTERATIVAS_2_0\/ANALISE_E_PROCESSAMENTO_DE_SINAIS\/U1\/LIVRO_UNICO.pdf\">An\u00e1lise e Processamento de Sinais (Daniel Augusto Pagi Ferreira)<\/a><\/p>\n\n\n\n<p><a href=\"https:\/\/www.booki.pt\/userfiles\/files\/loja\/preview\/9789899101937.pdf\">Introdu\u00e7\u00e3o \u00e0 Teoria de Sinais e Sistemas<\/a><\/p>\n\n\n\n<p><a href=\"https:\/\/www.feis.unesp.br\/Home\/departamentos\/engenhariaeletrica\/optoeletronica\/sinais_e_sistemas.pdf\">Sinais e Sistemas (Ricardo Tokio Higuti &amp; Cl\u00e1udio Kitano)<\/a><\/p>\n","protected":false},"excerpt":{"rendered":"<p>An\u00e1lise e Processamento de Sinais (Daniel Augusto Pagi Ferreira) Introdu\u00e7\u00e3o \u00e0 Teoria de Sinais e Sistemas Sinais e Sistemas (Ricardo Tokio Higuti &amp; Cl\u00e1udio Kitano)<\/p>\n","protected":false},"author":1,"featured_media":0,"parent":0,"menu_order":0,"comment_status":"closed","ping_status":"closed","template":"","meta":{"footnotes":""},"_links":{"self":[{"href":"https:\/\/isuppa.com\/biblioteca\/index.php\/wp-json\/wp\/v2\/pages\/2058"}],"collection":[{"href":"https:\/\/isuppa.com\/biblioteca\/index.php\/wp-json\/wp\/v2\/pages"}],"about":[{"href":"https:\/\/isuppa.com\/biblioteca\/index.php\/wp-json\/wp\/v2\/types\/page"}],"author":[{"embeddable":true,"href":"https:\/\/isuppa.com\/biblioteca\/index.php\/wp-json\/wp\/v2\/users\/1"}],"replies":[{"embeddable":true,"href":"https:\/\/isuppa.com\/biblioteca\/index.php\/wp-json\/wp\/v2\/comments?post=2058"}],"version-history":[{"count":2,"href":"https:\/\/isuppa.com\/biblioteca\/index.php\/wp-json\/wp\/v2\/pages\/2058\/revisions"}],"predecessor-version":[{"id":2061,"href":"https:\/\/isuppa.com\/biblioteca\/index.php\/wp-json\/wp\/v2\/pages\/2058\/revisions\/2061"}],"wp:attachment":[{"href":"https:\/\/isuppa.com\/biblioteca\/index.php\/wp-json\/wp\/v2\/media?parent=2058"}],"curies":[{"name":"wp","href":"https:\/\/api.w.org\/{rel}","templated":true}]}}