{"id":207,"date":"2023-10-28T14:45:12","date_gmt":"2023-10-28T14:45:12","guid":{"rendered":"https:\/\/isuppa.com\/biblioteca\/?page_id=207"},"modified":"2025-06-25T10:34:54","modified_gmt":"2025-06-25T10:34:54","slug":"engenharia-electronica-e-telecomunicacoes","status":"publish","type":"page","link":"https:\/\/isuppa.com\/biblioteca\/index.php\/engenharia-electronica-e-telecomunicacoes\/","title":{"rendered":"Engenharia Electr\u00f3nica e Telecomunica\u00e7\u00f5es"},"content":{"rendered":"<h1 style=\"font-style:normal;font-weight:700;\" class=\"has-text-align-center wp-block-site-title has-medium-font-size\"><a href=\"https:\/\/isuppa.com\/biblioteca\" target=\"_self\" rel=\"home\">Seja Benvindo \u00e0 Biblioteca Virtual ISUP<\/a><\/h1>\n\n\n<figure class=\"wp-block-image size-full\"><img decoding=\"async\" loading=\"lazy\" width=\"652\" height=\"336\" src=\"https:\/\/isuppa.com\/biblioteca\/wp-content\/uploads\/2023\/11\/ElecTlele.png\" alt=\"\" class=\"wp-image-801\" srcset=\"https:\/\/isuppa.com\/biblioteca\/wp-content\/uploads\/2023\/11\/ElecTlele.png 652w, https:\/\/isuppa.com\/biblioteca\/wp-content\/uploads\/2023\/11\/ElecTlele-300x155.png 300w\" sizes=\"(max-width: 652px) 100vw, 652px\" \/><\/figure>\n\n\n\n<ul id=\"block-d8876665-8b8c-48ed-a207-9029aaed5059\">\n<li>1.\u00ba Ano\n\n\n\n\n\n\n\n\n\n\n\n\n<ul>\n<li>1.\u00ba Semestre\n<ul>\n<li><a href=\"https:\/\/isuppa.com\/biblioteca\/index.php\/lingua-portuguesa\/\">L\u00edngua portuguesa<\/a><\/li>\n\n\n\n<li><a href=\"https:\/\/isuppa.com\/biblioteca\/index.php\/fundamentos-de-engenharia-informatica\/\">Fundamentos de Engenharia Eletr\u00f3nica<\/a><\/li>\n\n\n\n<li><a href=\"https:\/\/isuppa.com\/biblioteca\/index.php\/informatica-na-optica-de-utilizador\/\">Inform\u00e1tica na \u00d3ptica do Utilizador<\/a><\/li>\n\n\n\n<li><a href=\"https:\/\/isuppa.com\/biblioteca\/index.php\/fundamentos-de-matematica\/\">Fundamentos de Matem\u00e1tica<\/a><\/li>\n\n\n\n<li><a href=\"https:\/\/isuppa.com\/biblioteca\/index.php\/quimica\/\">Qu\u00edmica<\/a><\/li>\n\n\n\n<li><a href=\"https:\/\/isuppa.com\/biblioteca\/index.php\/logica-matematica\/\">Logica Matem\u00e1tica<\/a><\/li>\n<\/ul>\n<\/li>\n<\/ul>\n\n\n\n<ul>\n<li>2.\u00ba Semestre\n<ul>\n<li><a href=\"https:\/\/isuppa.com\/biblioteca\/index.php\/analise-matematica\/\">An\u00e1lise Matem\u00e1tico I<\/a><\/li>\n\n\n\n<li><a href=\"https:\/\/isuppa.com\/biblioteca\/index.php\/algebra-linear-e-geometria-analitica\/\">\u00c1lgebra Linear e Anal\u00edtica<\/a><\/li>\n\n\n\n<li><a href=\"https:\/\/isuppa.com\/biblioteca\/index.php\/lingua-portuguesa\/\">L\u00edngua portuguesa II<\/a><\/li>\n\n\n\n<li><a href=\"https:\/\/isuppa.com\/biblioteca\/index.php\/fisica-i\/\">F\u00edsica I<\/a><\/li>\n\n\n\n<li><a href=\"https:\/\/isuppa.com\/biblioteca\/index.php\/ingles-tecnico-i-e-ii\/\">Ingl\u00eas T\u00e9cnico I<\/a><\/li>\n\n\n\n<li><a href=\"https:\/\/isuppa.com\/biblioteca\/index.php\/introduccao-a-programacao\/\">Introdu\u00e7\u00e3o a Programa\u00e7\u00e3o<\/a><\/li>\n<\/ul>\n<\/li>\n<\/ul>\n<\/li>\n\n\n\n<li>2.\u00ba Ano\n\n\n\n\n\n\n\n\n\n\n\n\n<ul>\n<li>3.\u00ba Semestre\n<ul>\n<li><a href=\"https:\/\/isuppa.com\/biblioteca\/index.php\/analise-matematico-ii\/\">An\u00e1lise Matem\u00e1tico II<\/a><\/li>\n\n\n\n<li><a href=\"https:\/\/isuppa.com\/biblioteca\/index.php\/sistemas-digitais\/\">Sistemas Digitais I<\/a><\/li>\n\n\n\n<li><a href=\"https:\/\/isuppa.com\/biblioteca\/index.php\/fisica-2\/\">F\u00edsica II<\/a><\/li>\n\n\n\n<li><a href=\"https:\/\/isuppa.com\/biblioteca\/index.php\/poo-programacao-orientada-a-objectos\/\">Programa\u00e7\u00e3o <\/a><\/li>\n\n\n\n<li><a href=\"https:\/\/isuppa.com\/biblioteca\/index.php\/ingles-tecnico-i-e-ii\/\">Ingl\u00eas T\u00e9cnico II<\/a><\/li>\n\n\n\n<li><a href=\"https:\/\/isuppa.com\/biblioteca\/index.php\/arquitectura-e-tecnologia-dos-computadores\/\">Arq. e Tecnologia de Computadores<\/a><\/li>\n<\/ul>\n<\/li>\n<\/ul>\n\n\n\n<ul>\n<li>4.\u00ba Semestre\n<ul>\n<li><a href=\"https:\/\/isuppa.com\/biblioteca\/index.php\/analise-matematico-iii\/\">An\u00e1lise Matem\u00e1tico III<\/a><\/li>\n\n\n\n<li><a href=\"https:\/\/isuppa.com\/biblioteca\/index.php\/teoria-de-campo\/\">Teoria de Campo<\/a><\/li>\n\n\n\n<li><a href=\"https:\/\/isuppa.com\/biblioteca\/index.php\/termodinamica\/\">Termodin\u00e2mica<\/a><\/li>\n<\/ul>\n<\/li>\n\n\n\n<li><a href=\"https:\/\/isuppa.com\/biblioteca\/index.php\/programacao-ii-estructura-de-dados-em-c\/\">Programa\u00e7\u00e3o II<\/a><\/li>\n\n\n\n<li><a href=\"https:\/\/isuppa.com\/biblioteca\/index.php\/sistemas-digitais\/\">Sistemas Digitais II<\/a><\/li>\n\n\n\n<li><a href=\"https:\/\/isuppa.com\/biblioteca\/index.php\/circuitos-electricos\/\">Circuitos El\u00e9ctricos<\/a><\/li>\n<\/ul>\n<\/li>\n\n\n\n<li>3.\u00ba Ano\n\n\n\n\n\n\n\n\n\n\n\n\n<ul>\n<li>5.\u00ba Semestre\n<ul>\n<li><a href=\"https:\/\/isuppa.com\/biblioteca\/index.php\/circuitos-probabilisticos\/\">Circuitos Polif\u00e1sicos<\/a><\/li>\n\n\n\n<li><a href=\"https:\/\/isuppa.com\/biblioteca\/index.php\/introducao-a-economia\/\">Introdu\u00e7\u00e3o a Economia<\/a><\/li>\n\n\n\n<li><a href=\"https:\/\/isuppa.com\/biblioteca\/index.php\/calculo-numerico\/\">C\u00e1lculo Num\u00e9rico<\/a><\/li>\n\n\n\n<li><a href=\"https:\/\/isuppa.com\/biblioteca\/index.php\/probabilidade-e-estatistica\/\">Probabilidade e Estat\u00edstica<\/a><\/li>\n\n\n\n<li><a href=\"https:\/\/isuppa.com\/biblioteca\/index.php\/electronica-analogica-i-ii\/\">Electr\u00f3nica Anal\u00f3gica <\/a><\/li>\n\n\n\n<li><a href=\"https:\/\/isuppa.com\/biblioteca\/index.php\/analise-de-sinais-e-sistemas\/\">An\u00e1lise de Sinais e Sistemas<\/a><\/li>\n\n\n\n<li>Microprocessadores e Microcontroladores<\/li>\n\n\n\n<li><a href=\"https:\/\/isuppa.com\/biblioteca\/index.php\/electiva-ii-1-criacao-de-aplicacoes-com-java\/\">Electiva I<\/a><\/li>\n<\/ul>\n<\/li>\n<\/ul>\n\n\n\n<ul>\n<li>6.\u00ba Semestre\n<ul>\n<li><a href=\"https:\/\/isuppa.com\/biblioteca\/index.php\/maquinas-electricas\/\">M\u00e1quinas El\u00e9ctricas<\/a><\/li>\n\n\n\n<li>Sensores e Transdutores<\/li>\n\n\n\n<li>Gest\u00e3o Empresarial<\/li>\n\n\n\n<li>Sistemas de Controlo<\/li>\n\n\n\n<li>Pneum\u00e1tica e Hidr\u00e1ulica<\/li>\n\n\n\n<li><a href=\"https:\/\/isuppa.com\/biblioteca\/index.php\/electronica-analogica-i-ii\/\">Electr\u00f3nica Anal\u00f3gica II<\/a><\/li>\n\n\n\n<li><a href=\"https:\/\/isuppa.com\/biblioteca\/index.php\/electiva-ii-2-sistema-de-apoio-a-tomada-de-decisoes\/\">Electiva II<\/a><\/li>\n<\/ul>\n<\/li>\n<\/ul>\n<\/li>\n\n\n\n<li>4.\u00ba Ano\n\n\n\n\n\n\n\n\n\n\n\n\n<ul>\n<li>7.\u00ba Semestre\n<ul>\n<li><a href=\"https:\/\/isuppa.com\/biblioteca\/index.php\/accionamento\/\">Accionamento<\/a><\/li>\n\n\n\n<li><a href=\"https:\/\/isuppa.com\/biblioteca\/index.php\/electronica-de-potencia\/\">Electr\u00f4nica de Pot\u00eancia<\/a><\/li>\n\n\n\n<li><a href=\"http:\/\/O que \u00e9 controle de processos, como fazer, sistemas e exemplos O que \u00e9 Controle de Processos: Entenda o Conceito\">Sistemas Baseados em Microprocessadores<\/a><\/li>\n\n\n\n<li><a href=\"http:\/\/O que \u00e9 controle de processos, como fazer, sistemas e exemplos O que \u00e9 Controle de Processos: Entenda o Conceito\">Controlo de Processos<\/a><\/li>\n\n\n\n<li><a href=\"https:\/\/isuppa.com\/biblioteca\/index.php\/circuitos-integrados\/\">Circuitos Integrados<\/a><\/li>\n\n\n\n<li><a href=\"https:\/\/isuppa.com\/biblioteca\/index.php\/processamento-digital-de-sinais\/\">Processam. Digital de Sinais<\/a><\/li>\n\n\n\n<li><a href=\"https:\/\/isuppa.com\/biblioteca\/index.php\/electiva-iii-sistemas-distribuidos\/\">Electiva III<\/a><\/li>\n\n\n\n<li><a href=\"https:\/\/isuppa.com\/biblioteca\/index.php\/instalacoes-electricas\/\">Instala\u00e7\u00f5es El\u00e9ctricas<\/a><\/li>\n<\/ul>\n<\/li>\n\n\n\n<li>8.\u00ba Semestre<\/li>\n<\/ul>\n\n\n\n<ul>\n<li>Eletrot\u00e9cnica<\/li>\n\n\n\n<li><a href=\"https:\/\/isuppa.com\/biblioteca\/index.php\/automacao-industrial\/\">Automatiza\u00e7\u00e3o Industrial<\/a><\/li>\n\n\n\n<li><a href=\"Contabilidade: O que \u00e9, Conceito e Objetivos da contabilidade - Contador Agora Contabilidade e Gest\u00e3o | Administradores\">Contabilidade e Gest\u00e3o<\/a><\/li>\n\n\n\n<li><a href=\"https:\/\/isuppa.com\/biblioteca\/index.php\/radio-difusao-e-tele-difusao\/\">Radiodifus\u00e3o e Teledifus\u00e3o<\/a><\/li>\n\n\n\n<li><a href=\"https:\/\/isuppa.com\/biblioteca\/index.php\/electronica-de-radiofrequencia\/\">Electr\u00f3nica de Radiofrequ\u00eancia<\/a><\/li>\n\n\n\n<li><a href=\"http:\/\/Ideias para projetos de engenharia eletr\u00f4nica O que \u00e9 um projeto de engenharia? Veja como elaborar! - Blog do Responde A\u00ed O que \u00e9 projeto de engenharia: Defini\u00e7\u00e3o e Import\u00e2ncia\">Projecto de Engenharia<\/a><\/li>\n\n\n\n<li><a href=\"https:\/\/isuppa.com\/biblioteca\/index.php\/electiva-iv-2-engenharia-web\/\">Electiva IV<\/a><\/li>\n<\/ul>\n<\/li>\n\n\n\n<li>5.\u00ba Ano\n<ul>\n<li><a href=\"https:\/\/isuppa.com\/biblioteca\/index.php\/estagio-supervissionado-i-e-ii\/\">Tecnicas de Reda\u00e7\u00e3o de Monografias<\/a><\/li>\n<\/ul>\n<\/li>\n<\/ul>\n","protected":false},"excerpt":{"rendered":"","protected":false},"author":1,"featured_media":0,"parent":0,"menu_order":0,"comment_status":"closed","ping_status":"closed","template":"","meta":{"footnotes":""},"_links":{"self":[{"href":"https:\/\/isuppa.com\/biblioteca\/index.php\/wp-json\/wp\/v2\/pages\/207"}],"collection":[{"href":"https:\/\/isuppa.com\/biblioteca\/index.php\/wp-json\/wp\/v2\/pages"}],"about":[{"href":"https:\/\/isuppa.com\/biblioteca\/index.php\/wp-json\/wp\/v2\/types\/page"}],"author":[{"embeddable":true,"href":"https:\/\/isuppa.com\/biblioteca\/index.php\/wp-json\/wp\/v2\/users\/1"}],"replies":[{"embeddable":true,"href":"https:\/\/isuppa.com\/biblioteca\/index.php\/wp-json\/wp\/v2\/comments?post=207"}],"version-history":[{"count":57,"href":"https:\/\/isuppa.com\/biblioteca\/index.php\/wp-json\/wp\/v2\/pages\/207\/revisions"}],"predecessor-version":[{"id":2096,"href":"https:\/\/isuppa.com\/biblioteca\/index.php\/wp-json\/wp\/v2\/pages\/207\/revisions\/2096"}],"wp:attachment":[{"href":"https:\/\/isuppa.com\/biblioteca\/index.php\/wp-json\/wp\/v2\/media?parent=207"}],"curies":[{"name":"wp","href":"https:\/\/api.w.org\/{rel}","templated":true}]}}