{"id":2074,"date":"2025-06-24T21:52:04","date_gmt":"2025-06-24T21:52:04","guid":{"rendered":"https:\/\/isuppa.com\/biblioteca\/?page_id=2074"},"modified":"2025-06-24T21:52:05","modified_gmt":"2025-06-24T21:52:05","slug":"circuitos-electricos","status":"publish","type":"page","link":"https:\/\/isuppa.com\/biblioteca\/index.php\/circuitos-electricos\/","title":{"rendered":"Circuitos El\u00e9ctricos"},"content":{"rendered":"\n<p><a href=\"https:\/\/infolibros.org\/pdfview\/nocoes-basicas-de-circuitos-eletricos-lei-de-ohm-e-leis-de-kirchhoff-instituto-superior-de-engenharia-do-porto-370\/\">Nocoes Basicas de Circuitos Eletricos (Lei de Ohm &amp; Leis de Kirchhoff)<\/a><\/p>\n\n\n\n<p><a href=\"http:\/\/wwwprof.uniandes.edu.co\/~ant-sala\/descargas\/LibroFDC.pdf\">Fundamentos de Circuitos (Ant\u00f3nio Jos\u00e9 Salazar G\u00f3mez)<\/a><\/p>\n\n\n\n<p><a href=\"https:\/\/gabriel192blog.wordpress.com\/wp-content\/uploads\/2018\/08\/circuitos-electricos-8a-ed-compressed-compressed.pdf\">Circuitos Electr\u00edcos (Drov &amp; Svoboda)<\/a><\/p>\n","protected":false},"excerpt":{"rendered":"<p>Nocoes Basicas de Circuitos Eletricos (Lei de Ohm &amp; Leis de Kirchhoff) Fundamentos de Circuitos (Ant\u00f3nio Jos\u00e9 Salazar G\u00f3mez) Circuitos Electr\u00edcos (Drov &amp; Svoboda)<\/p>\n","protected":false},"author":1,"featured_media":0,"parent":0,"menu_order":0,"comment_status":"closed","ping_status":"closed","template":"","meta":{"footnotes":""},"_links":{"self":[{"href":"https:\/\/isuppa.com\/biblioteca\/index.php\/wp-json\/wp\/v2\/pages\/2074"}],"collection":[{"href":"https:\/\/isuppa.com\/biblioteca\/index.php\/wp-json\/wp\/v2\/pages"}],"about":[{"href":"https:\/\/isuppa.com\/biblioteca\/index.php\/wp-json\/wp\/v2\/types\/page"}],"author":[{"embeddable":true,"href":"https:\/\/isuppa.com\/biblioteca\/index.php\/wp-json\/wp\/v2\/users\/1"}],"replies":[{"embeddable":true,"href":"https:\/\/isuppa.com\/biblioteca\/index.php\/wp-json\/wp\/v2\/comments?post=2074"}],"version-history":[{"count":1,"href":"https:\/\/isuppa.com\/biblioteca\/index.php\/wp-json\/wp\/v2\/pages\/2074\/revisions"}],"predecessor-version":[{"id":2075,"href":"https:\/\/isuppa.com\/biblioteca\/index.php\/wp-json\/wp\/v2\/pages\/2074\/revisions\/2075"}],"wp:attachment":[{"href":"https:\/\/isuppa.com\/biblioteca\/index.php\/wp-json\/wp\/v2\/media?parent=2074"}],"curies":[{"name":"wp","href":"https:\/\/api.w.org\/{rel}","templated":true}]}}