{"id":2076,"date":"2025-06-24T22:00:43","date_gmt":"2025-06-24T22:00:43","guid":{"rendered":"https:\/\/isuppa.com\/biblioteca\/?page_id=2076"},"modified":"2025-06-24T22:00:43","modified_gmt":"2025-06-24T22:00:43","slug":"sistemas-digitais","status":"publish","type":"page","link":"https:\/\/isuppa.com\/biblioteca\/index.php\/sistemas-digitais\/","title":{"rendered":"Sistemas Digitais"},"content":{"rendered":"\n<p><a href=\"https:\/\/www.inf.ufes.br\/~zegonc\/material\/Introducao_a_Computacao\/Apostila%20Circuitos%20e%20Sistemas%20Digitais.pdf\">Circuitos e Sistemas Digitais<\/a><\/p>\n\n\n\n<p><a href=\"https:\/\/www.di.uminho.pt\/~aje\/publicacoes\/sd1_sebenta_0506.pdf\">Apontamentos Te\u00f3ricos da Disciplina de SISTEMAS DIGITAIS (Ant\u00f3nio Joaquim Esteves &amp; Jo\u00e3o Miguel Fernandes)<\/a><br><\/p>\n\n\n\n<p><a href=\"https:\/\/groups.tecnico.ulisboa.pt\/deec-sd\/exercicios_resolv\/problemasResolvidosPropostos.pdf\">Sistemas digitais: Problemas Resolvidos e Propostos<\/a><\/p>\n\n\n\n<p><a href=\"https:\/\/web.fe.up.pt\/~aja\/SD2004_05\/docs\/livro_JCA.pdf\">Sistemas DIgitais (Jos\u00e9 Carlos Alves)<\/a><\/p>\n\n\n\n<p><a href=\"https:\/\/www.kufunda.net\/publicdocs\/Sistemas%20Digitais%20Princ\u00edpios%20e%20Aplica\u00e7\u00f5es%20(Ronald%20J.%20Tocci,%20Neal%20S.%20Widmer%20etc.).pdf\">Sistemas Digitais: Principios e Aplica\u00e7\u00f5es (RONALD J. TOCCI; NEAL S. WIDMER &amp; GREGORY L. MOSS)<\/a><\/p>\n\n\n\n<p><\/p>\n","protected":false},"excerpt":{"rendered":"<p>Circuitos e Sistemas Digitais Apontamentos Te\u00f3ricos da Disciplina de SISTEMAS DIGITAIS (Ant\u00f3nio Joaquim Esteves &amp; Jo\u00e3o Miguel Fernandes) Sistemas digitais: Problemas Resolvidos e Propostos Sistemas DIgitais (Jos\u00e9 Carlos Alves) Sistemas Digitais: Principios e Aplica\u00e7\u00f5es (RONALD J. TOCCI; NEAL S. WIDMER &amp; GREGORY L. MOSS)<\/p>\n","protected":false},"author":1,"featured_media":0,"parent":0,"menu_order":0,"comment_status":"closed","ping_status":"closed","template":"","meta":{"footnotes":""},"_links":{"self":[{"href":"https:\/\/isuppa.com\/biblioteca\/index.php\/wp-json\/wp\/v2\/pages\/2076"}],"collection":[{"href":"https:\/\/isuppa.com\/biblioteca\/index.php\/wp-json\/wp\/v2\/pages"}],"about":[{"href":"https:\/\/isuppa.com\/biblioteca\/index.php\/wp-json\/wp\/v2\/types\/page"}],"author":[{"embeddable":true,"href":"https:\/\/isuppa.com\/biblioteca\/index.php\/wp-json\/wp\/v2\/users\/1"}],"replies":[{"embeddable":true,"href":"https:\/\/isuppa.com\/biblioteca\/index.php\/wp-json\/wp\/v2\/comments?post=2076"}],"version-history":[{"count":1,"href":"https:\/\/isuppa.com\/biblioteca\/index.php\/wp-json\/wp\/v2\/pages\/2076\/revisions"}],"predecessor-version":[{"id":2078,"href":"https:\/\/isuppa.com\/biblioteca\/index.php\/wp-json\/wp\/v2\/pages\/2076\/revisions\/2078"}],"wp:attachment":[{"href":"https:\/\/isuppa.com\/biblioteca\/index.php\/wp-json\/wp\/v2\/media?parent=2076"}],"curies":[{"name":"wp","href":"https:\/\/api.w.org\/{rel}","templated":true}]}}