{"id":208,"date":"2023-10-28T14:44:38","date_gmt":"2023-10-28T14:44:38","guid":{"rendered":"https:\/\/isuppa.com\/biblioteca\/?page_id=208"},"modified":"2024-12-16T18:20:43","modified_gmt":"2024-12-16T18:20:43","slug":"fundamentos-de-matematica","status":"publish","type":"page","link":"https:\/\/isuppa.com\/biblioteca\/index.php\/fundamentos-de-matematica\/","title":{"rendered":"Fundamentos de Matem\u00e1tica"},"content":{"rendered":"\n<p><a href=\"https:\/\/isuppa.com\/biblioteca\/wp-content\/uploads\/2023\/10\/DCT_EET_FM_0101_Introducao-ao-Calculo.pdf\">DCT_EET_FM_0101_Introdu\u00e7\u00e3o-ao-C\u00e1lculo<\/a><\/p>\n\n\n\n<p><a href=\"http:\/\/books.google.com\">e1_fundamento da matem\u00e1tica<\/a><\/p>\n\n\n\n<p><a href=\"https:\/\/isuppa.com\/biblioteca\/wp-content\/uploads\/2023\/10\/DCT_EET_FM_0101_sabUm-Curso-de-Calculo-Vol.1-5aEd.Guidorizzi-Blog-conhec.pdf\">DCT_EET_FM_0101_Um Curso de C\u00e1lculo<\/a><\/p>\n\n\n\n<p><a href=\"https:\/\/isuppa.com\/biblioteca\/wp-content\/uploads\/2023\/10\/DCT_EET_FM_0101_Mini-Manual-Compacto-de-MatemA\u00a1tica-Ensino-MA\u00a9dio.pdf\">DCT_EET_FM_0101_Manual Compacto de Matem\u00e1tica<\/a><\/p>\n\n\n\n<p><a href=\"https:\/\/isuppa.com\/biblioteca\/wp-content\/uploads\/2023\/10\/DCT_EET_FM_0101_Resolucao-de-Problemas.pdf\">DCT_EET_FM_0101_Resolu\u00e7\u00e3o-de-Problemas<\/a><\/p>\n\n\n\n<p><a href=\"https:\/\/isuppa.com\/biblioteca\/wp-content\/uploads\/2023\/10\/DCT_EET_FM_0101_Fundamentos-de-Matematica-I.pdf\">DCT_EET_FM_0101_Fundamentos-de-Matem\u00e1tica-I<\/a><\/p>\n","protected":false},"excerpt":{"rendered":"<p>DCT_EET_FM_0101_Introdu\u00e7\u00e3o-ao-C\u00e1lculo e1_fundamento da matem\u00e1tica DCT_EET_FM_0101_Um Curso de C\u00e1lculo DCT_EET_FM_0101_Manual Compacto de Matem\u00e1tica DCT_EET_FM_0101_Resolu\u00e7\u00e3o-de-Problemas DCT_EET_FM_0101_Fundamentos-de-Matem\u00e1tica-I<\/p>\n","protected":false},"author":1,"featured_media":0,"parent":0,"menu_order":0,"comment_status":"closed","ping_status":"closed","template":"","meta":{"footnotes":""},"_links":{"self":[{"href":"https:\/\/isuppa.com\/biblioteca\/index.php\/wp-json\/wp\/v2\/pages\/208"}],"collection":[{"href":"https:\/\/isuppa.com\/biblioteca\/index.php\/wp-json\/wp\/v2\/pages"}],"about":[{"href":"https:\/\/isuppa.com\/biblioteca\/index.php\/wp-json\/wp\/v2\/types\/page"}],"author":[{"embeddable":true,"href":"https:\/\/isuppa.com\/biblioteca\/index.php\/wp-json\/wp\/v2\/users\/1"}],"replies":[{"embeddable":true,"href":"https:\/\/isuppa.com\/biblioteca\/index.php\/wp-json\/wp\/v2\/comments?post=208"}],"version-history":[{"count":2,"href":"https:\/\/isuppa.com\/biblioteca\/index.php\/wp-json\/wp\/v2\/pages\/208\/revisions"}],"predecessor-version":[{"id":1212,"href":"https:\/\/isuppa.com\/biblioteca\/index.php\/wp-json\/wp\/v2\/pages\/208\/revisions\/1212"}],"wp:attachment":[{"href":"https:\/\/isuppa.com\/biblioteca\/index.php\/wp-json\/wp\/v2\/media?parent=208"}],"curies":[{"name":"wp","href":"https:\/\/api.w.org\/{rel}","templated":true}]}}