{"id":2081,"date":"2025-06-24T22:10:50","date_gmt":"2025-06-24T22:10:50","guid":{"rendered":"https:\/\/isuppa.com\/biblioteca\/?page_id=2081"},"modified":"2025-06-24T22:10:50","modified_gmt":"2025-06-24T22:10:50","slug":"electronica-analogica-i-ii","status":"publish","type":"page","link":"https:\/\/isuppa.com\/biblioteca\/index.php\/electronica-analogica-i-ii\/","title":{"rendered":"Electronica Analogica I, II"},"content":{"rendered":"\n<p><a href=\"https:\/\/repositorio.ufba.br\/bitstream\/ri\/13988\/1\/_Eletronica.pdf\">Eletr\u00f4nica Digital B\u00e1sica (Jurandyr S. Nogueira)<\/a><\/p>\n\n\n\n<p><a href=\"http:\/\/granada.ifsc.usp.br\/labApoio\/images\/apostilas\/apostilaEletronica2018-v1.pdf\">Conceitos b\u00e1sicos da Eletr\u00f4nica: teoria e pr\u00e1tica (Claudio Jos\u00e9 Magon)<\/a><\/p>\n\n\n\n<p><a href=\"https:\/\/teodianobastoslab.net\/Basica2\/apostila.pdf\">Apostila de Eletr\u00f4nica B\u00e1sica II (Prof. Teodiano Freire Bastos Filho)<\/a><\/p>\n\n\n\n<p><a href=\"https:\/\/crfa.emfa.pt\/paginas\/emafa1673002654_disponibilidade1672927223_aamfes1671536171_802crfa2021\/ficheiros\/Documentos\/Compendios\/Categoria%20B2\/fundamentos_de_electronicav.pdf\">Fundamentos de Electr\u00f3nica (Helena Pinheiro)<\/a><\/p>\n\n\n\n<p><a href=\"https:\/\/www.portaldoeletrodomestico.com.br\/cursos\/eletricidade_eletronica\/fundamentos_eletroeletronica.pdf\">Fundamentos de Electr\u00f3nica (Hamilton)<\/a><\/p>\n\n\n\n<p><a href=\"https:\/\/wiki.ifsc.edu.br\/mediawiki\/images\/4\/4d\/ApostilaPraticaEG.pdf\">Curso Pr\u00e1ctico de Electr\u00f3nica Geral<\/a><\/p>\n","protected":false},"excerpt":{"rendered":"<p>Eletr\u00f4nica Digital B\u00e1sica (Jurandyr S. Nogueira) Conceitos b\u00e1sicos da Eletr\u00f4nica: teoria e pr\u00e1tica (Claudio Jos\u00e9 Magon) Apostila de Eletr\u00f4nica B\u00e1sica II (Prof. Teodiano Freire Bastos Filho) Fundamentos de Electr\u00f3nica (Helena Pinheiro) Fundamentos de Electr\u00f3nica (Hamilton) Curso Pr\u00e1ctico de Electr\u00f3nica Geral<\/p>\n","protected":false},"author":1,"featured_media":0,"parent":0,"menu_order":0,"comment_status":"closed","ping_status":"closed","template":"","meta":{"footnotes":""},"_links":{"self":[{"href":"https:\/\/isuppa.com\/biblioteca\/index.php\/wp-json\/wp\/v2\/pages\/2081"}],"collection":[{"href":"https:\/\/isuppa.com\/biblioteca\/index.php\/wp-json\/wp\/v2\/pages"}],"about":[{"href":"https:\/\/isuppa.com\/biblioteca\/index.php\/wp-json\/wp\/v2\/types\/page"}],"author":[{"embeddable":true,"href":"https:\/\/isuppa.com\/biblioteca\/index.php\/wp-json\/wp\/v2\/users\/1"}],"replies":[{"embeddable":true,"href":"https:\/\/isuppa.com\/biblioteca\/index.php\/wp-json\/wp\/v2\/comments?post=2081"}],"version-history":[{"count":1,"href":"https:\/\/isuppa.com\/biblioteca\/index.php\/wp-json\/wp\/v2\/pages\/2081\/revisions"}],"predecessor-version":[{"id":2082,"href":"https:\/\/isuppa.com\/biblioteca\/index.php\/wp-json\/wp\/v2\/pages\/2081\/revisions\/2082"}],"wp:attachment":[{"href":"https:\/\/isuppa.com\/biblioteca\/index.php\/wp-json\/wp\/v2\/media?parent=2081"}],"curies":[{"name":"wp","href":"https:\/\/api.w.org\/{rel}","templated":true}]}}