{"id":2116,"date":"2025-06-26T07:12:41","date_gmt":"2025-06-26T07:12:41","guid":{"rendered":"https:\/\/isuppa.com\/biblioteca\/?page_id=2116"},"modified":"2025-06-26T07:12:41","modified_gmt":"2025-06-26T07:12:41","slug":"sistema-de-apoio-a-tomada-de-decisao","status":"publish","type":"page","link":"https:\/\/isuppa.com\/biblioteca\/index.php\/sistema-de-apoio-a-tomada-de-decisao\/","title":{"rendered":"Sistema de Apoio \u00e0 tomada de decis\u00e3o"},"content":{"rendered":"\n<p><a href=\"https:\/\/www.novaims.unl.pt\/vlobo\/isegi_SAD\/SAD_1_introducao_2.pdf\">Sistemas de Apoio \u00e0 Decis\u00e3o &#8211; Introdu\u00e7\u00e3o a SAD<\/a><\/p>\n\n\n\n<p><a href=\"https:\/\/cdn.administradores.com.br\/app\/uploads\/2022\/01\/29174430\/academico_2562_190226_173716.pdf\">SISTEMA DE APOIO A DECIS\u00c3O NAS ORGANIZA\u00c7\u00d5ES:<br>TRANSFORMANDO DADOS EM INFORMA\u00c7\u00d5ES<\/a><\/p>\n\n\n\n<p><a href=\"https:\/\/repositorio.grupoautonoma.pt\/server\/api\/core\/bitstreams\/629b5a68-e321-4d20-a783-eac0fa458403\/content\">SISTEMAS DE APOIO \u00c0 DECIS\u00c3O &#8211; uma melhoria crescente em uma empresa do setor el\u00e9trico nacional<\/a><\/p>\n\n\n\n<p><a href=\"https:\/\/www.scielo.br\/j\/osoc\/a\/vcdQVpkSm9HTPgjqX8WsHsN\/?format=pdf\">SISTEMAS DE APOIO \u00c0 DECIS\u00c3O E DESCOBERTADE CONHECIMENTOEM BASES DE DADOS: UMA APLICA\u00c7\u00c3O<br>POTENCIALEM POL\u00cdTICAS P\u00daBLICAS<\/a><\/p>\n","protected":false},"excerpt":{"rendered":"<p>Sistemas de Apoio \u00e0 Decis\u00e3o &#8211; Introdu\u00e7\u00e3o a SAD SISTEMA DE APOIO A DECIS\u00c3O NAS ORGANIZA\u00c7\u00d5ES:TRANSFORMANDO DADOS EM INFORMA\u00c7\u00d5ES SISTEMAS DE APOIO \u00c0 DECIS\u00c3O &#8211; uma melhoria crescente em uma empresa do setor el\u00e9trico nacional SISTEMAS DE APOIO \u00c0 DECIS\u00c3O E DESCOBERTADE CONHECIMENTOEM BASES DE DADOS: UMA APLICA\u00c7\u00c3OPOTENCIALEM POL\u00cdTICAS P\u00daBLICAS<\/p>\n","protected":false},"author":1,"featured_media":0,"parent":0,"menu_order":0,"comment_status":"closed","ping_status":"closed","template":"","meta":{"footnotes":""},"_links":{"self":[{"href":"https:\/\/isuppa.com\/biblioteca\/index.php\/wp-json\/wp\/v2\/pages\/2116"}],"collection":[{"href":"https:\/\/isuppa.com\/biblioteca\/index.php\/wp-json\/wp\/v2\/pages"}],"about":[{"href":"https:\/\/isuppa.com\/biblioteca\/index.php\/wp-json\/wp\/v2\/types\/page"}],"author":[{"embeddable":true,"href":"https:\/\/isuppa.com\/biblioteca\/index.php\/wp-json\/wp\/v2\/users\/1"}],"replies":[{"embeddable":true,"href":"https:\/\/isuppa.com\/biblioteca\/index.php\/wp-json\/wp\/v2\/comments?post=2116"}],"version-history":[{"count":1,"href":"https:\/\/isuppa.com\/biblioteca\/index.php\/wp-json\/wp\/v2\/pages\/2116\/revisions"}],"predecessor-version":[{"id":2117,"href":"https:\/\/isuppa.com\/biblioteca\/index.php\/wp-json\/wp\/v2\/pages\/2116\/revisions\/2117"}],"wp:attachment":[{"href":"https:\/\/isuppa.com\/biblioteca\/index.php\/wp-json\/wp\/v2\/media?parent=2116"}],"curies":[{"name":"wp","href":"https:\/\/api.w.org\/{rel}","templated":true}]}}