{"id":2121,"date":"2025-06-27T15:08:22","date_gmt":"2025-06-27T15:08:22","guid":{"rendered":"https:\/\/isuppa.com\/biblioteca\/?page_id=2121"},"modified":"2025-06-27T15:08:22","modified_gmt":"2025-06-27T15:08:22","slug":"contratos-e-ou-memorandos-de-prestacao-de-servicos","status":"publish","type":"page","link":"https:\/\/isuppa.com\/biblioteca\/index.php\/contratos-e-ou-memorandos-de-prestacao-de-servicos\/","title":{"rendered":"Contratos e ou memorandos de presta\u00e7\u00e3o de servi\u00e7os"},"content":{"rendered":"\n<p><a href=\"https:\/\/isuppa.com\/biblioteca\/wp-content\/uploads\/2025\/06\/8.1_Nomeacoes.pdf\">Nomea\u00e7\u00e3o<\/a><\/p>\n\n\n\n<p><a href=\"https:\/\/isuppa.com\/biblioteca\/wp-content\/uploads\/2025\/06\/8.1.1_Evidencias.pdf\">Evid\u00eancias<\/a><\/p>\n\n\n\n<p><a href=\"https:\/\/isuppa.com\/biblioteca\/wp-content\/uploads\/2025\/05\/8.1.1-evid.pdf\">Evid\u00eancias_01<\/a><\/p>\n\n\n\n<p><a href=\"https:\/\/isuppa.com\/biblioteca\/wp-content\/uploads\/2025\/06\/8.1.1_Projecto.pdf\">Projecto<\/a><\/p>\n","protected":false},"excerpt":{"rendered":"<p>Nomea\u00e7\u00e3o Evid\u00eancias Evid\u00eancias_01 Projecto<\/p>\n","protected":false},"author":1,"featured_media":0,"parent":0,"menu_order":0,"comment_status":"closed","ping_status":"closed","template":"","meta":{"footnotes":""},"_links":{"self":[{"href":"https:\/\/isuppa.com\/biblioteca\/index.php\/wp-json\/wp\/v2\/pages\/2121"}],"collection":[{"href":"https:\/\/isuppa.com\/biblioteca\/index.php\/wp-json\/wp\/v2\/pages"}],"about":[{"href":"https:\/\/isuppa.com\/biblioteca\/index.php\/wp-json\/wp\/v2\/types\/page"}],"author":[{"embeddable":true,"href":"https:\/\/isuppa.com\/biblioteca\/index.php\/wp-json\/wp\/v2\/users\/1"}],"replies":[{"embeddable":true,"href":"https:\/\/isuppa.com\/biblioteca\/index.php\/wp-json\/wp\/v2\/comments?post=2121"}],"version-history":[{"count":1,"href":"https:\/\/isuppa.com\/biblioteca\/index.php\/wp-json\/wp\/v2\/pages\/2121\/revisions"}],"predecessor-version":[{"id":2125,"href":"https:\/\/isuppa.com\/biblioteca\/index.php\/wp-json\/wp\/v2\/pages\/2121\/revisions\/2125"}],"wp:attachment":[{"href":"https:\/\/isuppa.com\/biblioteca\/index.php\/wp-json\/wp\/v2\/media?parent=2121"}],"curies":[{"name":"wp","href":"https:\/\/api.w.org\/{rel}","templated":true}]}}