{"id":213,"date":"2023-10-28T15:10:14","date_gmt":"2023-10-28T15:10:14","guid":{"rendered":"https:\/\/isuppa.com\/biblioteca\/?page_id=213"},"modified":"2023-10-28T15:10:14","modified_gmt":"2023-10-28T15:10:14","slug":"quimica","status":"publish","type":"page","link":"https:\/\/isuppa.com\/biblioteca\/index.php\/quimica\/","title":{"rendered":"Qu\u00edmica"},"content":{"rendered":"\n<p><a href=\"https:\/\/isuppa.com\/biblioteca\/wp-content\/uploads\/2023\/10\/DCT_EET_Q_0101_INTRODUCAO-CLASSICA-A-QUIMICA-GERAL.pdf\">DCT_EET_Q_0101_INTRODU\u00c7\u00c3O CL\u00c1SSICA \u00c0 QU\u00cdMICA GERAL<\/a><\/p>\n\n\n\n<p><a href=\"https:\/\/isuppa.com\/biblioteca\/wp-content\/uploads\/2023\/10\/DCT_EET_Q_0101_Quimica_Teoeria-e-exercicios-propostos.pdf\">DCT_EET_Q_0101_Qu\u00edmica_Teoeria e exerc\u00edcios propostos<\/a><\/p>\n\n\n\n<p><a href=\"https:\/\/isuppa.com\/biblioteca\/wp-content\/uploads\/2023\/10\/DCT_EET_Q_0101_Quimica-Geral-Russel-Vol-2.pdf\">DCT_EET_Q_0101_Quimica Geral &#8211; Russel &#8211; Vol 2<\/a><\/p>\n","protected":false},"excerpt":{"rendered":"<p>DCT_EET_Q_0101_INTRODU\u00c7\u00c3O CL\u00c1SSICA \u00c0 QU\u00cdMICA GERAL DCT_EET_Q_0101_Qu\u00edmica_Teoeria e exerc\u00edcios propostos DCT_EET_Q_0101_Quimica Geral &#8211; Russel &#8211; Vol 2<\/p>\n","protected":false},"author":1,"featured_media":0,"parent":0,"menu_order":0,"comment_status":"closed","ping_status":"closed","template":"","meta":{"footnotes":""},"_links":{"self":[{"href":"https:\/\/isuppa.com\/biblioteca\/index.php\/wp-json\/wp\/v2\/pages\/213"}],"collection":[{"href":"https:\/\/isuppa.com\/biblioteca\/index.php\/wp-json\/wp\/v2\/pages"}],"about":[{"href":"https:\/\/isuppa.com\/biblioteca\/index.php\/wp-json\/wp\/v2\/types\/page"}],"author":[{"embeddable":true,"href":"https:\/\/isuppa.com\/biblioteca\/index.php\/wp-json\/wp\/v2\/users\/1"}],"replies":[{"embeddable":true,"href":"https:\/\/isuppa.com\/biblioteca\/index.php\/wp-json\/wp\/v2\/comments?post=213"}],"version-history":[{"count":1,"href":"https:\/\/isuppa.com\/biblioteca\/index.php\/wp-json\/wp\/v2\/pages\/213\/revisions"}],"predecessor-version":[{"id":217,"href":"https:\/\/isuppa.com\/biblioteca\/index.php\/wp-json\/wp\/v2\/pages\/213\/revisions\/217"}],"wp:attachment":[{"href":"https:\/\/isuppa.com\/biblioteca\/index.php\/wp-json\/wp\/v2\/media?parent=213"}],"curies":[{"name":"wp","href":"https:\/\/api.w.org\/{rel}","templated":true}]}}