{"id":2132,"date":"2025-06-27T15:25:20","date_gmt":"2025-06-27T15:25:20","guid":{"rendered":"https:\/\/isuppa.com\/biblioteca\/?page_id=2132"},"modified":"2025-06-27T15:25:20","modified_gmt":"2025-06-27T15:25:20","slug":"extensao-economia-cc","status":"publish","type":"page","link":"https:\/\/isuppa.com\/biblioteca\/index.php\/extensao-economia-cc\/","title":{"rendered":"Extens\u00e3o (Economia CC)"},"content":{"rendered":"\n<p><a href=\"https:\/\/isuppa.com\/biblioteca\/wp-content\/uploads\/2025\/06\/Potifolio-1.pdf\">Portaf\u00f3lio<\/a><\/p>\n\n\n\n<p><a href=\"https:\/\/isuppa.com\/biblioteca\/wp-content\/uploads\/2025\/06\/8.2_EconomiaCC.pdf\">Coopera\u00e7\u00e3o Econ\u00f3mica<\/a><\/p>\n","protected":false},"excerpt":{"rendered":"<p>Portaf\u00f3lio Coopera\u00e7\u00e3o Econ\u00f3mica<\/p>\n","protected":false},"author":1,"featured_media":0,"parent":0,"menu_order":0,"comment_status":"closed","ping_status":"closed","template":"","meta":{"footnotes":""},"_links":{"self":[{"href":"https:\/\/isuppa.com\/biblioteca\/index.php\/wp-json\/wp\/v2\/pages\/2132"}],"collection":[{"href":"https:\/\/isuppa.com\/biblioteca\/index.php\/wp-json\/wp\/v2\/pages"}],"about":[{"href":"https:\/\/isuppa.com\/biblioteca\/index.php\/wp-json\/wp\/v2\/types\/page"}],"author":[{"embeddable":true,"href":"https:\/\/isuppa.com\/biblioteca\/index.php\/wp-json\/wp\/v2\/users\/1"}],"replies":[{"embeddable":true,"href":"https:\/\/isuppa.com\/biblioteca\/index.php\/wp-json\/wp\/v2\/comments?post=2132"}],"version-history":[{"count":1,"href":"https:\/\/isuppa.com\/biblioteca\/index.php\/wp-json\/wp\/v2\/pages\/2132\/revisions"}],"predecessor-version":[{"id":2135,"href":"https:\/\/isuppa.com\/biblioteca\/index.php\/wp-json\/wp\/v2\/pages\/2132\/revisions\/2135"}],"wp:attachment":[{"href":"https:\/\/isuppa.com\/biblioteca\/index.php\/wp-json\/wp\/v2\/media?parent=2132"}],"curies":[{"name":"wp","href":"https:\/\/api.w.org\/{rel}","templated":true}]}}