{"id":2137,"date":"2025-06-27T16:12:47","date_gmt":"2025-06-27T16:12:47","guid":{"rendered":"https:\/\/isuppa.com\/biblioteca\/?page_id=2137"},"modified":"2025-09-30T11:40:47","modified_gmt":"2025-09-30T11:40:47","slug":"exrensao-social","status":"publish","type":"page","link":"https:\/\/isuppa.com\/biblioteca\/index.php\/exrensao-social\/","title":{"rendered":"Extens\u00e3o (Social)"},"content":{"rendered":"\n<p><a href=\"https:\/\/isuppa.com\/biblioteca\/wp-content\/uploads\/2025\/06\/8.1_Protoloco_AdministracaoMunicipalPA.pdf\">Protocolo Administra\u00e7\u00e3o Municipal de Porto Amboim<\/a><\/p>\n\n\n\n<p><a href=\"https:\/\/isuppa.com\/biblioteca\/wp-content\/uploads\/2025\/06\/8.1_Protoloco_fas.pdf\">Protocolo FAS<\/a><\/p>\n\n\n\n<p><a href=\"https:\/\/isuppa.com\/biblioteca\/wp-content\/uploads\/2025\/06\/8.1_Protoloco_SaudeMunicipalPA.pdf\">Protocolo Direc\u00e7\u00e3o Municipal de Sa\u00fade<\/a><\/p>\n\n\n\n<p><a href=\"https:\/\/isuppa.com\/biblioteca\/index.php\/extensao-sociedade\/\">Interc\u00e2mbio com a Sociedade<\/a><\/p>\n\n\n\n<p><a href=\"https:\/\/isuppa.com\/biblioteca\/wp-content\/uploads\/2025\/06\/Imagem.tif\">Plano de Ac\u00e7\u00f5es<\/a><\/p>\n\n\n\n<p><a href=\"https:\/\/isuppa.com\/biblioteca\/wp-content\/uploads\/2025\/06\/8.1_Protoloco_fas.pdf\">Evid\u00eancias<\/a><\/p>\n","protected":false},"excerpt":{"rendered":"<p>Protocolo Administra\u00e7\u00e3o Municipal de Porto Amboim Protocolo FAS Protocolo Direc\u00e7\u00e3o Municipal de Sa\u00fade Interc\u00e2mbio com a Sociedade Plano de Ac\u00e7\u00f5es Evid\u00eancias<\/p>\n","protected":false},"author":1,"featured_media":0,"parent":0,"menu_order":0,"comment_status":"closed","ping_status":"closed","template":"","meta":{"footnotes":""},"_links":{"self":[{"href":"https:\/\/isuppa.com\/biblioteca\/index.php\/wp-json\/wp\/v2\/pages\/2137"}],"collection":[{"href":"https:\/\/isuppa.com\/biblioteca\/index.php\/wp-json\/wp\/v2\/pages"}],"about":[{"href":"https:\/\/isuppa.com\/biblioteca\/index.php\/wp-json\/wp\/v2\/types\/page"}],"author":[{"embeddable":true,"href":"https:\/\/isuppa.com\/biblioteca\/index.php\/wp-json\/wp\/v2\/users\/1"}],"replies":[{"embeddable":true,"href":"https:\/\/isuppa.com\/biblioteca\/index.php\/wp-json\/wp\/v2\/comments?post=2137"}],"version-history":[{"count":2,"href":"https:\/\/isuppa.com\/biblioteca\/index.php\/wp-json\/wp\/v2\/pages\/2137\/revisions"}],"predecessor-version":[{"id":2897,"href":"https:\/\/isuppa.com\/biblioteca\/index.php\/wp-json\/wp\/v2\/pages\/2137\/revisions\/2897"}],"wp:attachment":[{"href":"https:\/\/isuppa.com\/biblioteca\/index.php\/wp-json\/wp\/v2\/media?parent=2137"}],"curies":[{"name":"wp","href":"https:\/\/api.w.org\/{rel}","templated":true}]}}