{"id":2173,"date":"2025-07-02T06:17:46","date_gmt":"2025-07-02T06:17:46","guid":{"rendered":"https:\/\/isuppa.com\/biblioteca\/?page_id=2173"},"modified":"2025-07-02T06:17:46","modified_gmt":"2025-07-02T06:17:46","slug":"investigadores","status":"publish","type":"page","link":"https:\/\/isuppa.com\/biblioteca\/index.php\/investigadores\/","title":{"rendered":"Investigadores"},"content":{"rendered":"\n<p><a href=\"https:\/\/orcid.org\/0000-0001-7548-5231\">Barata, Filomena<\/a><\/p>\n\n\n\n<p><a href=\"https:\/\/orcid.org\/0000-0003-2451-6709\">Gamboa Moreira, Alexei <\/a><\/p>\n\n\n\n<p><a href=\"https:\/\/orcid.org\/0000-0001-6325-0945\">Naithe P\u00e9rez, Dalvis <\/a><\/p>\n\n\n\n<p><a href=\"https:\/\/orcid.org\/0009-0001-2742-3017\">Moreno Quiteiro, Ant\u00f3nio Manuel<\/a><\/p>\n\n\n\n<p><a href=\"https:\/\/orcid.org\/0000-0003-0271-3808\">Herrera Guerra, Alexis<\/a><\/p>\n\n\n\n<p><a href=\"https:\/\/orcid.org\/0000-0002-6986-2448\">Hidalgo Herrera, Rosell Ram\u00f3n<\/a><\/p>\n\n\n\n<p><\/p>\n","protected":false},"excerpt":{"rendered":"<p>Barata, Filomena Gamboa Moreira, Alexei Naithe P\u00e9rez, Dalvis Moreno Quiteiro, Ant\u00f3nio Manuel Herrera Guerra, Alexis Hidalgo Herrera, Rosell Ram\u00f3n<\/p>\n","protected":false},"author":1,"featured_media":0,"parent":0,"menu_order":0,"comment_status":"closed","ping_status":"closed","template":"","meta":{"footnotes":""},"_links":{"self":[{"href":"https:\/\/isuppa.com\/biblioteca\/index.php\/wp-json\/wp\/v2\/pages\/2173"}],"collection":[{"href":"https:\/\/isuppa.com\/biblioteca\/index.php\/wp-json\/wp\/v2\/pages"}],"about":[{"href":"https:\/\/isuppa.com\/biblioteca\/index.php\/wp-json\/wp\/v2\/types\/page"}],"author":[{"embeddable":true,"href":"https:\/\/isuppa.com\/biblioteca\/index.php\/wp-json\/wp\/v2\/users\/1"}],"replies":[{"embeddable":true,"href":"https:\/\/isuppa.com\/biblioteca\/index.php\/wp-json\/wp\/v2\/comments?post=2173"}],"version-history":[{"count":1,"href":"https:\/\/isuppa.com\/biblioteca\/index.php\/wp-json\/wp\/v2\/pages\/2173\/revisions"}],"predecessor-version":[{"id":2177,"href":"https:\/\/isuppa.com\/biblioteca\/index.php\/wp-json\/wp\/v2\/pages\/2173\/revisions\/2177"}],"wp:attachment":[{"href":"https:\/\/isuppa.com\/biblioteca\/index.php\/wp-json\/wp\/v2\/media?parent=2173"}],"curies":[{"name":"wp","href":"https:\/\/api.w.org\/{rel}","templated":true}]}}