{"id":219,"date":"2023-10-28T15:16:24","date_gmt":"2023-10-28T15:16:24","guid":{"rendered":"https:\/\/isuppa.com\/biblioteca\/?page_id=219"},"modified":"2023-10-28T15:16:25","modified_gmt":"2023-10-28T15:16:25","slug":"lingua-portuguesa","status":"publish","type":"page","link":"https:\/\/isuppa.com\/biblioteca\/index.php\/lingua-portuguesa\/","title":{"rendered":"L\u00edngua portuguesa"},"content":{"rendered":"\n<p><a href=\"https:\/\/isuppa.com\/biblioteca\/wp-content\/uploads\/2023\/10\/DCT_EET_LP_0101_Gramatica-L.P.pdf\">DCT_EET_LP_0101_Grama\u0301tica L.P<\/a><\/p>\n\n\n\n<p><a href=\"https:\/\/isuppa.com\/biblioteca\/wp-content\/uploads\/2023\/10\/DCT_EET_LP_0101_Moderna-Gramatica-Portuguesa-Evanildo-Bechara.pdf\">DCT_EET_LP_0101_Moderna Gram\u00e1tica Portuguesa<\/a><\/p>\n\n\n\n<p><a href=\"https:\/\/isuppa.com\/biblioteca\/wp-content\/uploads\/2023\/10\/DCT_EET_LP_0101_Exprimindo-se-em-Portugues-Manual-de-Portugues-I-e-E.E.O.-I.pdf\">DCT_EET_LP_0101_Manual de Portugu\u00eas<\/a><\/p>\n\n\n\n<p><a href=\"https:\/\/isuppa.com\/biblioteca\/wp-content\/uploads\/2023\/10\/DCT_EET_LP_0101_Acentuacao-grafica.pdf\">DCT_EET_LP_0101_Acentua\u00e7\u00e3o gr\u00e1fica<\/a><\/p>\n","protected":false},"excerpt":{"rendered":"<p>DCT_EET_LP_0101_Grama\u0301tica L.P DCT_EET_LP_0101_Moderna Gram\u00e1tica Portuguesa DCT_EET_LP_0101_Manual de Portugu\u00eas DCT_EET_LP_0101_Acentua\u00e7\u00e3o gr\u00e1fica<\/p>\n","protected":false},"author":1,"featured_media":0,"parent":0,"menu_order":0,"comment_status":"closed","ping_status":"closed","template":"","meta":{"footnotes":""},"_links":{"self":[{"href":"https:\/\/isuppa.com\/biblioteca\/index.php\/wp-json\/wp\/v2\/pages\/219"}],"collection":[{"href":"https:\/\/isuppa.com\/biblioteca\/index.php\/wp-json\/wp\/v2\/pages"}],"about":[{"href":"https:\/\/isuppa.com\/biblioteca\/index.php\/wp-json\/wp\/v2\/types\/page"}],"author":[{"embeddable":true,"href":"https:\/\/isuppa.com\/biblioteca\/index.php\/wp-json\/wp\/v2\/users\/1"}],"replies":[{"embeddable":true,"href":"https:\/\/isuppa.com\/biblioteca\/index.php\/wp-json\/wp\/v2\/comments?post=219"}],"version-history":[{"count":1,"href":"https:\/\/isuppa.com\/biblioteca\/index.php\/wp-json\/wp\/v2\/pages\/219\/revisions"}],"predecessor-version":[{"id":224,"href":"https:\/\/isuppa.com\/biblioteca\/index.php\/wp-json\/wp\/v2\/pages\/219\/revisions\/224"}],"wp:attachment":[{"href":"https:\/\/isuppa.com\/biblioteca\/index.php\/wp-json\/wp\/v2\/media?parent=219"}],"curies":[{"name":"wp","href":"https:\/\/api.w.org\/{rel}","templated":true}]}}