{"id":228,"date":"2023-10-28T15:22:26","date_gmt":"2023-10-28T15:22:26","guid":{"rendered":"https:\/\/isuppa.com\/biblioteca\/?page_id=228"},"modified":"2024-10-24T20:16:50","modified_gmt":"2024-10-24T20:16:50","slug":"informatica-na-optica-de-utilizador","status":"publish","type":"page","link":"https:\/\/isuppa.com\/biblioteca\/index.php\/informatica-na-optica-de-utilizador\/","title":{"rendered":"Inform\u00e1tica na \u00d3ptica de Utilizador"},"content":{"rendered":"\n<p><a href=\"https:\/\/isuppa.com\/biblioteca\/wp-content\/uploads\/2023\/10\/DCT_EET_INOU_0101_Introduccion-a-la-Informatica-PDFDrive-.pdf\">DCT_EET_INOU_0101_Introduccion \u00e0 Inform\u00e1tica<\/a><\/p>\n\n\n\n<p><a href=\"https:\/\/isuppa.com\/biblioteca\/wp-content\/uploads\/2023\/10\/DCT_EET_INOU_0101_Informatica-forense-PDFDrive-.pdf\">DCT_EET_INOU_0101_Inform\u00e1tica Forense<\/a><\/p>\n\n\n\n<p><a href=\"https:\/\/isuppa.com\/biblioteca\/wp-content\/uploads\/2023\/10\/DCT_EET_INOU_0101_Introducao-a-EaD-e-Informatica-Basica-PDFDrive-.pdf\">DCT_EET_INOU_0101_Introdu\u00e7\u00e3o a EaD e Inform\u00e1tica B\u00e1sica<\/a><\/p>\n\n\n\n<p><a href=\"https:\/\/isuppa.com\/biblioteca\/wp-content\/uploads\/2023\/10\/Dicionario-de-Informatica-e-Internet-Ingles-Portugues.pdf\">Dicion\u00e1rio de Inform\u00e1tica e Internet Ingl\u00eas &#8211; Portugu\u00eas<\/a><\/p>\n","protected":false},"excerpt":{"rendered":"<p>DCT_EET_INOU_0101_Introduccion \u00e0 Inform\u00e1tica DCT_EET_INOU_0101_Inform\u00e1tica Forense DCT_EET_INOU_0101_Introdu\u00e7\u00e3o a EaD e Inform\u00e1tica B\u00e1sica Dicion\u00e1rio de Inform\u00e1tica e Internet Ingl\u00eas &#8211; Portugu\u00eas<\/p>\n","protected":false},"author":1,"featured_media":0,"parent":0,"menu_order":0,"comment_status":"closed","ping_status":"closed","template":"","meta":{"footnotes":""},"_links":{"self":[{"href":"https:\/\/isuppa.com\/biblioteca\/index.php\/wp-json\/wp\/v2\/pages\/228"}],"collection":[{"href":"https:\/\/isuppa.com\/biblioteca\/index.php\/wp-json\/wp\/v2\/pages"}],"about":[{"href":"https:\/\/isuppa.com\/biblioteca\/index.php\/wp-json\/wp\/v2\/types\/page"}],"author":[{"embeddable":true,"href":"https:\/\/isuppa.com\/biblioteca\/index.php\/wp-json\/wp\/v2\/users\/1"}],"replies":[{"embeddable":true,"href":"https:\/\/isuppa.com\/biblioteca\/index.php\/wp-json\/wp\/v2\/comments?post=228"}],"version-history":[{"count":2,"href":"https:\/\/isuppa.com\/biblioteca\/index.php\/wp-json\/wp\/v2\/pages\/228\/revisions"}],"predecessor-version":[{"id":438,"href":"https:\/\/isuppa.com\/biblioteca\/index.php\/wp-json\/wp\/v2\/pages\/228\/revisions\/438"}],"wp:attachment":[{"href":"https:\/\/isuppa.com\/biblioteca\/index.php\/wp-json\/wp\/v2\/media?parent=228"}],"curies":[{"name":"wp","href":"https:\/\/api.w.org\/{rel}","templated":true}]}}