{"id":2333,"date":"2025-07-17T00:27:44","date_gmt":"2025-07-17T00:27:44","guid":{"rendered":"https:\/\/isuppa.com\/biblioteca\/?page_id=2333"},"modified":"2025-07-17T13:43:57","modified_gmt":"2025-07-17T13:43:57","slug":"professores","status":"publish","type":"page","link":"https:\/\/isuppa.com\/biblioteca\/index.php\/professores\/","title":{"rendered":"Professores"},"content":{"rendered":"\n<p><a href=\"https:\/\/isuppa.com\/biblioteca\/wp-content\/uploads\/2025\/07\/Agatangelo.pdf\">AGATANGELO DOS SANTOS<\/a><\/p>\n\n\n\n<p><a href=\"https:\/\/isuppa.com\/biblioteca\/wp-content\/uploads\/2025\/07\/Doc.-Espelho.zip\">ALBINO ESPELHO<\/a><\/p>\n\n\n\n<p><a href=\"https:\/\/isuppa.com\/biblioteca\/wp-content\/uploads\/2025\/07\/Alexei-Gamboa.pdf\">ALEXEI GAMBOA<\/a><\/p>\n\n\n\n<p><a href=\"https:\/\/isuppa.com\/biblioteca\/wp-content\/uploads\/2025\/07\/ALEXIS_HERRERA.pdf\">ALEXIS HERREIRA<\/a><\/p>\n\n\n\n<p><a href=\"https:\/\/isuppa.com\/biblioteca\/wp-content\/uploads\/2025\/07\/ANGELICO-CAMILO.pdf\">ANG\u00c9LICO CAMILO<\/a><\/p>\n\n\n\n<p><a href=\"https:\/\/isuppa.com\/biblioteca\/wp-content\/uploads\/2025\/07\/ANTONIO-GASPAR.pdf\">ANT\u00d3NIO GASPAR<\/a><\/p>\n\n\n\n<p><a href=\"https:\/\/isuppa.com\/biblioteca\/wp-content\/uploads\/2025\/07\/ARNALDO-CONTRATO.pdf\">ARNALDO SANDELE (CONT)<\/a><\/p>\n\n\n\n<p><a href=\"https:\/\/isuppa.com\/biblioteca\/wp-content\/uploads\/2025\/07\/ARNALDO-DOCUMENTOS.pdf\">ARNALDO SANDELE (DOC)<\/a><\/p>\n\n\n\n<p><a href=\"https:\/\/isuppa.com\/biblioteca\/wp-content\/uploads\/2025\/07\/Doc.-Gildo-Paulo.pdf\">GILDO PAULO<\/a><\/p>\n\n\n\n<p><a href=\"https:\/\/isuppa.com\/biblioteca\/wp-content\/uploads\/2025\/07\/BUANDO-CONT.pdf\">HEMENEGILDO BUANDO (CONT)<\/a><\/p>\n\n\n\n<p><a href=\"https:\/\/isuppa.com\/biblioteca\/wp-content\/uploads\/2025\/07\/BUANDO-DOC.pdf\">HEMENEGILDO BUNADO (DOC)<\/a><\/p>\n\n\n\n<p><a href=\"https:\/\/isuppa.com\/biblioteca\/wp-content\/uploads\/2025\/07\/JOAQUIM-CONSTANTINO.pdf\">JOAQUIM CONSTANTINO<\/a><\/p>\n\n\n\n<p><a href=\"https:\/\/isuppa.com\/biblioteca\/wp-content\/uploads\/2025\/07\/Cont.-Fadio.pdf\">F\u00c1DIO SARAIVA (CONT)<\/a><\/p>\n\n\n\n<p><a href=\"https:\/\/isuppa.com\/biblioteca\/wp-content\/uploads\/2025\/07\/fADIOdOC.pdf\">F\u00c1DIO SARAIVA (DOC)<\/a><\/p>\n\n\n\n<p><a href=\"https:\/\/isuppa.com\/biblioteca\/wp-content\/uploads\/2025\/07\/Cont.-Joaquim-Guia.pdf\">JOAQUIM GUIA (CON<\/a>T)<\/p>\n\n\n\n<p><a href=\"https:\/\/isuppa.com\/biblioteca\/wp-content\/uploads\/2025\/07\/jAQUIM-gUIA-dOC.pdf\">JOAQUIM GUIA (DOC)<\/a><\/p>\n\n\n\n<p><a href=\"https:\/\/isuppa.com\/biblioteca\/wp-content\/uploads\/2025\/07\/LETICIA.pdf\">LETICIA HERRERA<\/a><\/p>\n\n\n\n<p><a href=\"https:\/\/isuppa.com\/biblioteca\/wp-content\/uploads\/2025\/07\/MARIA-DEL-CARMEN.pdf\">MARIA DEL CARMEN<\/a><\/p>\n\n\n\n<p><a href=\"https:\/\/isuppa.com\/biblioteca\/wp-content\/uploads\/2025\/07\/PEDRO-JOAO.pdf\">PEDRO JO\u00c3O<\/a><\/p>\n\n\n\n<p><a href=\"https:\/\/isuppa.com\/biblioteca\/wp-content\/uploads\/2025\/07\/REY-KIMBUA.pdf\">REI KIMBUA<\/a><\/p>\n\n\n\n<p><a href=\"https:\/\/isuppa.com\/biblioteca\/wp-content\/uploads\/2025\/07\/ROSELL-HIDALGO.-CONTdocx.pdf\">ROSELL HERRERA<\/a><\/p>\n\n\n\n<p><a href=\"https:\/\/isuppa.com\/biblioteca\/wp-content\/uploads\/2025\/07\/Doc.-Pedro-Campos.pdf\">PEDRO CAMPOS<\/a><\/p>\n\n\n\n<p><a href=\"https:\/\/isuppa.com\/biblioteca\/wp-content\/uploads\/2025\/07\/YUDELKIS-RAMIREZ.pdf\">YUDELKIS RAMIREZ<\/a><\/p>\n\n\n\n<p><\/p>\n","protected":false},"excerpt":{"rendered":"<p>AGATANGELO DOS SANTOS ALBINO ESPELHO ALEXEI GAMBOA ALEXIS HERREIRA ANG\u00c9LICO CAMILO ANT\u00d3NIO GASPAR ARNALDO SANDELE (CONT) ARNALDO SANDELE (DOC) GILDO PAULO HEMENEGILDO BUANDO (CONT) HEMENEGILDO BUNADO (DOC) JOAQUIM CONSTANTINO F\u00c1DIO SARAIVA (CONT) F\u00c1DIO SARAIVA (DOC) JOAQUIM GUIA (CONT) JOAQUIM GUIA (DOC) LETICIA HERRERA MARIA DEL CARMEN PEDRO JO\u00c3O REI KIMBUA ROSELL HERRERA PEDRO CAMPOS YUDELKIS&hellip; <a class=\"more-link\" href=\"https:\/\/isuppa.com\/biblioteca\/index.php\/professores\/\">Continue reading <span class=\"screen-reader-text\">Professores<\/span><\/a><\/p>\n","protected":false},"author":1,"featured_media":0,"parent":0,"menu_order":0,"comment_status":"closed","ping_status":"closed","template":"","meta":{"footnotes":""},"_links":{"self":[{"href":"https:\/\/isuppa.com\/biblioteca\/index.php\/wp-json\/wp\/v2\/pages\/2333"}],"collection":[{"href":"https:\/\/isuppa.com\/biblioteca\/index.php\/wp-json\/wp\/v2\/pages"}],"about":[{"href":"https:\/\/isuppa.com\/biblioteca\/index.php\/wp-json\/wp\/v2\/types\/page"}],"author":[{"embeddable":true,"href":"https:\/\/isuppa.com\/biblioteca\/index.php\/wp-json\/wp\/v2\/users\/1"}],"replies":[{"embeddable":true,"href":"https:\/\/isuppa.com\/biblioteca\/index.php\/wp-json\/wp\/v2\/comments?post=2333"}],"version-history":[{"count":3,"href":"https:\/\/isuppa.com\/biblioteca\/index.php\/wp-json\/wp\/v2\/pages\/2333\/revisions"}],"predecessor-version":[{"id":2616,"href":"https:\/\/isuppa.com\/biblioteca\/index.php\/wp-json\/wp\/v2\/pages\/2333\/revisions\/2616"}],"wp:attachment":[{"href":"https:\/\/isuppa.com\/biblioteca\/index.php\/wp-json\/wp\/v2\/media?parent=2333"}],"curies":[{"name":"wp","href":"https:\/\/api.w.org\/{rel}","templated":true}]}}