{"id":2769,"date":"2025-09-24T12:20:19","date_gmt":"2025-09-24T12:20:19","guid":{"rendered":"https:\/\/isuppa.com\/biblioteca\/?page_id=2769"},"modified":"2025-10-28T21:29:59","modified_gmt":"2025-10-28T21:29:59","slug":"1-o-ano-direito","status":"publish","type":"page","link":"https:\/\/isuppa.com\/biblioteca\/index.php\/1-o-ano-direito\/","title":{"rendered":"1.\u00ba ano Direito"},"content":{"rendered":"\n<p><a href=\"https:\/\/isuppa.com\/biblioteca\/index.php\/direto-romano\/\">Direito Romano<\/a>.<\/p>\n\n\n\n<p><a href=\"https:\/\/www.fd.unl.pt\/Anexos\/Investigacao\/7348.pdf\">Manual historico de direito romano<\/a><\/p>\n\n\n\n<p><a href=\"https:\/\/www2.senado.leg.br\/bdsf\/bitstream\/handle\/id\/573543\/000856362_Historia_interna_direito_romano.pdf\">Hist\u00f3ria interna do Direito Romano<\/a><\/p>\n\n\n\n<p><a href=\"https:\/\/www.iesp.edu.br\/sistema\/uploads\/arquivos\/publicacoes\/manual-de-introducao-ao-estudo-do-direito.pdf\">Manual de Introdu\u00e7\u00e3o ao Direito<\/a><\/p>\n\n\n\n<p><a href=\"https:\/\/blog.mackenzie.br\/vestibular\/conheca-as-principais-fontes-do-direito-e-suas-classificacoes\/\">Direito e suas classifica\u00e7\u00f5es<\/a><\/p>\n\n\n\n<p><a href=\"https:\/\/pt.wikipedia.org\/wiki\/Teoria_geral_do_direito\">Teoria geral do direito<\/a><\/p>\n\n\n\n<p><a href=\"https:\/\/www.marcialpons.es\/media\/pdf\/9788566722062.pdf\">Constitui\u00e7\u00e3o Pol\u00edtica na Democracia<\/a><\/p>\n\n\n\n<p><a href=\"https:\/\/en.wikipedia.org\/wiki\/Political_science\">Political science<\/a><\/p>\n\n\n\n<p><a href=\"https:\/\/isuppa.com\/biblioteca\/wp-content\/uploads\/2025\/10\/105-268-1-PB.pdf\">O CONSTITUCIONALISMO MODERNO E A NOVA PERSPECTIVA DOS DIREITOS FUNDAMENTAIS<\/a><\/p>\n\n\n\n<p><a href=\"http:\/\/www.publicadireito.com.br\/artigos\/?cod=99407a87a33e7951\">FILOSOFIA DO DIREITO<\/a><\/p>\n\n\n\n<p><a href=\"https:\/\/www2.faccat.br\/portal\/sites\/default\/files\/JUSNATURALISMO.pdf\">Jusnaturalismo e Juspositivismo<\/a><\/p>\n\n\n\n<p><a href=\"https:\/\/repositorio.ufba.br\/bitstream\/ri\/39999\/2\/VOLUME%20II%20-%20TESE%20-%20S%C3%8DLVIO%20WESLEY%20REZENDE%20BERNAL%20vers%C3%A3o%20final.pdf\">APRENDA LATIM DIREITO<\/a><\/p>\n\n\n\n<p><a href=\"https:\/\/www.cliqueapostilas.com\/Content\/apostilas\/2e23a548e57d799b1eb8633e7eb0bac7.pdf\">Pequeno Dicion\u00e1rio Jur\u00eddico de Express\u00f5es Latinas &#8220;A&#8221;<\/a><\/p>\n\n\n\n<p><a href=\"https:\/\/pt.scribd.com\/document\/715809440\/Apostila-Comunicacao-e-Expressao-1\">Comunica\u00e7\u00e3o e Express\u00e3o<\/a><\/p>\n\n\n\n<p><a href=\"https:\/\/isuppa.com\/biblioteca\/wp-content\/uploads\/2025\/10\/admin101.7393.pdf\">T\u00c9CNICAS DE ARGUMENTA\u00c7\u00c3O JUR\u00cdDICA NO ESTADO DEMOCR\u00c1TICO DE DIREITO<\/a><\/p>\n\n\n\n<p><\/p>\n\n\n\n<p><br><\/p>\n\n\n\n<p><br><\/p>\n","protected":false},"excerpt":{"rendered":"<p>Direito Romano. Manual historico de direito romano Hist\u00f3ria interna do Direito Romano Manual de Introdu\u00e7\u00e3o ao Direito Direito e suas classifica\u00e7\u00f5es Teoria geral do direito Constitui\u00e7\u00e3o Pol\u00edtica na Democracia Political science O CONSTITUCIONALISMO MODERNO E A NOVA PERSPECTIVA DOS DIREITOS FUNDAMENTAIS FILOSOFIA DO DIREITO Jusnaturalismo e Juspositivismo APRENDA LATIM DIREITO Pequeno Dicion\u00e1rio Jur\u00eddico de Express\u00f5es&hellip; <a class=\"more-link\" href=\"https:\/\/isuppa.com\/biblioteca\/index.php\/1-o-ano-direito\/\">Continue reading <span class=\"screen-reader-text\">1.\u00ba ano Direito<\/span><\/a><\/p>\n","protected":false},"author":1,"featured_media":0,"parent":0,"menu_order":0,"comment_status":"closed","ping_status":"closed","template":"","meta":{"footnotes":""},"_links":{"self":[{"href":"https:\/\/isuppa.com\/biblioteca\/index.php\/wp-json\/wp\/v2\/pages\/2769"}],"collection":[{"href":"https:\/\/isuppa.com\/biblioteca\/index.php\/wp-json\/wp\/v2\/pages"}],"about":[{"href":"https:\/\/isuppa.com\/biblioteca\/index.php\/wp-json\/wp\/v2\/types\/page"}],"author":[{"embeddable":true,"href":"https:\/\/isuppa.com\/biblioteca\/index.php\/wp-json\/wp\/v2\/users\/1"}],"replies":[{"embeddable":true,"href":"https:\/\/isuppa.com\/biblioteca\/index.php\/wp-json\/wp\/v2\/comments?post=2769"}],"version-history":[{"count":3,"href":"https:\/\/isuppa.com\/biblioteca\/index.php\/wp-json\/wp\/v2\/pages\/2769\/revisions"}],"predecessor-version":[{"id":3956,"href":"https:\/\/isuppa.com\/biblioteca\/index.php\/wp-json\/wp\/v2\/pages\/2769\/revisions\/3956"}],"wp:attachment":[{"href":"https:\/\/isuppa.com\/biblioteca\/index.php\/wp-json\/wp\/v2\/media?parent=2769"}],"curies":[{"name":"wp","href":"https:\/\/api.w.org\/{rel}","templated":true}]}}