{"id":3957,"date":"2025-10-28T21:38:48","date_gmt":"2025-10-28T21:38:48","guid":{"rendered":"https:\/\/isuppa.com\/biblioteca\/?page_id=3957"},"modified":"2025-10-28T21:38:49","modified_gmt":"2025-10-28T21:38:49","slug":"2-o-ano-de-direito","status":"publish","type":"page","link":"https:\/\/isuppa.com\/biblioteca\/index.php\/2-o-ano-de-direito\/","title":{"rendered":"2.\u00ba Ano de Direito"},"content":{"rendered":"\n<p><a href=\"https:\/\/www.kufunda.net\/publicdocs\/soltas%20inter%20paulo.pdf\">Fontes do direito internacional P\u00fablico<\/a><\/p>\n\n\n\n<p><a href=\"https:\/\/www.inesul.edu.br\/professor\/arquivos_alunos\/doc_1558818854.pdf\">INTRODU\u00c7\u00c3O AO DIREITO INTERNACIONAL P\u00daBLICO\u00a0<\/a><\/p>\n\n\n\n<p><a href=\"https:\/\/julgar.pt\/wp-content\/uploads\/2015\/11\/073-095-Regula%C3%A7%C3%A3o-concorr%C3%AAncia-allt-that-jazz.pdf\">AS SEMELHAN\u00c7AS E AS DIFEREN\u00c7AS: REGULA\u00c7\u00c3O, CONCORR\u00caNCIA E ALL THAT JAZZ<\/a><\/p>\n\n\n\n<p><a href=\"https:\/\/revistatopicos.com.br\/artigos\/politicas-monetarias-uma-observacao-cientifica-das-estrategias-impactos-e-desafios-em-angola\">POL\u00cdTICAS MONET\u00c1RIAS<\/a><\/p>\n\n\n\n<p><a href=\"https:\/\/www.cfp.pt\/uploads\/publicacoes_ficheiros\/cfp-rel-11-2023.pdf\">RISCOS OR\u00c7AMENTAIS E SUSTENTABILIDADE DAS FINAN\u00c7AS P\u00daBLICAS<\/a><\/p>\n\n\n\n<p><a href=\"http:\/\/www.publicadireito.com.br\/artigos\/?cod=0bd81786a8ec6ae9\">A EVOLU\u00c7\u00c3O JURISPRUDENCIAL DAS LIBERDADES FUNDAMENTAIS PELO TRIBUNAL DE JUSTICIA<\/a><\/p>\n\n\n\n<p><a href=\"https:\/\/www.kufunda.net\/publicdocs\/Teoria%20Ger.%20dto%20Civil.pdf\">Teoria Geral do Direito Civil<\/a><\/p>\n\n\n\n<p><a href=\"https:\/\/repositorio.pgsscogna.com.br\/bitstream\/123456789\/59581\/1\/APOSTILA%20DE%20DIREITO%20CIVIL%20NEG%C3%93CIO%20JUR%C3%8DDICO.pdf\">Direito civil neg\u00f3cio jur\u00eddico<\/a><\/p>\n\n\n\n<p><a href=\"https:\/\/crlisboa.org\/docs\/publicacoes\/direito-administrativo\/curso-direito-administrativo.pdf\">DIREITO ADMINISTRATIVO<\/a><\/p>\n\n\n\n<p><a href=\"https:\/\/isuppa.com\/biblioteca\/wp-content\/uploads\/2025\/10\/content-26.pdf\">Responsabilidade civil<\/a><\/p>\n\n\n\n<p><a href=\"https:\/\/aspec.com.br\/blog\/os-cinco-principios-fundamentais-da-administracao-publica\/\">Os cinco princ\u00edpios fundamentais da Administra\u00e7\u00e3o P\u00fablica<\/a><\/p>\n\n\n\n<p><a href=\"https:\/\/isuppa.com\/biblioteca\/wp-content\/uploads\/2025\/10\/adminGerentedarevista3juri.pdf\">DIREITOS HUMANOS, PARA QUEM?\u00a0<\/a><\/p>\n","protected":false},"excerpt":{"rendered":"<p>Fontes do direito internacional P\u00fablico INTRODU\u00c7\u00c3O AO DIREITO INTERNACIONAL P\u00daBLICO\u00a0 AS SEMELHAN\u00c7AS E AS DIFEREN\u00c7AS: REGULA\u00c7\u00c3O, CONCORR\u00caNCIA E ALL THAT JAZZ POL\u00cdTICAS MONET\u00c1RIAS RISCOS OR\u00c7AMENTAIS E SUSTENTABILIDADE DAS FINAN\u00c7AS P\u00daBLICAS A EVOLU\u00c7\u00c3O JURISPRUDENCIAL DAS LIBERDADES FUNDAMENTAIS PELO TRIBUNAL DE JUSTICIA Teoria Geral do Direito Civil Direito civil neg\u00f3cio jur\u00eddico DIREITO ADMINISTRATIVO Responsabilidade civil Os cinco&hellip; <a class=\"more-link\" href=\"https:\/\/isuppa.com\/biblioteca\/index.php\/2-o-ano-de-direito\/\">Continue reading <span class=\"screen-reader-text\">2.\u00ba Ano de Direito<\/span><\/a><\/p>\n","protected":false},"author":1,"featured_media":0,"parent":0,"menu_order":0,"comment_status":"closed","ping_status":"closed","template":"","meta":{"footnotes":""},"_links":{"self":[{"href":"https:\/\/isuppa.com\/biblioteca\/index.php\/wp-json\/wp\/v2\/pages\/3957"}],"collection":[{"href":"https:\/\/isuppa.com\/biblioteca\/index.php\/wp-json\/wp\/v2\/pages"}],"about":[{"href":"https:\/\/isuppa.com\/biblioteca\/index.php\/wp-json\/wp\/v2\/types\/page"}],"author":[{"embeddable":true,"href":"https:\/\/isuppa.com\/biblioteca\/index.php\/wp-json\/wp\/v2\/users\/1"}],"replies":[{"embeddable":true,"href":"https:\/\/isuppa.com\/biblioteca\/index.php\/wp-json\/wp\/v2\/comments?post=3957"}],"version-history":[{"count":1,"href":"https:\/\/isuppa.com\/biblioteca\/index.php\/wp-json\/wp\/v2\/pages\/3957\/revisions"}],"predecessor-version":[{"id":3960,"href":"https:\/\/isuppa.com\/biblioteca\/index.php\/wp-json\/wp\/v2\/pages\/3957\/revisions\/3960"}],"wp:attachment":[{"href":"https:\/\/isuppa.com\/biblioteca\/index.php\/wp-json\/wp\/v2\/media?parent=3957"}],"curies":[{"name":"wp","href":"https:\/\/api.w.org\/{rel}","templated":true}]}}