{"id":3961,"date":"2025-10-28T21:52:59","date_gmt":"2025-10-28T21:52:59","guid":{"rendered":"https:\/\/isuppa.com\/biblioteca\/?page_id=3961"},"modified":"2025-10-28T21:53:00","modified_gmt":"2025-10-28T21:53:00","slug":"3-o-ano","status":"publish","type":"page","link":"https:\/\/isuppa.com\/biblioteca\/index.php\/3-o-ano\/","title":{"rendered":"3.\u00ba Ano"},"content":{"rendered":"\n<p><a href=\"https:\/\/www.fd.ulisboa.pt\/wp-content\/uploads\/2019\/09\/Direito-das-Obrigacoes-Programa-2019-20.pdf\">Direito das Obriga\u00e7\u00f5es<\/a><\/p>\n\n\n\n<p><a href=\"https:\/\/repositorio.pgsscogna.com.br\/bitstream\/123456789\/59226\/1\/APOSTILA%20Direito%20civil%20obriga%C3%A7%C3%B5es.pdf\">Direito civil obriga\u00e7\u00f5es<\/a><\/p>\n\n\n\n<p><a href=\"https:\/\/www.congreso.es\/docu\/docum\/ddocum\/dosieres\/sleg\/legislatura_10\/spl_78\/pdfs\/64.pdf\">C\u00f3digo Civil<\/a><\/p>\n\n\n\n<p><a href=\"https:\/\/diariodarepublica.pt\/dr\/detalhe\/acordao\/1431-2019-190873875\">Processo n\u00ba 1431\/17.2T8VRL.G1<\/a><\/p>\n\n\n\n<p><a href=\"https:\/\/www.fd.ulisboa.pt\/wp-content\/uploads\/2014\/12\/Correia-Jose-Servulo-MODERNIZACAO-DO-CONTENCIOSO-ADMINISTRATIVO.pdf\">MODERNIZA\u00c7\u00c3O DO CONTENCIOSO ADMINISTRATIVO<\/a><\/p>\n\n\n\n<p><a href=\"https:\/\/www.youtube.com\/watch?v=v97HW6ZjBRs\">CONTENCIOSO ADMINISTRATIVO<\/a><\/p>\n\n\n\n<p><a href=\"https:\/\/www.cuatrecasas.com\/pt\/portugal\/publico-1\/art\/direito-contratos-publicos-administrativos-2023\">Direito dos contratos p\u00fablicos e administrativos\u00a0<\/a><\/p>\n\n\n\n<p><a href=\"https:\/\/www.jusnet.pt\/Content\/Document.aspx?params=H4sIAAAAAAAEAMtMSbH1czUAASNLIzNLtbLUouLM_DxbIwMjEwMzI1OQQGZapUt-ckhlQaptWmJOcSoAmfaomjUAAAA=WKE\">O Guia Pr\u00e1tico de Direito das Sucess\u00f5es<\/a><\/p>\n\n\n\n<p><a href=\"http:\/\/monografias.uem.mz\/bitstream\/123456789\/4076\/1\/2024%20-%20Muchanga%2C%20%20Almeida%20Nelson%20.pdf\">Sub-roga\u00e7\u00e3o de credores no Direito das Sucess\u00f5es<\/a><\/p>\n\n\n\n<p><a href=\"https:\/\/isuppa.com\/biblioteca\/wp-content\/uploads\/2025\/10\/Apresentacao-FAG_set-23_notas.pdf\">Fiscalidade<\/a><\/p>\n\n\n\n<p><a href=\"https:\/\/www.plmj.com\/xms\/files\/03_Novidades_legislativas\/2021\/06_junho\/Artigo_IVA_servicos_medicos_Revista_Angolana_de_Legislacao_e_Jurisprudencia.pdf\">Sobre o IVA nas Presta\u00e7\u00f5es de Servi\u00e7os M\u00e9dIcos e SanIt\u00e1rIos em Angola<\/a>\u00a0<\/p>\n\n\n\n<p><a href=\"https:\/\/repositorio.idp.edu.br\/bitstream\/123456789\/4230\/5\/LLM%20Direito%20Penal%20Econ%C3%B4mico%20-%20ebook.pdf\">DIREITO PENAL ECON\u00d4MICO<\/a><\/p>\n\n\n\n<p><a href=\"https:\/\/revistajuridica.presidencia.gov.br\/index.php\/saj\/article\/view\/1152\">A legalidade penal como concretiza\u00e7\u00e3o da dignidade da pessoa humana<\/a><\/p>\n\n\n\n<p><a href=\"https:\/\/ibdpe.com.br\/wp-content\/uploads\/2020\/09\/09-DIFERENCAS-ENTRE-O-DIREITO-PENAL-ECONOMICO-E-O-DIREITO-PENAL-CLASSICO.pdf\">DIFEREN\u00c7AS ENTRE O DIREITO PENAL ECON\u00d4MICO E O DIREITO PENAL CL\u00c1SSICO<\/a><\/p>\n\n\n\n<p><a href=\"https:\/\/www.stj.pt\/wp-content\/uploads\/2024\/02\/eb_stj_comercio2022.pdf\">Com\u00e9rcio, sociedades e insolv\u00eancias<\/a><\/p>\n\n\n\n<p><a href=\"https:\/\/cm-kls-content.s3.amazonaws.com\/201901\/INTERATIVAS_2_0\/TEORIA_GERAL_DO_PROCESSO\/U1\/LIVRO_UNICO.pdf\">Teoria Geral do Processo<\/a><\/p>\n\n\n\n<p><a href=\"https:\/\/www.esamcuberlandia.com.br\/wp-content\/uploads\/2022\/06\/Cartilhas-Direito-Processual-Civil-I-e-V.pdf\">CARTILHA DE ORIENTA\u00c7\u00d5ES PARA REALIZA\u00c7\u00c3O DE AUDI\u00caNCIAS<\/a><\/p>\n\n\n\n<p><a href=\"https:\/\/tribunalsupremo.ao\/wp-content\/uploads\/2018\/06\/Despedimento-Improcedente.pdf\">Sobre o despedimento improcedente<\/a><\/p>\n\n\n\n<p><\/p>\n","protected":false},"excerpt":{"rendered":"<p>Direito das Obriga\u00e7\u00f5es Direito civil obriga\u00e7\u00f5es C\u00f3digo Civil Processo n\u00ba 1431\/17.2T8VRL.G1 MODERNIZA\u00c7\u00c3O DO CONTENCIOSO ADMINISTRATIVO CONTENCIOSO ADMINISTRATIVO Direito dos contratos p\u00fablicos e administrativos\u00a0 O Guia Pr\u00e1tico de Direito das Sucess\u00f5es Sub-roga\u00e7\u00e3o de credores no Direito das Sucess\u00f5es Fiscalidade Sobre o IVA nas Presta\u00e7\u00f5es de Servi\u00e7os M\u00e9dIcos e SanIt\u00e1rIos em Angola\u00a0 DIREITO PENAL ECON\u00d4MICO A legalidade&hellip; <a class=\"more-link\" href=\"https:\/\/isuppa.com\/biblioteca\/index.php\/3-o-ano\/\">Continue reading <span class=\"screen-reader-text\">3.\u00ba Ano<\/span><\/a><\/p>\n","protected":false},"author":1,"featured_media":0,"parent":0,"menu_order":0,"comment_status":"closed","ping_status":"closed","template":"","meta":{"footnotes":""},"_links":{"self":[{"href":"https:\/\/isuppa.com\/biblioteca\/index.php\/wp-json\/wp\/v2\/pages\/3961"}],"collection":[{"href":"https:\/\/isuppa.com\/biblioteca\/index.php\/wp-json\/wp\/v2\/pages"}],"about":[{"href":"https:\/\/isuppa.com\/biblioteca\/index.php\/wp-json\/wp\/v2\/types\/page"}],"author":[{"embeddable":true,"href":"https:\/\/isuppa.com\/biblioteca\/index.php\/wp-json\/wp\/v2\/users\/1"}],"replies":[{"embeddable":true,"href":"https:\/\/isuppa.com\/biblioteca\/index.php\/wp-json\/wp\/v2\/comments?post=3961"}],"version-history":[{"count":1,"href":"https:\/\/isuppa.com\/biblioteca\/index.php\/wp-json\/wp\/v2\/pages\/3961\/revisions"}],"predecessor-version":[{"id":3964,"href":"https:\/\/isuppa.com\/biblioteca\/index.php\/wp-json\/wp\/v2\/pages\/3961\/revisions\/3964"}],"wp:attachment":[{"href":"https:\/\/isuppa.com\/biblioteca\/index.php\/wp-json\/wp\/v2\/media?parent=3961"}],"curies":[{"name":"wp","href":"https:\/\/api.w.org\/{rel}","templated":true}]}}