{"id":3989,"date":"2025-11-06T19:19:25","date_gmt":"2025-11-06T19:19:25","guid":{"rendered":"https:\/\/isuppa.com\/biblioteca\/?page_id=3989"},"modified":"2025-11-06T19:33:01","modified_gmt":"2025-11-06T19:33:01","slug":"informacao-de-bibliotecas-digitais","status":"publish","type":"page","link":"https:\/\/isuppa.com\/biblioteca\/index.php\/informacao-de-bibliotecas-digitais\/","title":{"rendered":"Informa\u00e7\u00e3o de Bibliotecas Digitais"},"content":{"rendered":"\n<p><a href=\"https:\/\/isuppa.com\/biblioteca\/wp-content\/uploads\/2025\/11\/BD_02_Atributos-dos-livros.pdf\">O que \u00e9 a metadata?<\/a><\/p>\n\n\n\n<p><a href=\"https:\/\/isuppa.com\/biblioteca\/wp-content\/uploads\/2023\/10\/DCT_EI_0407_BD_calibre-1.pdf\">DCT_EI_0407_BD_calibre<\/a><\/p>\n\n\n\n<p>04_<a href=\"https:\/\/run.unl.pt\/bitstream\/10362\/167314\/1\/Mestrado_Ulisses_Ferreira_Pereira.pdf\">A Solu\u00e7\u00e3o de uma&nbsp;Biblioteca Digitalhttps:\/\/run.unl.pt\/bitstream\/10362\/167314\/1\/Mestrado_Ulisses_Ferreira_Pereira.pdf<\/a><\/p>\n\n\n\n<p>04_<a href=\"https:\/\/repositorio.ipcb.pt\/bitstream\/10400.11\/8236\/1\/CAP_3_Biblioteca_Digital.pdf\">&nbsp;Perspetiva sobre o uso da&nbsp;biblioteca digitalhttps:\/\/repositorio.ipcb.pt\/bitstream\/10400.11\/8236\/1\/CAP_3_Biblioteca_Digital.pdf<\/a><\/p>\n\n\n\n<p><a href=\"https:\/\/isuppa.com\/biblioteca\/wp-content\/uploads\/2023\/10\/DCT_EI_0407_BD_dissertacao_pdf-1.pdf\">DCT_EI_0407_BD_dissertacao<\/a><\/p>\n\n\n\n<p><a href=\"https:\/\/isuppa.com\/biblioteca\/wp-content\/uploads\/2023\/10\/DCT_EI_0407_BD_silo.tips_biblioteca-digital-novo-paradigma-da-informaao-1.pdf\">DCT_EI_0407_BD_silo.tips_biblioteca-digital-novo-paradigma-da-informa\u00e7\u00e3o<\/a><\/p>\n\n\n\n<p><a href=\"https:\/\/isuppa.com\/biblioteca\/wp-content\/uploads\/2023\/10\/DCT_EI_0407_BD_Texto-do-artigo-294617-3-10-20180601-1.pdf\">DCT_EI_0407_BD_Texto-294617-3-10-20180601<\/a><\/p>\n","protected":false},"excerpt":{"rendered":"<p>O que \u00e9 a metadata? DCT_EI_0407_BD_calibre 04_A Solu\u00e7\u00e3o de uma&nbsp;Biblioteca Digitalhttps:\/\/run.unl.pt\/bitstream\/10362\/167314\/1\/Mestrado_Ulisses_Ferreira_Pereira.pdf 04_&nbsp;Perspetiva sobre o uso da&nbsp;biblioteca digitalhttps:\/\/repositorio.ipcb.pt\/bitstream\/10400.11\/8236\/1\/CAP_3_Biblioteca_Digital.pdf DCT_EI_0407_BD_dissertacao DCT_EI_0407_BD_silo.tips_biblioteca-digital-novo-paradigma-da-informa\u00e7\u00e3o DCT_EI_0407_BD_Texto-294617-3-10-20180601<\/p>\n","protected":false},"author":1,"featured_media":0,"parent":0,"menu_order":0,"comment_status":"closed","ping_status":"closed","template":"","meta":{"footnotes":""},"_links":{"self":[{"href":"https:\/\/isuppa.com\/biblioteca\/index.php\/wp-json\/wp\/v2\/pages\/3989"}],"collection":[{"href":"https:\/\/isuppa.com\/biblioteca\/index.php\/wp-json\/wp\/v2\/pages"}],"about":[{"href":"https:\/\/isuppa.com\/biblioteca\/index.php\/wp-json\/wp\/v2\/types\/page"}],"author":[{"embeddable":true,"href":"https:\/\/isuppa.com\/biblioteca\/index.php\/wp-json\/wp\/v2\/users\/1"}],"replies":[{"embeddable":true,"href":"https:\/\/isuppa.com\/biblioteca\/index.php\/wp-json\/wp\/v2\/comments?post=3989"}],"version-history":[{"count":2,"href":"https:\/\/isuppa.com\/biblioteca\/index.php\/wp-json\/wp\/v2\/pages\/3989\/revisions"}],"predecessor-version":[{"id":3998,"href":"https:\/\/isuppa.com\/biblioteca\/index.php\/wp-json\/wp\/v2\/pages\/3989\/revisions\/3998"}],"wp:attachment":[{"href":"https:\/\/isuppa.com\/biblioteca\/index.php\/wp-json\/wp\/v2\/media?parent=3989"}],"curies":[{"name":"wp","href":"https:\/\/api.w.org\/{rel}","templated":true}]}}