{"id":409,"date":"2023-10-28T22:42:51","date_gmt":"2023-10-28T22:42:51","guid":{"rendered":"https:\/\/isuppa.com\/biblioteca\/?page_id=409"},"modified":"2023-10-28T22:42:51","modified_gmt":"2023-10-28T22:42:51","slug":"fisica-da-construccao","status":"publish","type":"page","link":"https:\/\/isuppa.com\/biblioteca\/index.php\/fisica-da-construccao\/","title":{"rendered":"F\u00edsica da Construc\u00e7\u00e3o"},"content":{"rendered":"\n<p><a href=\"https:\/\/isuppa.com\/biblioteca\/wp-content\/uploads\/2023\/10\/Conforto-Tecbico-e-Iluminacao-Natural-Dissertacao_Cintia_Vieira.pdf\">Conforto T\u00e9cnico e Ilumina\u00e7\u00e3o Natural<\/a><\/p>\n\n\n\n<p><a href=\"https:\/\/isuppa.com\/biblioteca\/wp-content\/uploads\/2023\/10\/Textos-de-Apoio-ao-Professor-de-Fisica-Steffens_Veit_Silveira.pdf\">Textos de Apoio ao Professor de F\u00edsica<\/a><\/p>\n\n\n\n<p><a href=\"https:\/\/isuppa.com\/biblioteca\/wp-content\/uploads\/2023\/10\/ECV5161_Sustentabilidade_apostila_0_0.pdf\">Sustentabilidade<\/a><\/p>\n\n\n\n<p><a href=\"https:\/\/isuppa.com\/biblioteca\/wp-content\/uploads\/2023\/10\/PARELHOS-ENERGETICAMENTE-EFICIENTES-kamilla.pdf\">APARELHOS ENERGETICAMENTE EFICIENTES<\/a><\/p>\n\n\n\n<p><a href=\"https:\/\/isuppa.com\/biblioteca\/wp-content\/uploads\/2023\/10\/Eficiencia-Energetica-com-o-Conforto-Ambiental-nas-Edificacoes.pdf\">Efici\u00eancia Energ\u00e9tica com o Conforto Ambiental nas Edifica\u00e7\u00f5es<\/a><\/p>\n","protected":false},"excerpt":{"rendered":"<p>Conforto T\u00e9cnico e Ilumina\u00e7\u00e3o Natural Textos de Apoio ao Professor de F\u00edsica Sustentabilidade APARELHOS ENERGETICAMENTE EFICIENTES Efici\u00eancia Energ\u00e9tica com o Conforto Ambiental nas Edifica\u00e7\u00f5es<\/p>\n","protected":false},"author":1,"featured_media":0,"parent":0,"menu_order":0,"comment_status":"closed","ping_status":"closed","template":"","meta":{"footnotes":""},"_links":{"self":[{"href":"https:\/\/isuppa.com\/biblioteca\/index.php\/wp-json\/wp\/v2\/pages\/409"}],"collection":[{"href":"https:\/\/isuppa.com\/biblioteca\/index.php\/wp-json\/wp\/v2\/pages"}],"about":[{"href":"https:\/\/isuppa.com\/biblioteca\/index.php\/wp-json\/wp\/v2\/types\/page"}],"author":[{"embeddable":true,"href":"https:\/\/isuppa.com\/biblioteca\/index.php\/wp-json\/wp\/v2\/users\/1"}],"replies":[{"embeddable":true,"href":"https:\/\/isuppa.com\/biblioteca\/index.php\/wp-json\/wp\/v2\/comments?post=409"}],"version-history":[{"count":1,"href":"https:\/\/isuppa.com\/biblioteca\/index.php\/wp-json\/wp\/v2\/pages\/409\/revisions"}],"predecessor-version":[{"id":415,"href":"https:\/\/isuppa.com\/biblioteca\/index.php\/wp-json\/wp\/v2\/pages\/409\/revisions\/415"}],"wp:attachment":[{"href":"https:\/\/isuppa.com\/biblioteca\/index.php\/wp-json\/wp\/v2\/media?parent=409"}],"curies":[{"name":"wp","href":"https:\/\/api.w.org\/{rel}","templated":true}]}}