{"id":420,"date":"2023-10-29T06:14:08","date_gmt":"2023-10-29T06:14:08","guid":{"rendered":"https:\/\/isuppa.com\/biblioteca\/?page_id=420"},"modified":"2025-07-27T11:49:24","modified_gmt":"2025-07-27T11:49:24","slug":"linguagem-de-programacao","status":"publish","type":"page","link":"https:\/\/isuppa.com\/biblioteca\/index.php\/linguagem-de-programacao\/","title":{"rendered":"Linguagem de Programa\u00e7\u00e3o"},"content":{"rendered":"\n<p><a href=\"https:\/\/isuppa.com\/biblioteca\/wp-content\/uploads\/2023\/10\/FFerrari-CCechinel-Introducao-a-algoritmos-1.pdf\">INTRODU\u00c7\u00c3O A ALGORITMOS E<br>PROGRAMA\u00c7\u00c3O<\/a><br><a href=\"https:\/\/isuppa.com\/biblioteca\/wp-content\/uploads\/2023\/10\/Programacao-em-Java.pdf\">PROGRAMA\u00c7\u00c3O EM JAVA. [Claro D. B. e Sobral J. B. M. &#8211; (2008) (Pearson Education. Florian\u00f3polis, SC)]<\/a><br><a href=\"https:\/\/s3.amazonaws.com\/algaworks-assets\/ebooks\/algaworks-livro-programacao-para-iniciantes-v1.1.pdf\">Programacao-para-iniciantes<\/a><br><a href=\"https:\/\/isuppa.com\/biblioteca\/wp-content\/uploads\/2023\/10\/ebook-logica-de-programacao-para-iniciantes.pdf\">e-book logica de programa\u00e7\u00e3o para iniciantes<\/a><br><a href=\"https:\/\/isuppa.com\/biblioteca\/wp-content\/uploads\/2023\/10\/aula4_Programacao.pdf\">Intro. \u00e0 Programa\u00e7\u00e3o (Leonardo Gresta Paulino Murta)<\/a><br><a href=\"https:\/\/isuppa.com\/biblioteca\/wp-content\/uploads\/2023\/10\/Logica_programacao_PB_CAPA_ficha_ISBN_20130910-1.pdf\">L\u00f3gica de Programa\u00e7\u00e3o (Rog\u00e9rio da Silva Batista)<\/a><br><a href=\"https:\/\/olamundo0.wordpress.com\/wp-content\/uploads\/2010\/05\/programacao-de-computadores.pdf\">Programa\u00e7\u00e3o de Computadores<\/a><\/p>\n","protected":false},"excerpt":{"rendered":"<p>INTRODU\u00c7\u00c3O A ALGORITMOS EPROGRAMA\u00c7\u00c3OPROGRAMA\u00c7\u00c3O EM JAVA. [Claro D. B. e Sobral J. B. M. &#8211; (2008) (Pearson Education. Florian\u00f3polis, SC)]Programacao-para-iniciantese-book logica de programa\u00e7\u00e3o para iniciantesIntro. \u00e0 Programa\u00e7\u00e3o (Leonardo Gresta Paulino Murta)L\u00f3gica de Programa\u00e7\u00e3o (Rog\u00e9rio da Silva Batista)Programa\u00e7\u00e3o de Computadores<\/p>\n","protected":false},"author":1,"featured_media":0,"parent":0,"menu_order":0,"comment_status":"closed","ping_status":"closed","template":"","meta":{"footnotes":""},"_links":{"self":[{"href":"https:\/\/isuppa.com\/biblioteca\/index.php\/wp-json\/wp\/v2\/pages\/420"}],"collection":[{"href":"https:\/\/isuppa.com\/biblioteca\/index.php\/wp-json\/wp\/v2\/pages"}],"about":[{"href":"https:\/\/isuppa.com\/biblioteca\/index.php\/wp-json\/wp\/v2\/types\/page"}],"author":[{"embeddable":true,"href":"https:\/\/isuppa.com\/biblioteca\/index.php\/wp-json\/wp\/v2\/users\/1"}],"replies":[{"embeddable":true,"href":"https:\/\/isuppa.com\/biblioteca\/index.php\/wp-json\/wp\/v2\/comments?post=420"}],"version-history":[{"count":3,"href":"https:\/\/isuppa.com\/biblioteca\/index.php\/wp-json\/wp\/v2\/pages\/420\/revisions"}],"predecessor-version":[{"id":2739,"href":"https:\/\/isuppa.com\/biblioteca\/index.php\/wp-json\/wp\/v2\/pages\/420\/revisions\/2739"}],"wp:attachment":[{"href":"https:\/\/isuppa.com\/biblioteca\/index.php\/wp-json\/wp\/v2\/media?parent=420"}],"curies":[{"name":"wp","href":"https:\/\/api.w.org\/{rel}","templated":true}]}}