{"id":428,"date":"2023-10-29T06:19:48","date_gmt":"2023-10-29T06:19:48","guid":{"rendered":"https:\/\/isuppa.com\/biblioteca\/?page_id=428"},"modified":"2023-10-29T06:19:48","modified_gmt":"2023-10-29T06:19:48","slug":"arquitectura-e-tecnologia-dos-computadores","status":"publish","type":"page","link":"https:\/\/isuppa.com\/biblioteca\/index.php\/arquitectura-e-tecnologia-dos-computadores\/","title":{"rendered":"Arquitectura e Tecnologia dos Computadores"},"content":{"rendered":"\n<p><a href=\"https:\/\/isuppa.com\/biblioteca\/wp-content\/uploads\/2023\/10\/Arquitetura-e-organizacao-de-computadores-PDFDrive-.pdf\">Arquitetura e organiza\u00e7\u00e3o de computadores<\/a><\/p>\n\n\n\n<p><a href=\"https:\/\/isuppa.com\/biblioteca\/wp-content\/uploads\/2023\/10\/fundamentos-de-organizacao-e-arquitetura-de-computadores-PDFDrive-.pdf\">Fundamentos de organiza\u00e7\u00e3o e arquitetura de computadores<\/a><\/p>\n\n\n\n<p><a href=\"https:\/\/isuppa.com\/biblioteca\/wp-content\/uploads\/2023\/10\/Introducao-a-arquitetura-e-a-organizacao-de-computadores.pdf\">Introdu\u00e7\u00e3o \u00e0 arquitetura e \u00e0 organiza\u00e7\u00e3o de computadores<\/a><\/p>\n\n\n\n<p><a href=\"https:\/\/isuppa.com\/biblioteca\/wp-content\/uploads\/2023\/10\/Digital-Logic-And-Computer-Design-By-M.-Morris-Mano-PDFDrive-.pdf\">Digital Logic And Computer Design By M. Morris Mano<\/a><\/p>\n\n\n\n<p><a href=\"https:\/\/isuppa.com\/biblioteca\/wp-content\/uploads\/2023\/10\/pc-hardware-a-beginners-guide.pdf\">PC Hardware. A beginners guide<\/a><\/p>\n\n\n\n<p><a href=\"https:\/\/isuppa.com\/biblioteca\/wp-content\/uploads\/2023\/10\/Computer-Organization-and-Design_-The-Hardware-Software-Interface_-ARM-Edition-PDFDrive-.pdf\">Computer Organization and Design_ The Hardware Software Interface_ ARM<\/a><\/p>\n","protected":false},"excerpt":{"rendered":"<p>Arquitetura e organiza\u00e7\u00e3o de computadores Fundamentos de organiza\u00e7\u00e3o e arquitetura de computadores Introdu\u00e7\u00e3o \u00e0 arquitetura e \u00e0 organiza\u00e7\u00e3o de computadores Digital Logic And Computer Design By M. Morris Mano PC Hardware. A beginners guide Computer Organization and Design_ The Hardware Software Interface_ ARM<\/p>\n","protected":false},"author":1,"featured_media":0,"parent":0,"menu_order":0,"comment_status":"closed","ping_status":"closed","template":"","meta":{"footnotes":""},"_links":{"self":[{"href":"https:\/\/isuppa.com\/biblioteca\/index.php\/wp-json\/wp\/v2\/pages\/428"}],"collection":[{"href":"https:\/\/isuppa.com\/biblioteca\/index.php\/wp-json\/wp\/v2\/pages"}],"about":[{"href":"https:\/\/isuppa.com\/biblioteca\/index.php\/wp-json\/wp\/v2\/types\/page"}],"author":[{"embeddable":true,"href":"https:\/\/isuppa.com\/biblioteca\/index.php\/wp-json\/wp\/v2\/users\/1"}],"replies":[{"embeddable":true,"href":"https:\/\/isuppa.com\/biblioteca\/index.php\/wp-json\/wp\/v2\/comments?post=428"}],"version-history":[{"count":1,"href":"https:\/\/isuppa.com\/biblioteca\/index.php\/wp-json\/wp\/v2\/pages\/428\/revisions"}],"predecessor-version":[{"id":435,"href":"https:\/\/isuppa.com\/biblioteca\/index.php\/wp-json\/wp\/v2\/pages\/428\/revisions\/435"}],"wp:attachment":[{"href":"https:\/\/isuppa.com\/biblioteca\/index.php\/wp-json\/wp\/v2\/media?parent=428"}],"curies":[{"name":"wp","href":"https:\/\/api.w.org\/{rel}","templated":true}]}}