{"id":465,"date":"2023-10-29T07:05:02","date_gmt":"2023-10-29T07:05:02","guid":{"rendered":"https:\/\/isuppa.com\/biblioteca\/?page_id=465"},"modified":"2024-12-16T18:39:57","modified_gmt":"2024-12-16T18:39:57","slug":"electiva-iii-sistemas-distribuidos","status":"publish","type":"page","link":"https:\/\/isuppa.com\/biblioteca\/index.php\/electiva-iii-sistemas-distribuidos\/","title":{"rendered":"Electiva III (Sistemas Distribuidos)"},"content":{"rendered":"\n<p><a href=\"https:\/\/isuppa.com\/biblioteca\/wp-content\/uploads\/2023\/10\/Sistemas-Operacionais-Modernos-Tanenbaum-4-Edicao.pdf\">Sistemas Operacionais Modernos &#8211; Tanenbaum <\/a><\/p>\n\n\n\n<p>04_<a href=\"https:\/\/www.google.com\/books?hl=pt-PT&amp;lr=lang_pt&amp;id=0y-9EAAAQBAJ&amp;oi=fnd&amp;pg=PT3&amp;dq=engenharia+de+software+II&amp;ots=qtV7dcQCgs&amp;sig=PbY3sblXhncZTCYZaQspVM3GC1Y\">\u00a0Engenharia\u00a0de\u00a0Software\u00a0para Ci\u00eancia de Dados<\/a><a href=\"https:\/\/books.google.co.ao\/books?hl=pt-PT&amp;lr=lang_pt&amp;id=0y-9EAAAQBAJ&amp;oi=fnd&amp;pg=PT3&amp;dq=engenharia+de+software+II&amp;ots=qtV7dcQCgs&amp;sig=PbY3sblXhncZTCYZaQspVM3GC1Y&amp;redir_esc=y#v=onepage&amp;q&amp;f=false\">https:\/\/books.google.co.ao\/books?hl=pt-PT&amp;lr=lang_pt&amp;id=0y-9EAAAQBAJ&amp;oi=fnd&amp;pg=PT3&amp;dq=engenharia+de+software+II&amp;ots=qtV7dcQCgs&amp;sig=PbY3sblXhncZTCYZaQspVM3GC1Y&amp;redir_esc=y#v=onepage&amp;q&amp;f=false<\/a><\/p>\n\n\n\n<p><a href=\"https:\/\/repositorioaberto.uab.pt\/bitstream\/10400.2\/1972\/1\/ActasCGME03.VFinal.pdf#page=9\" data-type=\"link\" data-id=\"repositorioaberto.uab.pt\">04_Ensino da Computa\u00e7\u00e3o Grafica<\/a><\/p>\n\n\n\n<p><a href=\"https:\/\/isuppa.com\/biblioteca\/wp-content\/uploads\/2023\/10\/DCT_EI_0407_EIII1.SD_Capitulo-II-\u2013-Modelos-de-Programacao-Distribuida-1.pdf\">DCT_EI_0407_EIII(1.SD)_Cap\u00edtulo II \u2013 Modelos de Programa\u00e7\u00e3o Distribu\u00edda<\/a><\/p>\n\n\n\n<p><a href=\"https:\/\/isuppa.com\/biblioteca\/wp-content\/uploads\/2023\/10\/DCT_EI_0407_EIII1.SD_4slides-1.pdf\">DCT_EI_0407_EIII(1.SD)<\/a><\/p>\n\n\n\n<p><a href=\"https:\/\/isuppa.com\/biblioteca\/wp-content\/uploads\/2023\/10\/Programacao-em-Sistemas-Distribuidos.pdf\">Programa\u00e7\u00e3o em Sistemas Distribu\u00eddos<\/a><\/p>\n\n\n\n<p><a href=\"https:\/\/isuppa.com\/biblioteca\/wp-content\/uploads\/2023\/10\/DCT_EI_0407_EIII1.SD_SISTEMAS_DISTRIBUIDOS_COM_JAVA-1.pdf\">DCT_EI_0407_EIII(1.SD)_SISTEMAS_DISTRIBUIDOS_COM_JAVA<\/a><\/p>\n\n\n\n<p><a href=\"https:\/\/isuppa.com\/biblioteca\/wp-content\/uploads\/2023\/10\/DCT_EI_0407_EIII1.SD_LIVRO_Sistemas-Operacionais-1.pdf\">DCT_EI_0407_EIII(1.SD)_LIVRO_Sistemas Operacionais<\/a><\/p>\n\n\n\n<p><a href=\"https:\/\/isuppa.com\/biblioteca\/wp-content\/uploads\/2023\/10\/DCT_EI_0407_EIII1.SD_Sistemas-Operacionais-Conceitos-e-Mecanismos-1.pdf\">DCT_EI_0407_EIII(1.SD)_Sistemas Operacionais Conceitos e Mecanismos<\/a><\/p>\n\n\n\n<p><a href=\"https:\/\/isuppa.com\/biblioteca\/wp-content\/uploads\/2023\/10\/DCT_EI_0407_EIII1.SD_SISTEMAS_OPERACIONAIS_MODERNO-1.pdf\">DCT_EI_0407_EIII(1.SD)_SISTEMAS_OPERACIONAIS_MODERNO<\/a><\/p>\n\n\n\n<p><a href=\"https:\/\/isuppa.com\/biblioteca\/wp-content\/uploads\/2023\/10\/DCT_EI_0407_EIII1.SD_Fundamentos_de_Sistemas_operacionais_9a.pdf\">DCT_EI_0407_EIII(1.SD)_Fundamentos_de_Sistemas_operacionais_9a<\/a><\/p>\n","protected":false},"excerpt":{"rendered":"<p>Sistemas Operacionais Modernos &#8211; Tanenbaum 04_\u00a0Engenharia\u00a0de\u00a0Software\u00a0para Ci\u00eancia de Dadoshttps:\/\/books.google.co.ao\/books?hl=pt-PT&amp;lr=lang_pt&amp;id=0y-9EAAAQBAJ&amp;oi=fnd&amp;pg=PT3&amp;dq=engenharia+de+software+II&amp;ots=qtV7dcQCgs&amp;sig=PbY3sblXhncZTCYZaQspVM3GC1Y&amp;redir_esc=y#v=onepage&amp;q&amp;f=false 04_Ensino da Computa\u00e7\u00e3o Grafica DCT_EI_0407_EIII(1.SD)_Cap\u00edtulo II \u2013 Modelos de Programa\u00e7\u00e3o Distribu\u00edda DCT_EI_0407_EIII(1.SD) Programa\u00e7\u00e3o em Sistemas Distribu\u00eddos DCT_EI_0407_EIII(1.SD)_SISTEMAS_DISTRIBUIDOS_COM_JAVA DCT_EI_0407_EIII(1.SD)_LIVRO_Sistemas Operacionais DCT_EI_0407_EIII(1.SD)_Sistemas Operacionais Conceitos e Mecanismos DCT_EI_0407_EIII(1.SD)_SISTEMAS_OPERACIONAIS_MODERNO DCT_EI_0407_EIII(1.SD)_Fundamentos_de_Sistemas_operacionais_9a<\/p>\n","protected":false},"author":1,"featured_media":0,"parent":0,"menu_order":0,"comment_status":"closed","ping_status":"closed","template":"","meta":{"footnotes":""},"_links":{"self":[{"href":"https:\/\/isuppa.com\/biblioteca\/index.php\/wp-json\/wp\/v2\/pages\/465"}],"collection":[{"href":"https:\/\/isuppa.com\/biblioteca\/index.php\/wp-json\/wp\/v2\/pages"}],"about":[{"href":"https:\/\/isuppa.com\/biblioteca\/index.php\/wp-json\/wp\/v2\/types\/page"}],"author":[{"embeddable":true,"href":"https:\/\/isuppa.com\/biblioteca\/index.php\/wp-json\/wp\/v2\/users\/1"}],"replies":[{"embeddable":true,"href":"https:\/\/isuppa.com\/biblioteca\/index.php\/wp-json\/wp\/v2\/comments?post=465"}],"version-history":[{"count":7,"href":"https:\/\/isuppa.com\/biblioteca\/index.php\/wp-json\/wp\/v2\/pages\/465\/revisions"}],"predecessor-version":[{"id":1229,"href":"https:\/\/isuppa.com\/biblioteca\/index.php\/wp-json\/wp\/v2\/pages\/465\/revisions\/1229"}],"wp:attachment":[{"href":"https:\/\/isuppa.com\/biblioteca\/index.php\/wp-json\/wp\/v2\/media?parent=465"}],"curies":[{"name":"wp","href":"https:\/\/api.w.org\/{rel}","templated":true}]}}