{"id":476,"date":"2023-10-29T07:15:53","date_gmt":"2023-10-29T07:15:53","guid":{"rendered":"https:\/\/isuppa.com\/biblioteca\/?page_id=476"},"modified":"2023-10-29T07:15:53","modified_gmt":"2023-10-29T07:15:53","slug":"electiva-iii-2-computacao-grafica","status":"publish","type":"page","link":"https:\/\/isuppa.com\/biblioteca\/index.php\/electiva-iii-2-computacao-grafica\/","title":{"rendered":"Electiva III (2 &#8211; Computa\u00e7\u00e3o Gr\u00e1fica)"},"content":{"rendered":"\n<p><a href=\"https:\/\/isuppa.com\/biblioteca\/wp-content\/uploads\/2023\/10\/DCT_EI_0407_EIII2.CG_A-Computacao-Grafica-numa-licenciatura-1.pdf\">Computa\u00e7\u00e3o Gr\u00e1fica numa Licenciatura<\/a><\/p>\n\n\n\n<p><a href=\"https:\/\/isuppa.com\/biblioteca\/wp-content\/uploads\/2023\/10\/DCT_EI_0407_EIII2.CG_CIV2801AcvCompGraf-1.pdf\">DCT_EI_0407_EIII(2.CG)_CIV2801AcvCompGraf<\/a><\/p>\n\n\n\n<p><a href=\"https:\/\/isuppa.com\/biblioteca\/wp-content\/uploads\/2023\/10\/DCT_EI_0407_EIII2.CG_CIV2801Aula01introducao-1.pdf\">DCT_EI_0407_EIII(2.CG)_CIV2801Aula01 Introdu\u00e7\u00e3o<\/a><\/p>\n\n\n\n<p><a href=\"https:\/\/isuppa.com\/biblioteca\/wp-content\/uploads\/2023\/10\/DCT_EI_0407_EIII2.CG_CIV2801Aula02equipamentos-1.pdf\">DCT_EI_0407_EIII(2.CG)_CIV2801Aula02 Equipamentos<\/a><\/p>\n\n\n\n<p><a href=\"https:\/\/isuppa.com\/biblioteca\/wp-content\/uploads\/2023\/10\/DCT_EI_0407_EIII2.CG_CIV2801Aula03cor-1.pdf\">DCT_EI_0407_EIII(2.CG)_CIV2801Aula03 Cor<\/a><\/p>\n\n\n\n<p><a href=\"https:\/\/isuppa.com\/biblioteca\/wp-content\/uploads\/2023\/10\/DCT_EI_0407_EIII2.CG_CIV2801Aula04imagem-1.pdf\">DCT_EI_0407_EIII(2.CG)_CIV2801Aula04 Imagem<\/a><\/p>\n\n\n\n<p><a href=\"https:\/\/isuppa.com\/biblioteca\/wp-content\/uploads\/2023\/10\/DCT_EI_0407_EIII2.CG_CIV2801Aula05interface-1.pdf\">DCT_EI_0407_EIII(2.CG)_CIV2801Aula05 Interface<\/a><\/p>\n\n\n\n<p><a href=\"https:\/\/isuppa.com\/biblioteca\/wp-content\/uploads\/2023\/10\/DCT_EI_0407_EIII2.CG_CIV2801Aula06TransfProj-1.pdf\">DCT_EI_0407_EIII(2.CG)_CIV2801Aula06 Transfer\u00eancia Projecto<\/a><\/p>\n\n\n\n<p><a href=\"https:\/\/isuppa.com\/biblioteca\/wp-content\/uploads\/2023\/10\/DCT_EI_0407_EIII2.CG_CIV2801Aula07CameraOpenGL-1.pdf\">DCT_EI_0407_EIII(2.CG)_CIV2801Aula07 Camera OpenGL<\/a><\/p>\n\n\n\n<p><a href=\"https:\/\/isuppa.com\/biblioteca\/wp-content\/uploads\/2023\/10\/DCT_EI_0407_EIII2.CG_CIV2801Aula08OpenGLCompGraf-1.pdf\">DCT_EI_0407_EIII(2.CG)_CIV2801Aula08 OpenGL Computa\u00e7\u00e3o Gr\u00e1fica<\/a><\/p>\n\n\n\n<p><a href=\"https:\/\/isuppa.com\/biblioteca\/wp-content\/uploads\/2023\/10\/DCT_EI_0407_EIII2.CG_CIV2801Aula09IsoFaixaCompGraf-1.pdf\">DCT_EI_0407_EIII(2.CG)_CIV2801Aula09 Iso Faixa Computa\u00e7\u00e3o Gr\u00e1fica<\/a><\/p>\n\n\n\n<p><a href=\"https:\/\/isuppa.com\/biblioteca\/wp-content\/uploads\/2023\/10\/DCT_EI_0407_EIII2.CG_CIV2801ScuriImgDigital-1.pdf\">DCT_EI_0407_EIII(2.CG)_CIV2801 ScuriImg Digital<\/a><\/p>\n\n\n\n<p><a href=\"https:\/\/isuppa.com\/biblioteca\/wp-content\/uploads\/2023\/10\/DCT_EI_0407_EIII2.CG_CIV2801TaxonomiaManip3D-1.pdf\">DCT_EI_0407_EIII(2.CG)_CIV2801 Taxonomia Manip3D<\/a><\/p>\n\n\n\n<p><a href=\"https:\/\/isuppa.com\/biblioteca\/wp-content\/uploads\/2023\/10\/DCT_EI_0407_EIII2.CG_Computacao-Grafica-1.pdf\">DCT_EI_0407_EIII(2.CG)_Computa\u00e7\u00e3o Gr\u00e1fica<\/a><\/p>\n\n\n\n<p><a href=\"https:\/\/isuppa.com\/biblioteca\/wp-content\/uploads\/2023\/10\/DCT_EI_0407_EIII2.CG_TeseLevy-1.pdf\">DCT_EI_0407_EIII(2.CG)_Examplo do TFC Levy<\/a><\/p>\n","protected":false},"excerpt":{"rendered":"<p>Computa\u00e7\u00e3o Gr\u00e1fica numa Licenciatura DCT_EI_0407_EIII(2.CG)_CIV2801AcvCompGraf DCT_EI_0407_EIII(2.CG)_CIV2801Aula01 Introdu\u00e7\u00e3o DCT_EI_0407_EIII(2.CG)_CIV2801Aula02 Equipamentos DCT_EI_0407_EIII(2.CG)_CIV2801Aula03 Cor DCT_EI_0407_EIII(2.CG)_CIV2801Aula04 Imagem DCT_EI_0407_EIII(2.CG)_CIV2801Aula05 Interface DCT_EI_0407_EIII(2.CG)_CIV2801Aula06 Transfer\u00eancia Projecto DCT_EI_0407_EIII(2.CG)_CIV2801Aula07 Camera OpenGL DCT_EI_0407_EIII(2.CG)_CIV2801Aula08 OpenGL Computa\u00e7\u00e3o Gr\u00e1fica DCT_EI_0407_EIII(2.CG)_CIV2801Aula09 Iso Faixa Computa\u00e7\u00e3o Gr\u00e1fica DCT_EI_0407_EIII(2.CG)_CIV2801 ScuriImg Digital DCT_EI_0407_EIII(2.CG)_CIV2801 Taxonomia Manip3D DCT_EI_0407_EIII(2.CG)_Computa\u00e7\u00e3o Gr\u00e1fica DCT_EI_0407_EIII(2.CG)_Examplo do TFC Levy<\/p>\n","protected":false},"author":1,"featured_media":0,"parent":0,"menu_order":0,"comment_status":"closed","ping_status":"closed","template":"","meta":{"footnotes":""},"_links":{"self":[{"href":"https:\/\/isuppa.com\/biblioteca\/index.php\/wp-json\/wp\/v2\/pages\/476"}],"collection":[{"href":"https:\/\/isuppa.com\/biblioteca\/index.php\/wp-json\/wp\/v2\/pages"}],"about":[{"href":"https:\/\/isuppa.com\/biblioteca\/index.php\/wp-json\/wp\/v2\/types\/page"}],"author":[{"embeddable":true,"href":"https:\/\/isuppa.com\/biblioteca\/index.php\/wp-json\/wp\/v2\/users\/1"}],"replies":[{"embeddable":true,"href":"https:\/\/isuppa.com\/biblioteca\/index.php\/wp-json\/wp\/v2\/comments?post=476"}],"version-history":[{"count":1,"href":"https:\/\/isuppa.com\/biblioteca\/index.php\/wp-json\/wp\/v2\/pages\/476\/revisions"}],"predecessor-version":[{"id":492,"href":"https:\/\/isuppa.com\/biblioteca\/index.php\/wp-json\/wp\/v2\/pages\/476\/revisions\/492"}],"wp:attachment":[{"href":"https:\/\/isuppa.com\/biblioteca\/index.php\/wp-json\/wp\/v2\/media?parent=476"}],"curies":[{"name":"wp","href":"https:\/\/api.w.org\/{rel}","templated":true}]}}