{"id":48,"date":"2023-10-14T17:03:54","date_gmt":"2023-10-14T17:03:54","guid":{"rendered":"https:\/\/isuppa.com\/biblioteca\/?page_id=48"},"modified":"2025-03-22T17:06:49","modified_gmt":"2025-03-22T17:06:49","slug":"introducao-a-programacao-e-algoritmos","status":"publish","type":"page","link":"https:\/\/isuppa.com\/biblioteca\/index.php\/introducao-a-programacao-e-algoritmos\/","title":{"rendered":"Introdu\u00e7\u00e3o a Programa\u00e7\u00e3o e Algoritmos"},"content":{"rendered":"\n<div class=\"wp-block-group is-content-justification-center is-layout-constrained wp-block-group-is-layout-constrained\"><div class=\"wp-block-group__inner-container\">\n<p><a href=\"https:\/\/www.kufunda.net\/publicdocs\/Algoritmos%20(JOSE%20AUGUSTO%20NAVARRO%20GARCIA%20MANZANO).pdf\">Algoritmos (Manzano_2019)<\/a><\/p>\n\n\n\n<p><a href=\"https:\/\/isuppa.com\/biblioteca\/wp-content\/uploads\/2023\/10\/notas-10619.pdf\">Algoritmos e Complexidade (Ritt 2019)<\/a><\/p>\n\n\n\n<p><a href=\"https:\/\/www.inf.ufpr.br\/marcos\/livro_alg1\/livro_alg1.pdf\">Algoritmos e Estructura de Dados (Castilho 2020)<\/a><\/p>\n\n\n\n<p><a href=\"https:\/\/isuppa.com\/biblioteca\/wp-content\/uploads\/2023\/10\/Aula02-AlgoritmosFluxogramas.pdf\">Algoritmos e Fluxogramas<\/a><\/p>\n\n\n\n<p><a href=\"https:\/\/isuppa.com\/biblioteca\/wp-content\/uploads\/2023\/10\/algoritmos_parte1.pdf\">Algoritmo e L\u00f3gica de Programa\u00e7\u00e3o<\/a> (I)<\/p>\n\n\n\n<p><a href=\"https:\/\/isuppa.com\/biblioteca\/wp-content\/uploads\/2023\/10\/Algoritmo-e-Logica-de-Programacao.pdf\">Algoritmo e L\u00f3gica de Programa\u00e7\u00e3o<\/a> (II)<\/p>\n\n\n\n<p><a href=\"https:\/\/isuppa.com\/biblioteca\/wp-content\/uploads\/2023\/10\/T2Ti-ERP-3-Conceitos-de-Linguagens-de-Programacao.pdf\">Conceitos-de-Linguagens-de-Programa\u00e7\u00e3o<\/a><\/p>\n\n\n\n<p><a href=\"https:\/\/isuppa.com\/biblioteca\/wp-content\/uploads\/2023\/10\/Aula3.pdf\">Fluxogramas<\/a><\/p>\n\n\n\n<p><a href=\"https:\/\/isuppa.com\/biblioteca\/wp-content\/uploads\/2023\/10\/Introducao_Algoritmos_Parte01.pdf\">Introdu\u00e7\u00e3o a Algoritmo<\/a><\/p>\n\n\n\n<p><a href=\"http:\/\/books.google.com\">E1_Algoritmos&nbsp;e&nbsp;Programa\u00e7\u00e3o&nbsp;I:&nbsp;Introdu\u00e7\u00e3o&nbsp;\u00e0&nbsp;programa\u00e7\u00e3o&nbsp;com C<\/a><\/p>\n\n\n\n<p><a href=\"https:\/\/isuppa.com\/biblioteca\/wp-content\/uploads\/2023\/10\/FFerrari-CCechinel-Introducao-a-algoritmos.pdf\">Introdu\u00e7\u00e3o a Algoritmos e Programa\u00e7\u00e3o<\/a><\/p>\n\n\n\n<p><a href=\"https:\/\/isuppa.com\/biblioteca\/wp-content\/uploads\/2023\/10\/Logica_programacao_PB_CAPA_ficha_ISBN_20130910.pdf\">L\u00f3gica de Programa\u00e7\u00e3o<\/a><\/p>\n\n\n\n<p><a href=\"https:\/\/isuppa.com\/biblioteca\/wp-content\/uploads\/2023\/10\/livro.pdf\">L\u00f3gica e T\u00e9cnicas de Programa\u00e7\u00e3o<\/a><\/p>\n\n\n\n<p><a href=\"https:\/\/isuppa.com\/biblioteca\/wp-content\/uploads\/2023\/10\/Algoritmos_2_Manzano.pdf\">Programa\u00e7\u00e3o de Computadores em Portugu\u00eas<\/a><\/p>\n\n\n\n<p><a href=\"https:\/\/isuppa.com\/biblioteca\/wp-content\/uploads\/2023\/10\/progr-prat.pdf\">Programa\u00e7\u00e3o 2 &#8211; Programa\u00e7\u00e3o Pr\u00e1ctica<\/a><\/p>\n<\/div><\/div>\n","protected":false},"excerpt":{"rendered":"<p>Algoritmos (Manzano_2019) Algoritmos e Complexidade (Ritt 2019) Algoritmos e Estructura de Dados (Castilho 2020) Algoritmos e Fluxogramas Algoritmo e L\u00f3gica de Programa\u00e7\u00e3o (I) Algoritmo e L\u00f3gica de Programa\u00e7\u00e3o (II) Conceitos-de-Linguagens-de-Programa\u00e7\u00e3o Fluxogramas Introdu\u00e7\u00e3o a Algoritmo E1_Algoritmos&nbsp;e&nbsp;Programa\u00e7\u00e3o&nbsp;I:&nbsp;Introdu\u00e7\u00e3o&nbsp;\u00e0&nbsp;programa\u00e7\u00e3o&nbsp;com C Introdu\u00e7\u00e3o a Algoritmos e Programa\u00e7\u00e3o L\u00f3gica de Programa\u00e7\u00e3o L\u00f3gica e T\u00e9cnicas de Programa\u00e7\u00e3o Programa\u00e7\u00e3o de Computadores em Portugu\u00eas Programa\u00e7\u00e3o&hellip; <a class=\"more-link\" href=\"https:\/\/isuppa.com\/biblioteca\/index.php\/introducao-a-programacao-e-algoritmos\/\">Continue reading <span class=\"screen-reader-text\">Introdu\u00e7\u00e3o a Programa\u00e7\u00e3o e Algoritmos<\/span><\/a><\/p>\n","protected":false},"author":1,"featured_media":0,"parent":0,"menu_order":0,"comment_status":"closed","ping_status":"closed","template":"","meta":{"footnotes":""},"_links":{"self":[{"href":"https:\/\/isuppa.com\/biblioteca\/index.php\/wp-json\/wp\/v2\/pages\/48"}],"collection":[{"href":"https:\/\/isuppa.com\/biblioteca\/index.php\/wp-json\/wp\/v2\/pages"}],"about":[{"href":"https:\/\/isuppa.com\/biblioteca\/index.php\/wp-json\/wp\/v2\/types\/page"}],"author":[{"embeddable":true,"href":"https:\/\/isuppa.com\/biblioteca\/index.php\/wp-json\/wp\/v2\/users\/1"}],"replies":[{"embeddable":true,"href":"https:\/\/isuppa.com\/biblioteca\/index.php\/wp-json\/wp\/v2\/comments?post=48"}],"version-history":[{"count":9,"href":"https:\/\/isuppa.com\/biblioteca\/index.php\/wp-json\/wp\/v2\/pages\/48\/revisions"}],"predecessor-version":[{"id":1259,"href":"https:\/\/isuppa.com\/biblioteca\/index.php\/wp-json\/wp\/v2\/pages\/48\/revisions\/1259"}],"wp:attachment":[{"href":"https:\/\/isuppa.com\/biblioteca\/index.php\/wp-json\/wp\/v2\/media?parent=48"}],"curies":[{"name":"wp","href":"https:\/\/api.w.org\/{rel}","templated":true}]}}