{"id":493,"date":"2023-10-29T07:19:47","date_gmt":"2023-10-29T07:19:47","guid":{"rendered":"https:\/\/isuppa.com\/biblioteca\/?page_id=493"},"modified":"2023-10-29T07:19:47","modified_gmt":"2023-10-29T07:19:47","slug":"ferramentas-case","status":"publish","type":"page","link":"https:\/\/isuppa.com\/biblioteca\/index.php\/ferramentas-case\/","title":{"rendered":"Ferramentas Case"},"content":{"rendered":"\n<p><a href=\"https:\/\/isuppa.com\/biblioteca\/wp-content\/uploads\/2023\/10\/DCT_EI_0408_DW-PHP_Padroes-de-Projectos-com-PHP.pdf\">DCT_EI_0408_DW-PHP_Padr\u00f5es de Projectos com PHP<\/a><\/p>\n\n\n\n<p><a href=\"https:\/\/isuppa.com\/biblioteca\/wp-content\/uploads\/2023\/10\/DCT_EI_0408_DW-PHP_Introducao-ao-HTML5-e-CSS3.pdf\">DCT_EI_0408_DW-PHP_Introdu\u00e7\u00e3o ao HTML5 e CSS3<\/a><\/p>\n\n\n\n<p><a href=\"https:\/\/isuppa.com\/biblioteca\/wp-content\/uploads\/2023\/10\/DCT_EI_0408_DW-PHP_Desenvolvimento-web-com-PHP-e-MySQL.pdf\">DCT_EI_0408_DW-PHP_Desenvolvimento web com PHP e MySQL<\/a><\/p>\n\n\n\n<p><a href=\"https:\/\/isuppa.com\/biblioteca\/wp-content\/uploads\/2023\/10\/DCT_EI_0408_DW-PHP_UML-Metodologias-e-Ferramentas-CASE.pdf\">DCT_EI_0408_DW-PHP_UML, Metodologias e Ferramentas CASE<\/a><\/p>\n","protected":false},"excerpt":{"rendered":"<p>DCT_EI_0408_DW-PHP_Padr\u00f5es de Projectos com PHP DCT_EI_0408_DW-PHP_Introdu\u00e7\u00e3o ao HTML5 e CSS3 DCT_EI_0408_DW-PHP_Desenvolvimento web com PHP e MySQL DCT_EI_0408_DW-PHP_UML, Metodologias e Ferramentas CASE<\/p>\n","protected":false},"author":1,"featured_media":0,"parent":0,"menu_order":0,"comment_status":"closed","ping_status":"closed","template":"","meta":{"footnotes":""},"_links":{"self":[{"href":"https:\/\/isuppa.com\/biblioteca\/index.php\/wp-json\/wp\/v2\/pages\/493"}],"collection":[{"href":"https:\/\/isuppa.com\/biblioteca\/index.php\/wp-json\/wp\/v2\/pages"}],"about":[{"href":"https:\/\/isuppa.com\/biblioteca\/index.php\/wp-json\/wp\/v2\/types\/page"}],"author":[{"embeddable":true,"href":"https:\/\/isuppa.com\/biblioteca\/index.php\/wp-json\/wp\/v2\/users\/1"}],"replies":[{"embeddable":true,"href":"https:\/\/isuppa.com\/biblioteca\/index.php\/wp-json\/wp\/v2\/comments?post=493"}],"version-history":[{"count":1,"href":"https:\/\/isuppa.com\/biblioteca\/index.php\/wp-json\/wp\/v2\/pages\/493\/revisions"}],"predecessor-version":[{"id":498,"href":"https:\/\/isuppa.com\/biblioteca\/index.php\/wp-json\/wp\/v2\/pages\/493\/revisions\/498"}],"wp:attachment":[{"href":"https:\/\/isuppa.com\/biblioteca\/index.php\/wp-json\/wp\/v2\/media?parent=493"}],"curies":[{"name":"wp","href":"https:\/\/api.w.org\/{rel}","templated":true}]}}