{"id":500,"date":"2023-10-29T07:21:14","date_gmt":"2023-10-29T07:21:14","guid":{"rendered":"https:\/\/isuppa.com\/biblioteca\/?page_id=500"},"modified":"2023-10-29T10:36:30","modified_gmt":"2023-10-29T10:36:30","slug":"engenharia-web","status":"publish","type":"page","link":"https:\/\/isuppa.com\/biblioteca\/index.php\/engenharia-web\/","title":{"rendered":"Engenharia WEB"},"content":{"rendered":"\n<p><a href=\"https:\/\/isuppa.com\/biblioteca\/wp-content\/uploads\/2023\/10\/DCT_EI_0408_EW_Estruturacao-de-Paginas-Usando-HTML-CSS-e-Javascript.pdf\">DCT_EI_0408_EW_Estrutura\u00e7\u00e3o de P\u00e1ginas Usando HTML, CSS e Javascript<\/a><\/p>\n\n\n\n<p><a href=\"https:\/\/isuppa.com\/biblioteca\/wp-content\/uploads\/2023\/10\/DCT_EI_0408_EIV2.EW_Developing_Applications_with_WebML.pdf\">DCT_EI_0408_EIV(2.EW)_Developing_Applications_with_WebML<\/a><\/p>\n\n\n\n<p><a href=\"https:\/\/isuppa.com\/biblioteca\/wp-content\/uploads\/2023\/10\/978-1-84628-923-1_9.pdf\">DESIGNING WEB APPLICATIONS WITH<br>WEBML AND WEBRATIO<\/a><\/p>\n\n\n\n<p><a href=\"https:\/\/isuppa.com\/biblioteca\/wp-content\/uploads\/2023\/10\/DCT_EI_0408_EIV2.EW_WE-05-WebML.pdf\">DCT_EI_0408_EIV(2.EW)_WE-05-WebML<\/a><\/p>\n\n\n\n<p><a href=\"https:\/\/isuppa.com\/biblioteca\/wp-content\/uploads\/2023\/10\/DCT_EI_0408_EIV2.EW_Freamework-para-Desenvolvimento-de-Aplicacoes-Web.pdf\">DCT_EI_0408_EIV(2.EW)_Freamework para Desenvolvimento de Aplica\u00e7\u00f5es Web<\/a><\/p>\n\n\n\n<p>DCT_EI_0408_EIV(2.EW)_PHP5AJAX<\/p>\n","protected":false},"excerpt":{"rendered":"<p>DCT_EI_0408_EW_Estrutura\u00e7\u00e3o de P\u00e1ginas Usando HTML, CSS e Javascript DCT_EI_0408_EIV(2.EW)_Developing_Applications_with_WebML DESIGNING WEB APPLICATIONS WITHWEBML AND WEBRATIO DCT_EI_0408_EIV(2.EW)_WE-05-WebML DCT_EI_0408_EIV(2.EW)_Freamework para Desenvolvimento de Aplica\u00e7\u00f5es Web DCT_EI_0408_EIV(2.EW)_PHP5AJAX<\/p>\n","protected":false},"author":1,"featured_media":0,"parent":0,"menu_order":0,"comment_status":"closed","ping_status":"closed","template":"","meta":{"footnotes":""},"_links":{"self":[{"href":"https:\/\/isuppa.com\/biblioteca\/index.php\/wp-json\/wp\/v2\/pages\/500"}],"collection":[{"href":"https:\/\/isuppa.com\/biblioteca\/index.php\/wp-json\/wp\/v2\/pages"}],"about":[{"href":"https:\/\/isuppa.com\/biblioteca\/index.php\/wp-json\/wp\/v2\/types\/page"}],"author":[{"embeddable":true,"href":"https:\/\/isuppa.com\/biblioteca\/index.php\/wp-json\/wp\/v2\/users\/1"}],"replies":[{"embeddable":true,"href":"https:\/\/isuppa.com\/biblioteca\/index.php\/wp-json\/wp\/v2\/comments?post=500"}],"version-history":[{"count":2,"href":"https:\/\/isuppa.com\/biblioteca\/index.php\/wp-json\/wp\/v2\/pages\/500\/revisions"}],"predecessor-version":[{"id":533,"href":"https:\/\/isuppa.com\/biblioteca\/index.php\/wp-json\/wp\/v2\/pages\/500\/revisions\/533"}],"wp:attachment":[{"href":"https:\/\/isuppa.com\/biblioteca\/index.php\/wp-json\/wp\/v2\/media?parent=500"}],"curies":[{"name":"wp","href":"https:\/\/api.w.org\/{rel}","templated":true}]}}