{"id":505,"date":"2023-10-29T07:23:27","date_gmt":"2023-10-29T07:23:27","guid":{"rendered":"https:\/\/isuppa.com\/biblioteca\/?page_id=505"},"modified":"2023-10-29T07:23:27","modified_gmt":"2023-10-29T07:23:27","slug":"fundamentos-de-mineracao-de-dados","status":"publish","type":"page","link":"https:\/\/isuppa.com\/biblioteca\/index.php\/fundamentos-de-mineracao-de-dados\/","title":{"rendered":"Fundamentos de Minera\u00e7\u00e3o de Dados"},"content":{"rendered":"\n<p><a href=\"https:\/\/isuppa.com\/biblioteca\/wp-content\/uploads\/2023\/10\/DCT_EI_0408_FMD_Introducao-a-mineracao-de-dados-by-DANIEL-GOMES-FERRARILEANDRO-NUNES-DE-CASTRO-SILVA-z-lib.org_.pdf\">DCT_EI_0408_FMD_Introdu\u00e7\u00e3o a minera\u00e7\u00e3o de dados<\/a><\/p>\n\n\n\n<p><a href=\"https:\/\/isuppa.com\/biblioteca\/wp-content\/uploads\/2023\/10\/DCT_EI_0408_FMD_Criptografia-PDFDrive-.pdf\">DCT_EI_0408_FMD_Criptograf\u00eda<\/a><\/p>\n","protected":false},"excerpt":{"rendered":"<p>DCT_EI_0408_FMD_Introdu\u00e7\u00e3o a minera\u00e7\u00e3o de dados DCT_EI_0408_FMD_Criptograf\u00eda<\/p>\n","protected":false},"author":1,"featured_media":0,"parent":0,"menu_order":0,"comment_status":"closed","ping_status":"closed","template":"","meta":{"footnotes":""},"_links":{"self":[{"href":"https:\/\/isuppa.com\/biblioteca\/index.php\/wp-json\/wp\/v2\/pages\/505"}],"collection":[{"href":"https:\/\/isuppa.com\/biblioteca\/index.php\/wp-json\/wp\/v2\/pages"}],"about":[{"href":"https:\/\/isuppa.com\/biblioteca\/index.php\/wp-json\/wp\/v2\/types\/page"}],"author":[{"embeddable":true,"href":"https:\/\/isuppa.com\/biblioteca\/index.php\/wp-json\/wp\/v2\/users\/1"}],"replies":[{"embeddable":true,"href":"https:\/\/isuppa.com\/biblioteca\/index.php\/wp-json\/wp\/v2\/comments?post=505"}],"version-history":[{"count":1,"href":"https:\/\/isuppa.com\/biblioteca\/index.php\/wp-json\/wp\/v2\/pages\/505\/revisions"}],"predecessor-version":[{"id":507,"href":"https:\/\/isuppa.com\/biblioteca\/index.php\/wp-json\/wp\/v2\/pages\/505\/revisions\/507"}],"wp:attachment":[{"href":"https:\/\/isuppa.com\/biblioteca\/index.php\/wp-json\/wp\/v2\/media?parent=505"}],"curies":[{"name":"wp","href":"https:\/\/api.w.org\/{rel}","templated":true}]}}