{"id":519,"date":"2023-10-29T07:30:16","date_gmt":"2023-10-29T07:30:16","guid":{"rendered":"https:\/\/isuppa.com\/biblioteca\/?page_id=519"},"modified":"2023-10-29T10:36:15","modified_gmt":"2023-10-29T10:36:15","slug":"tics-na-gestao-e-governo","status":"publish","type":"page","link":"https:\/\/isuppa.com\/biblioteca\/index.php\/tics-na-gestao-e-governo\/","title":{"rendered":"TICs na Gest\u00e3o e Governo"},"content":{"rendered":"\n<p><a href=\"https:\/\/isuppa.com\/biblioteca\/wp-content\/uploads\/2023\/10\/Sistema-Informacao.pdf\">Sistema Informa\u00e7\u00e3o<\/a><\/p>\n\n\n\n<p><a href=\"https:\/\/isuppa.com\/biblioteca\/wp-content\/uploads\/2023\/10\/Governanca-em-Tecnologia-da-Informacao.pdf\">Governan\u00e7a em Tecnologia da Informa\u00e7\u00e3o<\/a><\/p>\n\n\n\n<p><a href=\"https:\/\/isuppa.com\/biblioteca\/wp-content\/uploads\/2023\/10\/Introducao-a-Tecnologia-da-Informacao-e-Comunicacao.pdf\">Introdu\u00e7\u00e3o \u00e0 Tecnologia da Informa\u00e7\u00e3o e Comunica\u00e7\u00e3o<\/a><\/p>\n\n\n\n<p><a href=\"https:\/\/isuppa.com\/biblioteca\/wp-content\/uploads\/2023\/10\/Governanca-Digital.pdf\">Governan\u00e7a Digital<\/a><\/p>\n","protected":false},"excerpt":{"rendered":"<p>Sistema Informa\u00e7\u00e3o Governan\u00e7a em Tecnologia da Informa\u00e7\u00e3o Introdu\u00e7\u00e3o \u00e0 Tecnologia da Informa\u00e7\u00e3o e Comunica\u00e7\u00e3o Governan\u00e7a Digital<\/p>\n","protected":false},"author":1,"featured_media":0,"parent":0,"menu_order":0,"comment_status":"closed","ping_status":"closed","template":"","meta":{"footnotes":""},"_links":{"self":[{"href":"https:\/\/isuppa.com\/biblioteca\/index.php\/wp-json\/wp\/v2\/pages\/519"}],"collection":[{"href":"https:\/\/isuppa.com\/biblioteca\/index.php\/wp-json\/wp\/v2\/pages"}],"about":[{"href":"https:\/\/isuppa.com\/biblioteca\/index.php\/wp-json\/wp\/v2\/types\/page"}],"author":[{"embeddable":true,"href":"https:\/\/isuppa.com\/biblioteca\/index.php\/wp-json\/wp\/v2\/users\/1"}],"replies":[{"embeddable":true,"href":"https:\/\/isuppa.com\/biblioteca\/index.php\/wp-json\/wp\/v2\/comments?post=519"}],"version-history":[{"count":2,"href":"https:\/\/isuppa.com\/biblioteca\/index.php\/wp-json\/wp\/v2\/pages\/519\/revisions"}],"predecessor-version":[{"id":527,"href":"https:\/\/isuppa.com\/biblioteca\/index.php\/wp-json\/wp\/v2\/pages\/519\/revisions\/527"}],"wp:attachment":[{"href":"https:\/\/isuppa.com\/biblioteca\/index.php\/wp-json\/wp\/v2\/media?parent=519"}],"curies":[{"name":"wp","href":"https:\/\/api.w.org\/{rel}","templated":true}]}}