{"id":536,"date":"2023-10-29T10:48:34","date_gmt":"2023-10-29T10:48:34","guid":{"rendered":"https:\/\/isuppa.com\/biblioteca\/?page_id=536"},"modified":"2023-10-29T10:48:34","modified_gmt":"2023-10-29T10:48:34","slug":"electiva-iv1-metodologias-ageis","status":"publish","type":"page","link":"https:\/\/isuppa.com\/biblioteca\/index.php\/electiva-iv1-metodologias-ageis\/","title":{"rendered":"Electiva IV(1. Metodologias \u00c1geis)"},"content":{"rendered":"\n<p><a href=\"https:\/\/isuppa.com\/biblioteca\/wp-content\/uploads\/2023\/10\/DCT_EI_0408_EIV1.MA_extreme-programming-explained.pdf\">DCT_EI_0408_EIV(1.MA)_extreme programming explained<\/a><\/p>\n\n\n\n<p><a href=\"https:\/\/isuppa.com\/biblioteca\/wp-content\/uploads\/2023\/10\/DCT_EI_0408_EIV1.MA_Addison-Wesley-Lean-Software-Development-An-Agile-Toolkit.pdf\">DCT_EI_0408_EIV(1.MA)_Software Development &#8211; An Agile Toolkit<\/a><\/p>\n\n\n\n<p><a href=\"https:\/\/isuppa.com\/biblioteca\/wp-content\/uploads\/2023\/10\/DCT_EI_0408_EIV1.MA_art_of_agile_development.pdf\">DCT_EI_0408_EIV(1.MA)_art_of_agile_development<\/a><\/p>\n\n\n\n<p><a href=\"https:\/\/isuppa.com\/biblioteca\/wp-content\/uploads\/2023\/10\/DCT_EI_0408_EIV1.MA_EXTREME_PROGRAMMING_ANALISE_SOBRE_CONCEI.pdf\">DCT_EI_0408_EIV(1.MA)_EXTREME_PROGRAMMING_ANALISE_SOBRE_CONCEITOS<\/a><\/p>\n\n\n\n<p><a href=\"https:\/\/isuppa.com\/biblioteca\/wp-content\/uploads\/2023\/10\/DCT_EI_0408_EIV1.MA_AGILIDADE-NO-DESENVOLVIMENTO-DE-SOFTWARE-UTILIZANDO.pdf\">DCT_EI_0408_EIV(1.MA)_AGILIDADE NO DESENVOLVIMENTO DE SOFTWARE<\/a><\/p>\n\n\n\n<p><a href=\"https:\/\/isuppa.com\/biblioteca\/wp-content\/uploads\/2023\/10\/DCT_EI_0408_EIV1.MA_Adocao-de-Metodologias-Ageis-no-Desenvolvimento-de-Sistemas-de-Informacao.pdf\">DCT_EI_0408_EIV(1.MA)_Ado\u00e7\u00e3o de Metodologias \u00c1geis no Desenvolvimento de Sistemas de Informa\u00e7\u00e3o<\/a><\/p>\n\n\n\n<p><a href=\"https:\/\/isuppa.com\/biblioteca\/wp-content\/uploads\/2023\/10\/DCT_EI_0408_EIV1.MA_Texto-do-artigo-1279-1-10-20190315.pdf\">DCT_EI_0408_EIV(1.MA)_Texto do artigo-1279-1-10-20190315<\/a><\/p>\n\n\n\n<p><a href=\"https:\/\/isuppa.com\/biblioteca\/wp-content\/uploads\/2023\/10\/DCT_EI_0408_EIV1.MA_Scrum_Extreme_Programming_para_programad.pdf\">DCT_EI_0408_EIV(1.MA)_Scrum_Extreme_Programming_para_programadores<\/a><\/p>\n\n\n\n<p><a href=\"https:\/\/isuppa.com\/biblioteca\/wp-content\/uploads\/2023\/10\/DCT_EI_0408_EIV1.MA_MODELO-DE-SCRUM-SEGURO-APLICADO-A-UN-CASO-DE-ESTUDIO.pdf\">DCT_EI_0408_EIV(1.MA)_MODELO DE SCRUM SEGURO APLICADO A UN CASO DE ESTUDIO<\/a><\/p>\n\n\n\n<p><a href=\"https:\/\/isuppa.com\/biblioteca\/wp-content\/uploads\/2023\/10\/DCT_EI_0408_EIV1.MA_KanbanVsScrum_Castellano_FINAL-printed.pdf\">DCT_EI_0408_EIV(1.MA)_KanbanVsScrum_Castellano_FINAL-printed<\/a><\/p>\n\n\n\n<p><a href=\"https:\/\/isuppa.com\/biblioteca\/wp-content\/uploads\/2023\/10\/DCT_EI_0408_EIV1.MA_TFG-2513-TORRADO-NEVADO.pdf\">DCT_EI_0408_EIV(1.MA)_TFG-2513 TORRADO NEVADO<\/a><\/p>\n\n\n\n<p><a href=\"https:\/\/isuppa.com\/biblioteca\/wp-content\/uploads\/2023\/10\/DC8D7B1.pdf\">DCT_EI_0408_EIV(1.MA)  Agile Software Development Principles Patterns and Practices<\/a><\/p>\n\n\n\n<p><\/p>\n","protected":false},"excerpt":{"rendered":"<p>DCT_EI_0408_EIV(1.MA)_extreme programming explained DCT_EI_0408_EIV(1.MA)_Software Development &#8211; An Agile Toolkit DCT_EI_0408_EIV(1.MA)_art_of_agile_development DCT_EI_0408_EIV(1.MA)_EXTREME_PROGRAMMING_ANALISE_SOBRE_CONCEITOS DCT_EI_0408_EIV(1.MA)_AGILIDADE NO DESENVOLVIMENTO DE SOFTWARE DCT_EI_0408_EIV(1.MA)_Ado\u00e7\u00e3o de Metodologias \u00c1geis no Desenvolvimento de Sistemas de Informa\u00e7\u00e3o DCT_EI_0408_EIV(1.MA)_Texto do artigo-1279-1-10-20190315 DCT_EI_0408_EIV(1.MA)_Scrum_Extreme_Programming_para_programadores DCT_EI_0408_EIV(1.MA)_MODELO DE SCRUM SEGURO APLICADO A UN CASO DE ESTUDIO DCT_EI_0408_EIV(1.MA)_KanbanVsScrum_Castellano_FINAL-printed DCT_EI_0408_EIV(1.MA)_TFG-2513 TORRADO NEVADO DCT_EI_0408_EIV(1.MA) Agile Software Development Principles Patterns and Practices<\/p>\n","protected":false},"author":1,"featured_media":0,"parent":0,"menu_order":0,"comment_status":"closed","ping_status":"closed","template":"","meta":{"footnotes":""},"_links":{"self":[{"href":"https:\/\/isuppa.com\/biblioteca\/index.php\/wp-json\/wp\/v2\/pages\/536"}],"collection":[{"href":"https:\/\/isuppa.com\/biblioteca\/index.php\/wp-json\/wp\/v2\/pages"}],"about":[{"href":"https:\/\/isuppa.com\/biblioteca\/index.php\/wp-json\/wp\/v2\/types\/page"}],"author":[{"embeddable":true,"href":"https:\/\/isuppa.com\/biblioteca\/index.php\/wp-json\/wp\/v2\/users\/1"}],"replies":[{"embeddable":true,"href":"https:\/\/isuppa.com\/biblioteca\/index.php\/wp-json\/wp\/v2\/comments?post=536"}],"version-history":[{"count":1,"href":"https:\/\/isuppa.com\/biblioteca\/index.php\/wp-json\/wp\/v2\/pages\/536\/revisions"}],"predecessor-version":[{"id":549,"href":"https:\/\/isuppa.com\/biblioteca\/index.php\/wp-json\/wp\/v2\/pages\/536\/revisions\/549"}],"wp:attachment":[{"href":"https:\/\/isuppa.com\/biblioteca\/index.php\/wp-json\/wp\/v2\/media?parent=536"}],"curies":[{"name":"wp","href":"https:\/\/api.w.org\/{rel}","templated":true}]}}