{"id":562,"date":"2023-10-29T10:59:08","date_gmt":"2023-10-29T10:59:08","guid":{"rendered":"https:\/\/isuppa.com\/biblioteca\/?page_id=562"},"modified":"2025-06-27T14:27:45","modified_gmt":"2025-06-27T14:27:45","slug":"estagio-supervissionado-i-e-ii","status":"publish","type":"page","link":"https:\/\/isuppa.com\/biblioteca\/index.php\/estagio-supervissionado-i-e-ii\/","title":{"rendered":"Est\u00e1gio Supervissionado (I e II)"},"content":{"rendered":"\n<p><a href=\"https:\/\/isuppa.com\/biblioteca\/wp-content\/uploads\/2023\/10\/O-Regulamento-do-TFC-do-ISUP.pdf\">O Regulamento do TFC do ISUP<\/a><\/p>\n\n\n\n<p><a href=\"https:\/\/isuppa.com\/biblioteca\/wp-content\/uploads\/2023\/10\/Guia-APA-VR.Final_.pdf\">Guia APA VR.Final<\/a><\/p>\n\n\n\n<p><a href=\"https:\/\/www.feevale.br\/Comum\/midias\/0163c988-1f5d-496f-b118-a6e009a7a2f9\/E-book%20Metodologia%20do%20Trabalho%20Cientifico.pdf\">Prodanov, Cleber Cristiano. Metodologia do trabalho cient\u00edfico [recurso eletr\u00f4nico] : m\u00e9todos e t\u00e9cnicas da pesquisa e do trabalho acad\u00eamico \/ Cleber Cristiano Prodanov, Ernani Cesar de Freitas. \u2013 2. ed. \u2013 Novo Hamburgo: Feevale, 2013.<\/a><\/p>\n","protected":false},"excerpt":{"rendered":"<p>O Regulamento do TFC do ISUP Guia APA VR.Final Prodanov, Cleber Cristiano. Metodologia do trabalho cient\u00edfico [recurso eletr\u00f4nico] : m\u00e9todos e t\u00e9cnicas da pesquisa e do trabalho acad\u00eamico \/ Cleber Cristiano Prodanov, Ernani Cesar de Freitas. \u2013 2. ed. \u2013 Novo Hamburgo: Feevale, 2013.<\/p>\n","protected":false},"author":1,"featured_media":0,"parent":0,"menu_order":0,"comment_status":"closed","ping_status":"closed","template":"","meta":{"footnotes":""},"_links":{"self":[{"href":"https:\/\/isuppa.com\/biblioteca\/index.php\/wp-json\/wp\/v2\/pages\/562"}],"collection":[{"href":"https:\/\/isuppa.com\/biblioteca\/index.php\/wp-json\/wp\/v2\/pages"}],"about":[{"href":"https:\/\/isuppa.com\/biblioteca\/index.php\/wp-json\/wp\/v2\/types\/page"}],"author":[{"embeddable":true,"href":"https:\/\/isuppa.com\/biblioteca\/index.php\/wp-json\/wp\/v2\/users\/1"}],"replies":[{"embeddable":true,"href":"https:\/\/isuppa.com\/biblioteca\/index.php\/wp-json\/wp\/v2\/comments?post=562"}],"version-history":[{"count":3,"href":"https:\/\/isuppa.com\/biblioteca\/index.php\/wp-json\/wp\/v2\/pages\/562\/revisions"}],"predecessor-version":[{"id":2120,"href":"https:\/\/isuppa.com\/biblioteca\/index.php\/wp-json\/wp\/v2\/pages\/562\/revisions\/2120"}],"wp:attachment":[{"href":"https:\/\/isuppa.com\/biblioteca\/index.php\/wp-json\/wp\/v2\/media?parent=562"}],"curies":[{"name":"wp","href":"https:\/\/api.w.org\/{rel}","templated":true}]}}