{"id":569,"date":"2023-11-06T11:54:38","date_gmt":"2023-11-06T11:54:38","guid":{"rendered":"https:\/\/isuppa.com\/biblioteca\/?page_id=569"},"modified":"2025-06-24T21:25:58","modified_gmt":"2025-06-24T21:25:58","slug":"construccao-civil","status":"publish","type":"page","link":"https:\/\/isuppa.com\/biblioteca\/index.php\/construccao-civil\/","title":{"rendered":"Constru\u00e7\u00e3o Civil"},"content":{"rendered":"\n<figure class=\"wp-block-image size-full\"><img decoding=\"async\" loading=\"lazy\" width=\"309\" height=\"205\" src=\"https:\/\/isuppa.com\/biblioteca\/wp-content\/uploads\/2023\/11\/CC.png\" alt=\"\" class=\"wp-image-805\" srcset=\"https:\/\/isuppa.com\/biblioteca\/wp-content\/uploads\/2023\/11\/CC.png 309w, https:\/\/isuppa.com\/biblioteca\/wp-content\/uploads\/2023\/11\/CC-300x199.png 300w\" sizes=\"(max-width: 309px) 100vw, 309px\" \/><\/figure>\n\n\n\n<p><\/p>\n\n\n\n<p>1.\u00ba Ano<\/p>\n\n\n\n<ul>\n<li><a href=\"https:\/\/isuppa.com\/biblioteca\/index.php\/fisica-da-construccao\/\">F\u00edsica dos meios cont\u00ednuos<\/a><\/li>\n\n\n\n<li><a href=\"https:\/\/isuppa.com\/biblioteca\/index.php\/lingua-portuguesa\/\">L\u00edngua Portuguesa<\/a><\/li>\n\n\n\n<li><a href=\"https:\/\/isuppa.com\/biblioteca\/index.php\/fundamentos-de-matematica\/\">Fundamentos de Matem\u00e1tica<\/a><\/li>\n\n\n\n<li><a href=\"https:\/\/isuppa.com\/biblioteca\/index.php\/metodologia-de-investigacao-cientifica\/\">M\u00e9todo de Investiga\u00e7\u00e3o Cient\u00edfica<\/a><\/li>\n\n\n\n<li><a href=\"https:\/\/isuppa.com\/biblioteca\/index.php\/informatica-na-optica-de-utilizador\/\">Inform\u00e1tica na \u00d3ptica de Utilizador<\/a><\/li>\n\n\n\n<li><a href=\"https:\/\/isuppa.com\/biblioteca\/index.php\/2023\/10\/28\/ingles-tecnico-i\/\">Ingl\u00eas T\u00e9cnico I<\/a><\/li>\n\n\n\n<li><a href=\"https:\/\/isuppa.com\/biblioteca\/index.php\/analise-matematica\/\">Analise Matem\u00e1tica<\/a><\/li>\n\n\n\n<li><a href=\"https:\/\/isuppa.com\/biblioteca\/index.php\/algebra-linear-e-geometria-analitica\/\">\u00c1lgebra Linear e Geometria Anal\u00edtica<\/a><\/li>\n\n\n\n<li><a href=\"https:\/\/www.infolivros.org\/pdfview\/geometria-basica-dirce-uesu-pesco-roberto-geraldo-tavares-arnaut-222\/http:\/\/200.19.248.10:8002\/professores\/garciant\/Geom%20Descr\/apostila_-_geometria_descritiva_b_sica%5B1%5D.pdf\">Geometria Descritiva<\/a><\/li>\n<\/ul>\n\n\n\n<ul id=\"block-563f8566-0ece-4dfb-8bc3-dcdd9420ff3c\">\n<li><a href=\"https:\/\/isuppa.com\/biblioteca\/index.php\/2023\/10\/28\/fisica-i\/\">F\u00edsica I<\/a><\/li>\n\n\n\n<li><a href=\"https:\/\/www.infolivros.org\/pdfview\/mecanica-dos-fluidos-para-fisicos-uma-introducao-frederique-grassi-466\/ https:\/\/www.infolivros.org\/pdfview\/mecanica-dos-fluidos-universidade-santa-cecilia-466\/\">mec\u00e2nica dos fluidos<\/a><\/li>\n\n\n\n<li>I<a href=\"https:\/\/isuppa.com\/biblioteca\/index.php\/2023\/10\/28\/ingles-tecnico-i\/\">ngl\u00eas T\u00e9cnico II<\/a><\/li>\n\n\n\n<li><a href=\"https:\/\/isuppa.com\/biblioteca\/index.php\/desenho-tecnico-i\/\">DESENHO TECNICO I<\/a><\/li>\n\n\n\n<li><a href=\"https:\/\/isuppa.com\/biblioteca\/wp-admin\/post.php?post=1701&amp;action=edit\">DESENHO TECNICO II<\/a><\/li>\n\n\n\n<li><a href=\"https:\/\/www.infolivros.org\/pdfview\/7806-geologia-gisele-pietrobelli-e-eliza-do-belem-tratz\/\">GEOLOGIA APLICADA<\/a><\/li>\n\n\n\n<li><a href=\"https:\/\/isuppa.com\/biblioteca\/index.php\/introducao-a-engenharia-c-civil\/\">INTRODU\u00c7\u00c3O A ENGENHARIA<\/a><\/li>\n<\/ul>\n\n\n\n<p>2.\u00ba Ano<\/p>\n\n\n\n<ul id=\"block-4fe86d23-f9a3-4f25-8bab-04140f351a21\">\n<li>R<a href=\"https:\/\/www.infolivros.org\/pdfview\/curso-de-resistencia-dos-materiais-sergio-persival-baroncini-proenca-16\/\">ESISTENCIA DOS MATERIAIS I<\/a><\/li>\n\n\n\n<li><a href=\"https:\/\/www.infolivros.org\/pdfview\/manual-do-arquiteto-e-urbanista-conselho-de-arquitetura-e-urbanismo-do-brasil-26\/ https:\/\/www.infolivros.org\/pdfview\/arquitetura-e-urbanismo-planejando-e-edificando-espacos-bianca-camargo-martins-26\/ https:\/\/www.infolivros.org\/pdfview\/arquitetura-e-urbanismo-forma-espaco-e-design-jeanine-mafra-migliorini-26\/\">Elementos de arquitetura e urbanismo<\/a><\/li>\n\n\n\n<li>R<a href=\"https:\/\/www.infolivros.org\/pdfview\/complementos-de-resistencia-dos-materiais-jose-elias-laier-joao-carlos-barreiro-e-walter-savassi-16\/\">ESISTENCIA DOS MATERIAIS II<\/a><\/li>\n\n\n\n<li><a href=\"https:\/\/isuppa.com\/biblioteca\/index.php\/fisica-2\/\">F\u00edsica II<\/a><\/li>\n\n\n\n<li>Fundamentos de Redes El\u00e9ctrica, Telecomunica\u00e7\u00f5es e AVAC<\/li>\n\n\n\n<li><a href=\"https:\/\/www.infolivros.org\/pdfview\/impactos-das-tecnologias-na-engenharia-quimica-atena-editora-129\/\">QUIMICA DA CONSTRU\u00c7\u00d5 CIVIL<\/a><\/li>\n\n\n\n<li><a href=\"https:\/\/www.infolivros.org\/pdfview\/fundamentos-de-topografia-luis-koenig-maria-zehnpfennig-e-pedro-luis-faggion-16\/\">TOPOGRAFIA II<\/a><\/li>\n\n\n\n<li>M<a href=\"https:\/\/www.infolivros.org\/pdfview\/fundamentos-de-estruturas-ludimilla-da-silveira-ferreira-org-16\/\">ateriais de constru\u00e7\u00e3o civil<\/a><\/li>\n\n\n\n<li><a href=\"https:\/\/www.infolivros.org\/pdfview\/11389-hidraulica-geral-maria-madalena-v-moreira-vasconcelos\/\">HIDRAULICA GERA<\/a>L<\/li>\n\n\n\n<li><a href=\"https:\/\/www.infolivros.org\/pdfview\/11193-analise-de-estruturas-i-instituto-superior-tecnico\/\">TEORIA <\/a>DE ESTRUTURA<\/li>\n\n\n\n<li><a href=\"https:\/\/isuppa.com\/biblioteca\/index.php\/fisica-da-construccao\/\">F\u00edsica da Constru\u00e7\u00e3o<\/a><\/li>\n\n\n\n<li>A<a href=\"https:\/\/isuppa.com\/biblioteca\/index.php\/analise-matematico-ii\/\">nalise Matem\u00e1tica II<\/a><\/li>\n\n\n\n<li><a href=\"https:\/\/isuppa.com\/biblioteca\/index.php\/quimica\/\">Qu\u00edmica Geral<\/a><\/li>\n\n\n\n<li><a href=\"https:\/\/isuppa.com\/biblioteca\/index.php\/analise-matematico-iii\/\">Analise Matem\u00e1tica III<\/a><\/li>\n<\/ul>\n\n\n\n<p>3\u00ba ano<\/p>\n\n\n\n<ul>\n<li><a href=\"https:\/\/www.infolivros.org\/pdfview\/11193-analise-de-estruturas-i-instituto-superior-tecnico\/\">TEORIA <\/a>DE ESTRUTURA II<\/li>\n\n\n\n<li><a href=\"https:\/\/www.infolivros.org\/pdfview\/fundamentos-de-topografia-luis-koenig-maria-zehnpfennig-e-pedro-luis-faggion-16\/\">&nbsp;TOPOGRAFIA I<\/a><\/li>\n\n\n\n<li>Constru\u00e7\u00e3o Civil II, Estrutura Met\u00e1licas e Mistas, Gest\u00e3o de Empreendimento, Engenharia de Tr\u00e1fego e Transporte<\/li>\n\n\n\n<li><a href=\"https:\/\/isuppa.com\/biblioteca\/index.php\/hidraulica-aplicada\/\">HIDRAULICA APLICADA<\/a>&nbsp;I<\/li>\n\n\n\n<li><a href=\"https:\/\/www.infolivros.org\/pdfview\/mecanica-dos-solidos-volume-i-humberto-breve-coda-16\/ https:\/\/www.infolivros.org\/pdfview\/mecanica-dos-solidos-volume-ii-humberto-breve-coda-16\/ https:\/\/www.infolivros.org\/pdfview\/11330-fundacoes-j-barreiros-martins\/ https:\/\/www.infolivros.org\/pdfview\/11319-mecanica-dos-solos-ii-erinaldo-hilario-cavalcante\/\">MECANICA DOS SOLOS E DAS ROCHAS I <\/a><\/li>\n\n\n\n<li><a href=\"https:\/\/isuppa.com\/biblioteca\/index.php\/probabilidade-e-estatistica\/\">Probabilidade e Estat\u00edstica<\/a><\/li>\n\n\n\n<li><a href=\"https:\/\/www.infolivros.org\/pdfview\/11194-fundamentos-do-concreto-armado-paulo-sergio-bastos\/\">ESTRUTURA DE BET\u00c3O ARMADO I<\/a> <\/li>\n\n\n\n<li><a href=\"https:\/\/www.infolivros.org\/pdfview\/11192-estruturas-metalicas-jeferson-souza-maira-oliveira-da-silva-e-matheus-do-santos-ferreira\/\">Estrutura Met\u00e1lica I<\/a><\/li>\n\n\n\n<li>Constru\u00e7\u00e3o Civil II, Conserva\u00e7\u00e3o E Reabilita\u00e7\u00e3o de Edif\u00edcios, Funda\u00e7\u00e3o e estruturas especiais, Tratamento de \u00c1gua de abastecimento e \u00c1guas residuais<\/li>\n\n\n\n<li><a href=\"https:\/\/isuppa.com\/biblioteca\/index.php\/hidraulica-aplicada\/\">HIDRAULICA APLICADA<\/a>&nbsp;II<\/li>\n\n\n\n<li><a href=\"https:\/\/www.infolivros.org\/pdfview\/mecanica-dos-solidos-volume-i-humberto-breve-coda-16\/ https:\/\/www.infolivros.org\/pdfview\/mecanica-dos-solidos-volume-ii-humberto-breve-coda-16\/ https:\/\/www.infolivros.org\/pdfview\/11330-fundacoes-j-barreiros-martins\/ https:\/\/www.infolivros.org\/pdfview\/11319-mecanica-dos-solos-ii-erinaldo-hilario-cavalcante\/\">MECANICA DOS SOLOS E DAS ROCHAS II<\/a> <\/li>\n<\/ul>\n\n\n\n<p>4\u00ba ano<\/p>\n\n\n\n<ul>\n<li>SI<a href=\"https:\/\/www.infolivros.org\/pdfview\/geografia-1-carmen-rejane-flores-wizniewsky-eliane-maria-foleto-marilucia-ben-dos-reis-valdir-skrzypczak-e-joao-silvano-zanon-161\/\">STEMA DE INFORMA\u00c7\u00c3O GEOGRAFICA<\/a><\/li>\n<\/ul>\n\n\n\n<ul>\n<li>H<a href=\"https:\/\/www.infolivros.org\/pdfview\/11401-instalacoes-e-equipamentos-hidraulicos-apresentacao-miguel-gukovas-j-rodolfo-s-martins-e-ronan-cleber-contrera\/\">IDRAULICA URBANA<\/a><\/li>\n\n\n\n<li><a href=\"https:\/\/isuppa.com\/biblioteca\/index.php\/vias-de-comunicacao\/\">VIAS DE COMUNICA\u00c7\u00c3O<\/a><\/li>\n\n\n\n<li><a href=\"https:\/\/www.infolivros.org\/pdfview\/11411-gestao-da-zona-costeira-filipe-duarte-santos-antonio-mota-lopes-e-gabriela-moniz\/\">HIDRAULICA MARTIMA E OBRAS PORTUARIAS<\/a><\/li>\n\n\n\n<li><a href=\"https:\/\/www.infolivros.org\/pdfview\/11191-estruturas-de-madeira-francisco-a-romero-gesualdo\/ https:\/\/www.infolivros.org\/pdfview\/11192-estruturas-metalicas-jeferson-souza-maira-oliveira-da-silva-e-matheus-do-santos-ferreira\/ https:\/\/www.infolivros.org\/pdfview\/11195-estruturas-de-madeira-angela-do-valle-poliana-dias-de-moraes-e-carlos-alberto-szucs\/ https:\/\/www.infolivros.org\/pdfview\/11195-estruturas-de-madeira-angela-do-valle-poliana-dias-de-moraes-e-carlos-alberto-szucs\/\">ESTRUTURAS DE MADEIRA E METALICA<\/a><\/li>\n\n\n\n<li><a href=\"https:\/\/www.infolivros.org\/pdfview\/7548-manual-de-introducao-aos-concietos-orca https:\/\/www.infolivros.org\/pdfview\/7555-manual-tecnico-de-orcamento-portal-da-transparencia-do-estado-do-parana\/mentarios-universidade-estadual-do-sudoeste-da-bahia\/\">Planeamento de or\u00e7amento e Controle de Obras<\/a><\/li>\n\n\n\n<li><a href=\"https:\/\/www.infolivros.org\/pdfview\/11194-fundamentos-do-concreto-armado-paulo-sergio-bastos\/\">&nbsp;BET\u00c3O ARMADO<\/a><\/li>\n\n\n\n<li><a href=\"https:\/\/isuppa.com\/biblioteca\/index.php\/orcamento-de-obras\/\">OR\u00c7AMENTO DE OBRAS<\/a><\/li>\n\n\n\n<li><a href=\"https:\/\/pt.scribd.com\/document\/732196628\/Estruturas-metalicas-2%C2%AA-Edicao-Livro\">ESTRUTURA METALICA II<\/a><\/li>\n\n\n\n<li><a href=\"https:\/\/www.gov.br\/transportes\/pt-br\/assuntos\/transporte-aereo\/copy_of_MInfraManual_AeroportuarioSAC_final.pdf https:\/\/ler.letras.up.pt\/uploads\/ficheiros\/9959.pdf https:\/\/www.gov.br\/transportes\/pt-br\/assuntos\/transporte-aereo\/copy_of_MInfraManual_AeroportuarioSAC_final.pdf\">Aeroporto\/Aer\u00f3dromo<\/a><\/li>\n\n\n\n<li><a href=\"https:\/\/pt.scribd.com\/document\/652344819\/Caminhos-de-Ferro-Professor-Frederico-Carvalho\">caminho de ferro<\/a><\/li>\n\n\n\n<li><a href=\"https:\/\/www.academia.edu\/45274719\/PONTES_EM_CONCRETO_ARMADO_WALTER_PFEIL\">Ponte<\/a><\/li>\n<\/ul>\n\n\n\n<p>5\u00ba ano<\/p>\n\n\n\n<ul>\n<li><a href=\"https:\/\/www.lendo.org\/monografia-pronta-exemplos-e-modelos-no-word-e-pdf\/\">Introdu\u00e7\u00e3o a Monografia<\/a><\/li>\n<\/ul>\n\n\n\n<ul>\n<li><a href=\"https:\/\/isuppa.com\/biblioteca\/index.php\/etica-e-deontologia-profissional\/\">\u00c9tica e Deontologia Profissional<\/a><\/li>\n\n\n\n<li>Est\u00e1gio sobre Seguran\u00e7a no Trabalho<\/li>\n\n\n\n<li><a href=\"https:\/\/www.infolivros.org\/pdfview\/1453-introducao-a-engenharia-ambiental-marilu-pereira-serafim-parsekian-e-joao-sergio-cordeiro\/\">Introdu\u00e7\u00e3o a Engenharia Ambiental<\/a><\/li>\n\n\n\n<li><a href=\"https:\/\/pt.scribd.com\/document\/838485427\/PRINCIPIOS-DA-ENGENHARIA-DE-TRAFEGO\">Princ\u00edpios da Engenharia de tr\u00e1fego<\/a><\/li>\n\n\n\n<li><a href=\"https:\/\/www.lendo.org\/monografia-pronta-exemplos-e-modelos-no-word-e-pdf\/\">Monografia de fim de curso<\/a><br><a href=\"https:\/\/isuppa.com\/biblioteca\/index.php\/estagio-supervissionado-i-e-ii\/\">Tecnica de Reda\u00e7\u00e3o de Monografia<\/a><\/li>\n<\/ul>\n\n\n\n<p><\/p>\n","protected":false},"excerpt":{"rendered":"<p>1.\u00ba Ano 2.\u00ba Ano 3\u00ba ano 4\u00ba ano 5\u00ba ano<\/p>\n","protected":false},"author":1,"featured_media":0,"parent":0,"menu_order":0,"comment_status":"closed","ping_status":"closed","template":"","meta":{"footnotes":""},"_links":{"self":[{"href":"https:\/\/isuppa.com\/biblioteca\/index.php\/wp-json\/wp\/v2\/pages\/569"}],"collection":[{"href":"https:\/\/isuppa.com\/biblioteca\/index.php\/wp-json\/wp\/v2\/pages"}],"about":[{"href":"https:\/\/isuppa.com\/biblioteca\/index.php\/wp-json\/wp\/v2\/types\/page"}],"author":[{"embeddable":true,"href":"https:\/\/isuppa.com\/biblioteca\/index.php\/wp-json\/wp\/v2\/users\/1"}],"replies":[{"embeddable":true,"href":"https:\/\/isuppa.com\/biblioteca\/index.php\/wp-json\/wp\/v2\/comments?post=569"}],"version-history":[{"count":40,"href":"https:\/\/isuppa.com\/biblioteca\/index.php\/wp-json\/wp\/v2\/pages\/569\/revisions"}],"predecessor-version":[{"id":2065,"href":"https:\/\/isuppa.com\/biblioteca\/index.php\/wp-json\/wp\/v2\/pages\/569\/revisions\/2065"}],"wp:attachment":[{"href":"https:\/\/isuppa.com\/biblioteca\/index.php\/wp-json\/wp\/v2\/media?parent=569"}],"curies":[{"name":"wp","href":"https:\/\/api.w.org\/{rel}","templated":true}]}}