{"id":59,"date":"2023-10-15T14:17:21","date_gmt":"2023-10-15T14:17:21","guid":{"rendered":"https:\/\/isuppa.com\/biblioteca\/?page_id=59"},"modified":"2024-06-21T21:10:42","modified_gmt":"2024-06-21T21:10:42","slug":"licenciatura-em-enfermagem","status":"publish","type":"page","link":"https:\/\/isuppa.com\/biblioteca\/index.php\/licenciatura-em-enfermagem\/","title":{"rendered":"Licenciatura em Enfermagem"},"content":{"rendered":"\n<figure class=\"wp-block-image size-full is-style-default\"><img decoding=\"async\" loading=\"lazy\" width=\"298\" height=\"251\" src=\"https:\/\/isuppa.com\/biblioteca\/wp-content\/uploads\/2023\/11\/Logo.png\" alt=\"\" class=\"wp-image-798\"\/><\/figure>\n\n\n\n<div class=\"wp-block-group is-layout-constrained wp-block-group-is-layout-constrained\"><div class=\"wp-block-group__inner-container\">\n<div class=\"wp-block-columns is-layout-flex wp-container-2 wp-block-columns-is-layout-flex\">\n<div class=\"wp-block-column is-layout-flow wp-block-column-is-layout-flow\" style=\"flex-basis:100%\">\n<ul>\n<li>1.\u00ba Ano\n<ul>\n<li><a href=\"https:\/\/isuppa.com\/biblioteca\/index.php\/bioquimica\/\">Bioqu\u00edmica<\/a><\/li>\n\n\n\n<li><a href=\"https:\/\/isuppa.com\/biblioteca\/index.php\/histologia-e-embriologia\/\">Histologia e Embriologia<\/a><\/li>\n\n\n\n<li><a href=\"https:\/\/isuppa.com\/biblioteca\/index.php\/anatomia-humana\/\">Anatomia Humana<\/a><\/li>\n\n\n\n<li><a href=\"https:\/\/isuppa.com\/biblioteca\/index.php\/filosofia\/\">Filosofia<\/a><\/li>\n\n\n\n<li><a href=\"https:\/\/isuppa.com\/biblioteca\/index.php\/introducao-a-enfermagem\/\">Introdu\u00e7\u00e3o \u00e0 Enfermagem<\/a><\/li>\n\n\n\n<li><a href=\"https:\/\/isuppa.com\/biblioteca\/index.php\/estagio-ensino-clinico\/\">Est\u00e1gio (Ensino Cl\u00ednico)<\/a><\/li>\n\n\n\n<li><a href=\"http:\/\/ead.isuppa.com\/course\/view.php?id=94\">Metodologia de Investiga\u00e7\u00e3o Cient\u00edfica em Enfermagem<\/a><\/li>\n\n\n\n<li><a href=\"http:\/\/ead.isuppa.com\/course\/view.php?id=96\">Portugu\u00eas I e II<\/a><\/li>\n<\/ul>\n<\/li>\n\n\n\n<li>1.\u00ba Semestre\n<ul>\n<li><a href=\"https:\/\/isuppa.com\/biblioteca\/index.php\/biologia-celular-e-molecular\/\">Biologia Celular e Molecular<\/a><\/li>\n\n\n\n<li><a class=\"\" href=\"http:\/\/ead.isuppa.com\/course\/view.php?id=95\">\u00c9tica e Deontologia em Enfermagem<\/a><\/li>\n<\/ul>\n<\/li>\n\n\n\n<li>2.\u00ba Semestre\n<ul>\n<li><a href=\"https:\/\/isuppa.com\/biblioteca\/index.php\/imunologia\/\">Imunologia<\/a><\/li>\n\n\n\n<li><a href=\"https:\/\/isuppa.com\/biblioteca\/index.php\/demografia\/\">Demografia<\/a><\/li>\n\n\n\n<li><a href=\"https:\/\/isuppa.com\/biblioteca\/index.php\/microbiologia\/\">Microbiologia<\/a><\/li>\n<\/ul>\n<\/li>\n\n\n\n<li>2.\u00ba Ano\n<ul>\n<li><a href=\"https:\/\/isuppa.com\/biblioteca\/index.php\/ensino-clinico-contexto-hospitalar\/\">Ensino Cl\u00ednico Contexto Hospitalar<\/a><\/li>\n\n\n\n<li><a href=\"https:\/\/isuppa.com\/biblioteca\/index.php\/farmacologia\/\">Farmacologia<\/a><\/li>\n\n\n\n<li><a href=\"https:\/\/isuppa.com\/biblioteca\/index.php\/ingles-i\/\">Ingl\u00eas<\/a><\/li>\n\n\n\n<li>3.\u00ba Semestre\n<ul>\n<li><a href=\"https:\/\/isuppa.com\/biblioteca\/index.php\/parasitologia\/\">Parasitologia<\/a><\/li>\n\n\n\n<li><a href=\"https:\/\/isuppa.com\/biblioteca\/index.php\/epidemiologia\/\">Epidemiologia<\/a><\/li>\n\n\n\n<li><a href=\"http:\/\/ead.isuppa.com\/course\/view.php?id=94\">Metodologia de Investiga\u00e7\u00e3o Cient\u00edfica em Enfermagem<\/a><\/li>\n\n\n\n<li><a href=\"https:\/\/isuppa.com\/biblioteca\/index.php\/psicologia-geral-2\/\">Psicologia Geral<\/a><\/li>\n\n\n\n<li><a href=\"https:\/\/isuppa.com\/biblioteca\/index.php\/principios-de-ensino\/\">Princ\u00edpios de Ensino<\/a><\/li>\n\n\n\n<li><a href=\"https:\/\/isuppa.com\/biblioteca\/index.php\/socio-antropologia-aplicada-a-enfermagem\/\">Socio-Antropologia Aplicada a Enfermagem<\/a><\/li>\n\n\n\n<li><a href=\"https:\/\/isuppa.com\/biblioteca\/index.php\/genetica-humana\/\">Gen\u00e9tica Humana<\/a><\/li>\n<\/ul>\n<\/li>\n\n\n\n<li>4.\u00ba Semestre \n<ul>\n<li><a href=\"https:\/\/isuppa.com\/biblioteca\/wp-content\/uploads\/2024\/06\/Patologia.txt\">Patologia General<\/a><\/li>\n\n\n\n<li><a href=\"https:\/\/isuppa.com\/biblioteca\/index.php\/enfermagem-comunitaria-2\/\">Enfermagem Comunit\u00e1ria<\/a><\/li>\n\n\n\n<li><a href=\"https:\/\/isuppa.com\/biblioteca\/index.php\/psicologia-social-2\/\">Psicologia Social<\/a><\/li>\n\n\n\n<li><a href=\"https:\/\/isuppa.com\/biblioteca\/index.php\/sociologia-e-saude\/\">Sociologia e Sa\u00fade<\/a><\/li>\n\n\n\n<li><a href=\"https:\/\/isuppa.com\/biblioteca\/index.php\/optativas\/\">Optativa<\/a><\/li>\n<\/ul>\n<\/li>\n<\/ul>\n<\/li>\n\n\n\n<li>3.\u00ba Ano\n<ul>\n<li><a href=\"https:\/\/isuppa.com\/biblioteca\/wp-content\/uploads\/2024\/06\/EnfermagemMedicoCirurgico.txt\">Enfermagem M\u00e9dico-Cir\u00fargica<\/a><\/li>\n\n\n\n<li><a href=\"https:\/\/isuppa.com\/biblioteca\/index.php\/enfermagem-em-saude-da-crianca-e-adolescente\/\">Enfermagem em Sa\u00fade da Crian\u00e7a e Adolescente<\/a><\/li>\n\n\n\n<li><a href=\"https:\/\/isuppa.com\/biblioteca\/index.php\/enfermagem-na-saude-da-mulher\/\">Enfermagem na Sa\u00fade da Mulher<\/a><\/li>\n\n\n\n<li><a href=\"https:\/\/isuppa.com\/biblioteca\/index.php\/ingles-i\/\">Ingl\u00eas<\/a>\n<ul>\n<li><\/li>\n<\/ul>\n<\/li>\n\n\n\n<li>5.\u00ba Semestre \n<ul>\n<li><a href=\"https:\/\/isuppa.com\/biblioteca\/wp-content\/uploads\/2024\/06\/EnfermagemSaudeMental.txt\">Enfermagem em Sa\u00fade Mental e Psiqui\u00e1trica<\/a><\/li>\n\n\n\n<li><a href=\"https:\/\/isuppa.com\/biblioteca\/index.php\/enfermagem-gerontologica-e-geriatrica\/\">Enfermagem Gerontol\u00f3gica e Geri\u00e1trica<\/a><\/li>\n\n\n\n<li><a href=\"https:\/\/isuppa.com\/biblioteca\/wp-content\/uploads\/2024\/06\/Gestao-em-saude.txt\">Gest\u00e3o e Assist\u00eancia de Enfermagem a Pacientes Diferenciados<\/a><\/li>\n\n\n\n<li><a href=\"https:\/\/isuppa.com\/biblioteca\/index.php\/estatistica-descritiva-2\/\">Estat\u00edstica Descritiva<\/a><\/li>\n<\/ul>\n<\/li>\n\n\n\n<li>6.\u00ba Semestre \n<ul>\n<li><a href=\"https:\/\/isuppa.com\/biblioteca\/index.php\/urgencias-em-enfermagem\/\">Urg\u00eancias em Enfermagem<\/a><\/li>\n\n\n\n<li><a href=\"https:\/\/isuppa.com\/biblioteca\/index.php\/gestao-e-administracao-de-enfermagem-em-servicos-e-programas-de-saude\/\">Gest\u00e3o e Administra\u00e7\u00e3o de Enfermagem em Servi\u00e7os e Programas de Sa\u00fade<\/a><\/li>\n\n\n\n<li><a href=\"https:\/\/isuppa.com\/biblioteca\/wp-content\/uploads\/2024\/06\/estatisca_inferencial.txt\">Estat\u00edstica Inferencial<\/a><\/li>\n<\/ul>\n<\/li>\n<\/ul>\n<\/li>\n\n\n\n<li>Extras\n<ul>\n<li><a href=\"https:\/\/isuppa.com\/biblioteca\/wp-content\/uploads\/2024\/04\/ReadacaoArtigosCientificos.pdf\">No\u00e7\u00f5es B\u00e1sicas Sobre Publica\u00e7\u00f5es Cient\u00edficas<\/a><\/li>\n<\/ul>\n<\/li>\n<\/ul>\n\n\n\n<p><\/p>\n<\/div>\n<\/div>\n\n\n\n<div class=\"wp-block-group has-white-background-color has-background is-layout-flow wp-block-group-is-layout-flow\" style=\"padding-top:var(--wp--preset--spacing--80);padding-right:0;padding-bottom:var(--wp--preset--spacing--80);padding-left:0\"><div class=\"wp-block-group__inner-container\">\n<ul class=\"wp-block-social-links has-normal-icon-size has-icon-color has-icon-background-color is-content-justification-center is-layout-flex wp-container-3 wp-block-social-links-is-layout-flex\" style=\"padding-top:var(--wp--preset--spacing--60);padding-bottom:var(--wp--preset--spacing--60)\"><li style=\"color: #000000; background-color: #ffffff; \" class=\"wp-social-link wp-social-link-instagram has-black-color has-white-background-color wp-block-social-link\"><a href=\"https:\/\/wordpress.org\/patterns\/\" class=\"wp-block-social-link-anchor\"><svg width=\"24\" height=\"24\" viewBox=\"0 0 24 24\" version=\"1.1\" xmlns=\"http:\/\/www.w3.org\/2000\/svg\" aria-hidden=\"true\" focusable=\"false\"><path d=\"M12,4.622c2.403,0,2.688,0.009,3.637,0.052c0.877,0.04,1.354,0.187,1.671,0.31c0.42,0.163,0.72,0.358,1.035,0.673 c0.315,0.315,0.51,0.615,0.673,1.035c0.123,0.317,0.27,0.794,0.31,1.671c0.043,0.949,0.052,1.234,0.052,3.637 s-0.009,2.688-0.052,3.637c-0.04,0.877-0.187,1.354-0.31,1.671c-0.163,0.42-0.358,0.72-0.673,1.035 c-0.315,0.315-0.615,0.51-1.035,0.673c-0.317,0.123-0.794,0.27-1.671,0.31c-0.949,0.043-1.233,0.052-3.637,0.052 s-2.688-0.009-3.637-0.052c-0.877-0.04-1.354-0.187-1.671-0.31c-0.42-0.163-0.72-0.358-1.035-0.673 c-0.315-0.315-0.51-0.615-0.673-1.035c-0.123-0.317-0.27-0.794-0.31-1.671C4.631,14.688,4.622,14.403,4.622,12 s0.009-2.688,0.052-3.637c0.04-0.877,0.187-1.354,0.31-1.671c0.163-0.42,0.358-0.72,0.673-1.035 c0.315-0.315,0.615-0.51,1.035-0.673c0.317-0.123,0.794-0.27,1.671-0.31C9.312,4.631,9.597,4.622,12,4.622 M12,3 C9.556,3,9.249,3.01,8.289,3.054C7.331,3.098,6.677,3.25,6.105,3.472C5.513,3.702,5.011,4.01,4.511,4.511 c-0.5,0.5-0.808,1.002-1.038,1.594C3.25,6.677,3.098,7.331,3.054,8.289C3.01,9.249,3,9.556,3,12c0,2.444,0.01,2.751,0.054,3.711 c0.044,0.958,0.196,1.612,0.418,2.185c0.23,0.592,0.538,1.094,1.038,1.594c0.5,0.5,1.002,0.808,1.594,1.038 c0.572,0.222,1.227,0.375,2.185,0.418C9.249,20.99,9.556,21,12,21s2.751-0.01,3.711-0.054c0.958-0.044,1.612-0.196,2.185-0.418 c0.592-0.23,1.094-0.538,1.594-1.038c0.5-0.5,0.808-1.002,1.038-1.594c0.222-0.572,0.375-1.227,0.418-2.185 C20.99,14.751,21,14.444,21,12s-0.01-2.751-0.054-3.711c-0.044-0.958-0.196-1.612-0.418-2.185c-0.23-0.592-0.538-1.094-1.038-1.594 c-0.5-0.5-1.002-0.808-1.594-1.038c-0.572-0.222-1.227-0.375-2.185-0.418C14.751,3.01,14.444,3,12,3L12,3z M12,7.378 c-2.552,0-4.622,2.069-4.622,4.622S9.448,16.622,12,16.622s4.622-2.069,4.622-4.622S14.552,7.378,12,7.378z M12,15 c-1.657,0-3-1.343-3-3s1.343-3,3-3s3,1.343,3,3S13.657,15,12,15z M16.804,6.116c-0.596,0-1.08,0.484-1.08,1.08 s0.484,1.08,1.08,1.08c0.596,0,1.08-0.484,1.08-1.08S17.401,6.116,16.804,6.116z\"><\/path><\/svg><span class=\"wp-block-social-link-label screen-reader-text\">Instagram<\/span><\/a><\/li>\n\n<li style=\"color: #000000; background-color: #ffffff; \" class=\"wp-social-link wp-social-link-bandcamp has-black-color has-white-background-color wp-block-social-link\"><a href=\"https:\/\/wordpress.org\/patterns\/\" class=\"wp-block-social-link-anchor\"><svg width=\"24\" height=\"24\" viewBox=\"0 0 24 24\" version=\"1.1\" xmlns=\"http:\/\/www.w3.org\/2000\/svg\" aria-hidden=\"true\" focusable=\"false\"><path d=\"M15.27 17.289 3 17.289 8.73 6.711 21 6.711 15.27 17.289\"><\/path><\/svg><span class=\"wp-block-social-link-label screen-reader-text\">Bandcamp<\/span><\/a><\/li>\n\n<li style=\"color: #000000; background-color: #ffffff; \" class=\"wp-social-link wp-social-link-twitter has-black-color has-white-background-color wp-block-social-link\"><a href=\"https:\/\/wordpress.org\/patterns\/\" class=\"wp-block-social-link-anchor\"><svg width=\"24\" height=\"24\" viewBox=\"0 0 24 24\" version=\"1.1\" xmlns=\"http:\/\/www.w3.org\/2000\/svg\" aria-hidden=\"true\" focusable=\"false\"><path d=\"M22.23,5.924c-0.736,0.326-1.527,0.547-2.357,0.646c0.847-0.508,1.498-1.312,1.804-2.27 c-0.793,0.47-1.671,0.812-2.606,0.996C18.324,4.498,17.257,4,16.077,4c-2.266,0-4.103,1.837-4.103,4.103 c0,0.322,0.036,0.635,0.106,0.935C8.67,8.867,5.647,7.234,3.623,4.751C3.27,5.357,3.067,6.062,3.067,6.814 c0,1.424,0.724,2.679,1.825,3.415c-0.673-0.021-1.305-0.206-1.859-0.513c0,0.017,0,0.034,0,0.052c0,1.988,1.414,3.647,3.292,4.023 c-0.344,0.094-0.707,0.144-1.081,0.144c-0.264,0-0.521-0.026-0.772-0.074c0.522,1.63,2.038,2.816,3.833,2.85 c-1.404,1.1-3.174,1.756-5.096,1.756c-0.331,0-0.658-0.019-0.979-0.057c1.816,1.164,3.973,1.843,6.29,1.843 c7.547,0,11.675-6.252,11.675-11.675c0-0.178-0.004-0.355-0.012-0.531C20.985,7.47,21.68,6.747,22.23,5.924z\"><\/path><\/svg><span class=\"wp-block-social-link-label screen-reader-text\">Twitter<\/span><\/a><\/li>\n\n<li style=\"color: #000000; background-color: #ffffff; \" class=\"wp-social-link wp-social-link-twitch has-black-color has-white-background-color wp-block-social-link\"><a href=\"https:\/\/wordpress.org\/patterns\/\" class=\"wp-block-social-link-anchor\"><svg width=\"24\" height=\"24\" viewBox=\"0 0 24 24\" version=\"1.1\" xmlns=\"http:\/\/www.w3.org\/2000\/svg\" aria-hidden=\"true\" focusable=\"false\"><path d=\"M16.499,8.089h-1.636v4.91h1.636V8.089z M12,8.089h-1.637v4.91H12V8.089z M4.228,3.178L3,6.451v13.092h4.499V22h2.456 l2.454-2.456h3.681L21,14.636V3.178H4.228z M19.364,13.816l-2.864,2.865H12l-2.453,2.453V16.68H5.863V4.814h13.501V13.816z\"><\/path><\/svg><span class=\"wp-block-social-link-label screen-reader-text\">Twitch<\/span><\/a><\/li><\/ul>\n<\/div><\/div>\n<\/div><\/div>\n","protected":false},"excerpt":{"rendered":"","protected":false},"author":1,"featured_media":0,"parent":0,"menu_order":0,"comment_status":"closed","ping_status":"closed","template":"","meta":{"footnotes":""},"_links":{"self":[{"href":"https:\/\/isuppa.com\/biblioteca\/index.php\/wp-json\/wp\/v2\/pages\/59"}],"collection":[{"href":"https:\/\/isuppa.com\/biblioteca\/index.php\/wp-json\/wp\/v2\/pages"}],"about":[{"href":"https:\/\/isuppa.com\/biblioteca\/index.php\/wp-json\/wp\/v2\/types\/page"}],"author":[{"embeddable":true,"href":"https:\/\/isuppa.com\/biblioteca\/index.php\/wp-json\/wp\/v2\/users\/1"}],"replies":[{"embeddable":true,"href":"https:\/\/isuppa.com\/biblioteca\/index.php\/wp-json\/wp\/v2\/comments?post=59"}],"version-history":[{"count":25,"href":"https:\/\/isuppa.com\/biblioteca\/index.php\/wp-json\/wp\/v2\/pages\/59\/revisions"}],"predecessor-version":[{"id":957,"href":"https:\/\/isuppa.com\/biblioteca\/index.php\/wp-json\/wp\/v2\/pages\/59\/revisions\/957"}],"wp:attachment":[{"href":"https:\/\/isuppa.com\/biblioteca\/index.php\/wp-json\/wp\/v2\/media?parent=59"}],"curies":[{"name":"wp","href":"https:\/\/api.w.org\/{rel}","templated":true}]}}