{"id":674,"date":"2023-11-06T20:39:52","date_gmt":"2023-11-06T20:39:52","guid":{"rendered":"https:\/\/isuppa.com\/biblioteca\/?page_id=674"},"modified":"2023-11-06T20:39:53","modified_gmt":"2023-11-06T20:39:53","slug":"termodinamica","status":"publish","type":"page","link":"https:\/\/isuppa.com\/biblioteca\/index.php\/termodinamica\/","title":{"rendered":"Termodin\u00e2mica"},"content":{"rendered":"\n<p><a href=\"https:\/\/isuppa.com\/biblioteca\/wp-content\/uploads\/2023\/10\/DCT_T_Termodinamica-Adir-Moyses-Luiz-Sergio-Lins-Gouveia-Z-Library.pdf\">DCT_T_Termodin\u00e2mica (Adir Moys\u00e9s Luiz, Sergio Lins Gouveia)<\/a><\/p>\n\n\n\n<p><a href=\"https:\/\/isuppa.com\/biblioteca\/wp-content\/uploads\/2023\/10\/DCT_T_Fisica-II-Termodinamica-e-Ondas-Hugh-D.-Young-Roger-A.-Freedman-Z-Library.pdf\">DCT_T_F\u00edsica II Termodin\u00e2mica e Ondas (Hugh D. Young, Roger A. Freedman)<\/a><\/p>\n\n\n\n<p><a href=\"https:\/\/isuppa.com\/biblioteca\/wp-content\/uploads\/2023\/10\/DCT_T_Shapiro_Principios_da_Termodinamica_7aed.pdf\">DCT_T_Shapiro_Principios_da_Termodinamica (7\u00aa ed.)<\/a><\/p>\n\n\n\n<p><a href=\"https:\/\/isuppa.com\/biblioteca\/wp-content\/uploads\/2023\/10\/DCT_T_Fundamentos-da-Termodinamica-Sonntag-Borgnakke-Van-Wylen-Z-Library-1.pdf\">DCT_T_Fundamentos da Termodin\u00e2mica (Sonntag, Borgnakke, Van Wylen)<\/a><\/p>\n","protected":false},"excerpt":{"rendered":"<p>DCT_T_Termodin\u00e2mica (Adir Moys\u00e9s Luiz, Sergio Lins Gouveia) DCT_T_F\u00edsica II Termodin\u00e2mica e Ondas (Hugh D. Young, Roger A. Freedman) DCT_T_Shapiro_Principios_da_Termodinamica (7\u00aa ed.) DCT_T_Fundamentos da Termodin\u00e2mica (Sonntag, Borgnakke, Van Wylen)<\/p>\n","protected":false},"author":1,"featured_media":0,"parent":0,"menu_order":0,"comment_status":"closed","ping_status":"closed","template":"","meta":{"footnotes":""},"_links":{"self":[{"href":"https:\/\/isuppa.com\/biblioteca\/index.php\/wp-json\/wp\/v2\/pages\/674"}],"collection":[{"href":"https:\/\/isuppa.com\/biblioteca\/index.php\/wp-json\/wp\/v2\/pages"}],"about":[{"href":"https:\/\/isuppa.com\/biblioteca\/index.php\/wp-json\/wp\/v2\/types\/page"}],"author":[{"embeddable":true,"href":"https:\/\/isuppa.com\/biblioteca\/index.php\/wp-json\/wp\/v2\/users\/1"}],"replies":[{"embeddable":true,"href":"https:\/\/isuppa.com\/biblioteca\/index.php\/wp-json\/wp\/v2\/comments?post=674"}],"version-history":[{"count":1,"href":"https:\/\/isuppa.com\/biblioteca\/index.php\/wp-json\/wp\/v2\/pages\/674\/revisions"}],"predecessor-version":[{"id":675,"href":"https:\/\/isuppa.com\/biblioteca\/index.php\/wp-json\/wp\/v2\/pages\/674\/revisions\/675"}],"wp:attachment":[{"href":"https:\/\/isuppa.com\/biblioteca\/index.php\/wp-json\/wp\/v2\/media?parent=674"}],"curies":[{"name":"wp","href":"https:\/\/api.w.org\/{rel}","templated":true}]}}