{"id":682,"date":"2023-11-06T21:00:45","date_gmt":"2023-11-06T21:00:45","guid":{"rendered":"https:\/\/isuppa.com\/biblioteca\/?page_id=682"},"modified":"2023-11-06T21:00:45","modified_gmt":"2023-11-06T21:00:45","slug":"instalacoes-electricas","status":"publish","type":"page","link":"https:\/\/isuppa.com\/biblioteca\/index.php\/instalacoes-electricas\/","title":{"rendered":"Instala\u00e7\u00f5es El\u00e9ctricas"},"content":{"rendered":"\n<p><a href=\"https:\/\/isuppa.com\/biblioteca\/wp-content\/uploads\/2023\/10\/Luminotecnica.pdf\">Luminot\u00e9cnica<\/a><\/p>\n\n\n\n<p><a href=\"https:\/\/isuppa.com\/biblioteca\/wp-content\/uploads\/2023\/10\/Microsoft-Word-IIITransmissao.doc.pdf\"> III Transmiss\u00e3o<\/a><\/p>\n\n\n\n<p><a href=\"https:\/\/isuppa.com\/biblioteca\/wp-content\/uploads\/2023\/10\/manual_de_tarifacao.pdf\">Manual de tarifa\u00e7\u00e3o<\/a><\/p>\n\n\n\n<p><a href=\"https:\/\/isuppa.com\/biblioteca\/wp-content\/uploads\/2023\/10\/Instalacoes_Eletricas_II_PARTE1_22_02_2013.pdf\">Instala\u00e7\u00f5es_El\u00e9tricas_II<\/a><\/p>\n\n\n\n<p><a href=\"https:\/\/isuppa.com\/biblioteca\/wp-content\/uploads\/2023\/10\/Geracao_transmissao_e_distribuicao_de_en.pdf\">Gera\u00e7\u00e3o transmiss\u00e3o e distribui\u00e7\u00e3o<\/a><\/p>\n","protected":false},"excerpt":{"rendered":"<p>Luminot\u00e9cnica III Transmiss\u00e3o Manual de tarifa\u00e7\u00e3o Instala\u00e7\u00f5es_El\u00e9tricas_II Gera\u00e7\u00e3o transmiss\u00e3o e distribui\u00e7\u00e3o<\/p>\n","protected":false},"author":1,"featured_media":0,"parent":0,"menu_order":0,"comment_status":"closed","ping_status":"closed","template":"","meta":{"footnotes":""},"_links":{"self":[{"href":"https:\/\/isuppa.com\/biblioteca\/index.php\/wp-json\/wp\/v2\/pages\/682"}],"collection":[{"href":"https:\/\/isuppa.com\/biblioteca\/index.php\/wp-json\/wp\/v2\/pages"}],"about":[{"href":"https:\/\/isuppa.com\/biblioteca\/index.php\/wp-json\/wp\/v2\/types\/page"}],"author":[{"embeddable":true,"href":"https:\/\/isuppa.com\/biblioteca\/index.php\/wp-json\/wp\/v2\/users\/1"}],"replies":[{"embeddable":true,"href":"https:\/\/isuppa.com\/biblioteca\/index.php\/wp-json\/wp\/v2\/comments?post=682"}],"version-history":[{"count":1,"href":"https:\/\/isuppa.com\/biblioteca\/index.php\/wp-json\/wp\/v2\/pages\/682\/revisions"}],"predecessor-version":[{"id":683,"href":"https:\/\/isuppa.com\/biblioteca\/index.php\/wp-json\/wp\/v2\/pages\/682\/revisions\/683"}],"wp:attachment":[{"href":"https:\/\/isuppa.com\/biblioteca\/index.php\/wp-json\/wp\/v2\/media?parent=682"}],"curies":[{"name":"wp","href":"https:\/\/api.w.org\/{rel}","templated":true}]}}