{"id":685,"date":"2023-11-06T21:05:22","date_gmt":"2023-11-06T21:05:22","guid":{"rendered":"https:\/\/isuppa.com\/biblioteca\/?page_id=685"},"modified":"2023-11-06T21:05:22","modified_gmt":"2023-11-06T21:05:22","slug":"electronica-de-potencia","status":"publish","type":"page","link":"https:\/\/isuppa.com\/biblioteca\/index.php\/electronica-de-potencia\/","title":{"rendered":"Electr\u00f3nica de Pot\u00eancia"},"content":{"rendered":"\n<p><a href=\"https:\/\/isuppa.com\/biblioteca\/wp-content\/uploads\/2023\/10\/DCT_EE_0407EP_Eletronica-de-Potencia-Ashfaq-Ahmed.pdf\">DCT_EE_0407EP_Eletr\u00f4nica de Pot\u00eancia (Ashfaq Ahmed)<\/a><\/p>\n\n\n\n<p><a href=\"https:\/\/isuppa.com\/biblioteca\/wp-content\/uploads\/2023\/10\/DCT_EE_0407EP_Eletronica-de-potencia-Dispositivos-circuitos-e-aplicacoes-Muhammad-H.-Rashid.pdf\">DCT_EE_0407EP_Dispositivos, circuitos e aplica\u00e7\u00f5es (Muhammad H. Rashid)<\/a><\/p>\n\n\n\n<p><a href=\"https:\/\/isuppa.com\/biblioteca\/wp-content\/uploads\/2023\/10\/DCT_EE_0407EP_Eletronica_Analogica_Fundamentos_para_o.pdf\">DCT_EE_0407EP_Eletronica_Analogica_Fundamentos<\/a><\/p>\n","protected":false},"excerpt":{"rendered":"<p>DCT_EE_0407EP_Eletr\u00f4nica de Pot\u00eancia (Ashfaq Ahmed) DCT_EE_0407EP_Dispositivos, circuitos e aplica\u00e7\u00f5es (Muhammad H. Rashid) DCT_EE_0407EP_Eletronica_Analogica_Fundamentos<\/p>\n","protected":false},"author":1,"featured_media":0,"parent":0,"menu_order":0,"comment_status":"closed","ping_status":"closed","template":"","meta":{"footnotes":""},"_links":{"self":[{"href":"https:\/\/isuppa.com\/biblioteca\/index.php\/wp-json\/wp\/v2\/pages\/685"}],"collection":[{"href":"https:\/\/isuppa.com\/biblioteca\/index.php\/wp-json\/wp\/v2\/pages"}],"about":[{"href":"https:\/\/isuppa.com\/biblioteca\/index.php\/wp-json\/wp\/v2\/types\/page"}],"author":[{"embeddable":true,"href":"https:\/\/isuppa.com\/biblioteca\/index.php\/wp-json\/wp\/v2\/users\/1"}],"replies":[{"embeddable":true,"href":"https:\/\/isuppa.com\/biblioteca\/index.php\/wp-json\/wp\/v2\/comments?post=685"}],"version-history":[{"count":1,"href":"https:\/\/isuppa.com\/biblioteca\/index.php\/wp-json\/wp\/v2\/pages\/685\/revisions"}],"predecessor-version":[{"id":686,"href":"https:\/\/isuppa.com\/biblioteca\/index.php\/wp-json\/wp\/v2\/pages\/685\/revisions\/686"}],"wp:attachment":[{"href":"https:\/\/isuppa.com\/biblioteca\/index.php\/wp-json\/wp\/v2\/media?parent=685"}],"curies":[{"name":"wp","href":"https:\/\/api.w.org\/{rel}","templated":true}]}}