{"id":688,"date":"2023-11-06T21:07:40","date_gmt":"2023-11-06T21:07:40","guid":{"rendered":"https:\/\/isuppa.com\/biblioteca\/?page_id=688"},"modified":"2023-11-06T21:07:40","modified_gmt":"2023-11-06T21:07:40","slug":"accionamento","status":"publish","type":"page","link":"https:\/\/isuppa.com\/biblioteca\/index.php\/accionamento\/","title":{"rendered":"Accionamento"},"content":{"rendered":"\n<p><a href=\"https:\/\/isuppa.com\/biblioteca\/wp-content\/uploads\/2023\/10\/DCT_EE_0407A_Lista2_CDP_Tarifas_Motores.pdf\">Tarifas Motores<\/a><\/p>\n\n\n\n<p><a href=\"https:\/\/isuppa.com\/biblioteca\/wp-content\/uploads\/2023\/10\/DCT_EE_0407A_Acionamentos-El-tricos_2008.pdf\">Accionamentos El\u00e9ctricos<\/a><\/p>\n\n\n\n<p><a href=\"https:\/\/isuppa.com\/biblioteca\/wp-content\/uploads\/2023\/10\/DCT_EE_0407A_apostila-comandos-1-colorida-130320084537-phpapp01.pdf\">Apostila-comandos-1-colorida<\/a><\/p>\n\n\n\n<p><a href=\"https:\/\/isuppa.com\/biblioteca\/wp-content\/uploads\/2023\/10\/DCT_EE_0407A_apostila-basica.pdf\">Apostila B\u00e1sica<\/a><\/p>\n\n\n\n<p><a href=\"https:\/\/isuppa.com\/biblioteca\/wp-content\/uploads\/2023\/10\/DCT_EE_0407A_APOSTILA_ACIONAMENTOS-ELETRICOS_2008_Neemias.pdf\">Apostila Accionamentos<\/a><\/p>\n\n\n\n<p><a href=\"https:\/\/isuppa.com\/biblioteca\/wp-content\/uploads\/2023\/10\/DCT_EE_0407A_acionamentos-eletricos-claiton-franchi-Z-Library.pdf\">Accionamentos El\u00e9ctricos<\/a><\/p>\n\n\n\n<p><a href=\"https:\/\/isuppa.com\/biblioteca\/wp-content\/uploads\/2023\/10\/DCT_EE_0407A_M1-Comando-e-Protecao.pdf\">Comando e Protec\u00e7\u00e3o<\/a><\/p>\n","protected":false},"excerpt":{"rendered":"<p>Tarifas Motores Accionamentos El\u00e9ctricos Apostila-comandos-1-colorida Apostila B\u00e1sica Apostila Accionamentos Accionamentos El\u00e9ctricos Comando e Protec\u00e7\u00e3o<\/p>\n","protected":false},"author":1,"featured_media":0,"parent":0,"menu_order":0,"comment_status":"closed","ping_status":"closed","template":"","meta":{"footnotes":""},"_links":{"self":[{"href":"https:\/\/isuppa.com\/biblioteca\/index.php\/wp-json\/wp\/v2\/pages\/688"}],"collection":[{"href":"https:\/\/isuppa.com\/biblioteca\/index.php\/wp-json\/wp\/v2\/pages"}],"about":[{"href":"https:\/\/isuppa.com\/biblioteca\/index.php\/wp-json\/wp\/v2\/types\/page"}],"author":[{"embeddable":true,"href":"https:\/\/isuppa.com\/biblioteca\/index.php\/wp-json\/wp\/v2\/users\/1"}],"replies":[{"embeddable":true,"href":"https:\/\/isuppa.com\/biblioteca\/index.php\/wp-json\/wp\/v2\/comments?post=688"}],"version-history":[{"count":1,"href":"https:\/\/isuppa.com\/biblioteca\/index.php\/wp-json\/wp\/v2\/pages\/688\/revisions"}],"predecessor-version":[{"id":689,"href":"https:\/\/isuppa.com\/biblioteca\/index.php\/wp-json\/wp\/v2\/pages\/688\/revisions\/689"}],"wp:attachment":[{"href":"https:\/\/isuppa.com\/biblioteca\/index.php\/wp-json\/wp\/v2\/media?parent=688"}],"curies":[{"name":"wp","href":"https:\/\/api.w.org\/{rel}","templated":true}]}}