{"id":705,"date":"2023-11-08T19:28:26","date_gmt":"2023-11-08T19:28:26","guid":{"rendered":"https:\/\/isuppa.com\/biblioteca\/?page_id=705"},"modified":"2023-11-08T19:28:27","modified_gmt":"2023-11-08T19:28:27","slug":"teoria-de-campo","status":"publish","type":"page","link":"https:\/\/isuppa.com\/biblioteca\/index.php\/teoria-de-campo\/","title":{"rendered":"Teoria de Campo"},"content":{"rendered":"\n<p><a href=\"https:\/\/isuppa.com\/biblioteca\/wp-content\/uploads\/2023\/10\/DCT_TC_Fisica-III-Eletromagnetismo-Hugh-D.-Young-Roger-A.-Freedman-z-lib.org_.pdf\">DCT_TC_Eletromagnetismo (Hugh D. Young, Roger A. Freedman)<\/a><\/p>\n\n\n\n<p><a href=\"https:\/\/isuppa.com\/biblioteca\/wp-content\/uploads\/2023\/10\/DCT_TC_Eletromagnetismo-William-H.-Hayt-7a-Edicao-Livro.pdf\">DCT_TC_Eletromagnetismo &#8211; William H. Hayt 7\u00aa Edi\u00e7\u00e3o<\/a><\/p>\n\n\n\n<p><a href=\"https:\/\/isuppa.com\/biblioteca\/wp-content\/uploads\/2023\/10\/DCT_TC_Fundamentos-De-Fisica-Eletromagnetismo-Vol.-3-Robert-Resnick-David-Halliday-Jearl-Walker-Z-Library.pdf\">DCT_TC_Fundamentos De F\u00edsica Eletromagnetismo &#8211; Vol. 3 (10.\u00aa ed.)<\/a><\/p>\n","protected":false},"excerpt":{"rendered":"<p>DCT_TC_Eletromagnetismo (Hugh D. Young, Roger A. Freedman) DCT_TC_Eletromagnetismo &#8211; William H. Hayt 7\u00aa Edi\u00e7\u00e3o DCT_TC_Fundamentos De F\u00edsica Eletromagnetismo &#8211; Vol. 3 (10.\u00aa ed.)<\/p>\n","protected":false},"author":1,"featured_media":0,"parent":0,"menu_order":0,"comment_status":"closed","ping_status":"closed","template":"","meta":{"footnotes":""},"_links":{"self":[{"href":"https:\/\/isuppa.com\/biblioteca\/index.php\/wp-json\/wp\/v2\/pages\/705"}],"collection":[{"href":"https:\/\/isuppa.com\/biblioteca\/index.php\/wp-json\/wp\/v2\/pages"}],"about":[{"href":"https:\/\/isuppa.com\/biblioteca\/index.php\/wp-json\/wp\/v2\/types\/page"}],"author":[{"embeddable":true,"href":"https:\/\/isuppa.com\/biblioteca\/index.php\/wp-json\/wp\/v2\/users\/1"}],"replies":[{"embeddable":true,"href":"https:\/\/isuppa.com\/biblioteca\/index.php\/wp-json\/wp\/v2\/comments?post=705"}],"version-history":[{"count":1,"href":"https:\/\/isuppa.com\/biblioteca\/index.php\/wp-json\/wp\/v2\/pages\/705\/revisions"}],"predecessor-version":[{"id":706,"href":"https:\/\/isuppa.com\/biblioteca\/index.php\/wp-json\/wp\/v2\/pages\/705\/revisions\/706"}],"wp:attachment":[{"href":"https:\/\/isuppa.com\/biblioteca\/index.php\/wp-json\/wp\/v2\/media?parent=705"}],"curies":[{"name":"wp","href":"https:\/\/api.w.org\/{rel}","templated":true}]}}