{"id":708,"date":"2023-11-08T19:32:02","date_gmt":"2023-11-08T19:32:02","guid":{"rendered":"https:\/\/isuppa.com\/biblioteca\/?page_id=708"},"modified":"2023-11-08T19:32:03","modified_gmt":"2023-11-08T19:32:03","slug":"analise-matematico-ii","status":"publish","type":"page","link":"https:\/\/isuppa.com\/biblioteca\/index.php\/analise-matematico-ii\/","title":{"rendered":"An\u00e1lise Matem\u00e1tico II"},"content":{"rendered":"\n<p><a href=\"https:\/\/isuppa.com\/biblioteca\/wp-content\/uploads\/2023\/10\/DCT_AMII_Calculo-Diferencial-e-Integral-Schaum.pdf\">DCT_AMII_Calculo Diferencial e Integral Schaum<\/a><\/p>\n\n\n\n<p><a href=\"https:\/\/isuppa.com\/biblioteca\/wp-content\/uploads\/2023\/10\/DCT_AMII_Calculo-II.pdf\">DCT_AMII_C\u00e1lculo II (1)<\/a><\/p>\n\n\n\n<p><a href=\"https:\/\/isuppa.com\/biblioteca\/wp-content\/uploads\/2023\/10\/DCT_AMII_CalculoII.pdf\">DCT_AMII_Calculo II (2)<\/a><\/p>\n\n\n\n<p><a href=\"https:\/\/isuppa.com\/biblioteca\/wp-content\/uploads\/2023\/10\/DCT_AMII_Licoes-de-Calculo-Integral-em-Varias-Variaveis.pdf\">DCT_AMII_Licoes de Calculo Integral em V\u00e1rias Vari\u00e1veis<\/a><\/p>\n\n\n\n<p><a href=\"https:\/\/isuppa.com\/biblioteca\/wp-content\/uploads\/2023\/10\/DCT_EET_FM_0101_sabUm-Curso-de-Calculo-Vol.1-5aEd.Guidorizzi-Blog-conhec.pdf\">C\u00e1lculo I<\/a><\/p>\n\n\n\n<p><a href=\"https:\/\/isuppa.com\/biblioteca\/wp-content\/uploads\/2023\/10\/analisis_mat-G.N.-Berman.pdf\">An\u00e1lise Matem\u00e1tico (Berman)<\/a><\/p>\n","protected":false},"excerpt":{"rendered":"<p>DCT_AMII_Calculo Diferencial e Integral Schaum DCT_AMII_C\u00e1lculo II (1) DCT_AMII_Calculo II (2) DCT_AMII_Licoes de Calculo Integral em V\u00e1rias Vari\u00e1veis C\u00e1lculo I An\u00e1lise Matem\u00e1tico (Berman)<\/p>\n","protected":false},"author":1,"featured_media":0,"parent":0,"menu_order":0,"comment_status":"closed","ping_status":"closed","template":"","meta":{"footnotes":""},"_links":{"self":[{"href":"https:\/\/isuppa.com\/biblioteca\/index.php\/wp-json\/wp\/v2\/pages\/708"}],"collection":[{"href":"https:\/\/isuppa.com\/biblioteca\/index.php\/wp-json\/wp\/v2\/pages"}],"about":[{"href":"https:\/\/isuppa.com\/biblioteca\/index.php\/wp-json\/wp\/v2\/types\/page"}],"author":[{"embeddable":true,"href":"https:\/\/isuppa.com\/biblioteca\/index.php\/wp-json\/wp\/v2\/users\/1"}],"replies":[{"embeddable":true,"href":"https:\/\/isuppa.com\/biblioteca\/index.php\/wp-json\/wp\/v2\/comments?post=708"}],"version-history":[{"count":1,"href":"https:\/\/isuppa.com\/biblioteca\/index.php\/wp-json\/wp\/v2\/pages\/708\/revisions"}],"predecessor-version":[{"id":709,"href":"https:\/\/isuppa.com\/biblioteca\/index.php\/wp-json\/wp\/v2\/pages\/708\/revisions\/709"}],"wp:attachment":[{"href":"https:\/\/isuppa.com\/biblioteca\/index.php\/wp-json\/wp\/v2\/media?parent=708"}],"curies":[{"name":"wp","href":"https:\/\/api.w.org\/{rel}","templated":true}]}}