{"id":712,"date":"2023-11-08T20:05:51","date_gmt":"2023-11-08T20:05:51","guid":{"rendered":"https:\/\/isuppa.com\/biblioteca\/?page_id=712"},"modified":"2023-11-08T20:05:51","modified_gmt":"2023-11-08T20:05:51","slug":"analise-matematico-iii","status":"publish","type":"page","link":"https:\/\/isuppa.com\/biblioteca\/index.php\/analise-matematico-iii\/","title":{"rendered":"An\u00e1lise Matem\u00e1tico III"},"content":{"rendered":"\n<p><a href=\"https:\/\/isuppa.com\/biblioteca\/wp-content\/uploads\/2023\/10\/Analise-Matematica-III-Espinosa.pdf\">An\u00e1lise Matem\u00e1tico III<\/a><\/p>\n\n\n\n<p><a href=\"https:\/\/isuppa.com\/biblioteca\/wp-content\/uploads\/2023\/10\/Analise-Matematica-IV-Espinosa.pdf\">An\u00e1lise Matem\u00e1tico IV<\/a><\/p>\n\n\n\n<p><a href=\"https:\/\/isuppa.com\/biblioteca\/wp-content\/uploads\/2023\/10\/ANALISISMATEMATICOtomo-ICarlos-Sanchez-Fernandez-2.pdf\">An\u00e1lise Matem\u00e1tico (Tomo II)<\/a><\/p>\n\n\n\n<p><a href=\"https:\/\/isuppa.com\/biblioteca\/wp-content\/uploads\/2023\/10\/DCT_EET_FM_0101_sabUm-Curso-de-Calculo-Vol.1-5aEd.Guidorizzi-Blog-conhec.pdf\">C\u00e1lculo I<\/a><\/p>\n\n\n\n<p><a href=\"https:\/\/isuppa.com\/biblioteca\/wp-content\/uploads\/2023\/10\/DCT_AMII_Calculo-II.pdf\">C\u00e1lculo II<\/a><\/p>\n\n\n\n<p><a href=\"https:\/\/isuppa.com\/biblioteca\/wp-content\/uploads\/2023\/10\/analisis_mat-G.N.-Berman.pdf\">An\u00e1lise Matem\u00e1tico (Bergman)<\/a><\/p>\n","protected":false},"excerpt":{"rendered":"<p>An\u00e1lise Matem\u00e1tico III An\u00e1lise Matem\u00e1tico IV An\u00e1lise Matem\u00e1tico (Tomo II) C\u00e1lculo I C\u00e1lculo II An\u00e1lise Matem\u00e1tico (Bergman)<\/p>\n","protected":false},"author":1,"featured_media":0,"parent":0,"menu_order":0,"comment_status":"closed","ping_status":"closed","template":"","meta":{"footnotes":""},"_links":{"self":[{"href":"https:\/\/isuppa.com\/biblioteca\/index.php\/wp-json\/wp\/v2\/pages\/712"}],"collection":[{"href":"https:\/\/isuppa.com\/biblioteca\/index.php\/wp-json\/wp\/v2\/pages"}],"about":[{"href":"https:\/\/isuppa.com\/biblioteca\/index.php\/wp-json\/wp\/v2\/types\/page"}],"author":[{"embeddable":true,"href":"https:\/\/isuppa.com\/biblioteca\/index.php\/wp-json\/wp\/v2\/users\/1"}],"replies":[{"embeddable":true,"href":"https:\/\/isuppa.com\/biblioteca\/index.php\/wp-json\/wp\/v2\/comments?post=712"}],"version-history":[{"count":1,"href":"https:\/\/isuppa.com\/biblioteca\/index.php\/wp-json\/wp\/v2\/pages\/712\/revisions"}],"predecessor-version":[{"id":713,"href":"https:\/\/isuppa.com\/biblioteca\/index.php\/wp-json\/wp\/v2\/pages\/712\/revisions\/713"}],"wp:attachment":[{"href":"https:\/\/isuppa.com\/biblioteca\/index.php\/wp-json\/wp\/v2\/media?parent=712"}],"curies":[{"name":"wp","href":"https:\/\/api.w.org\/{rel}","templated":true}]}}