{"id":718,"date":"2023-11-08T20:25:00","date_gmt":"2023-11-08T20:25:00","guid":{"rendered":"https:\/\/isuppa.com\/biblioteca\/?page_id=718"},"modified":"2023-11-08T20:25:01","modified_gmt":"2023-11-08T20:25:01","slug":"psicologia-geral-2","status":"publish","type":"page","link":"https:\/\/isuppa.com\/biblioteca\/index.php\/psicologia-geral-2\/","title":{"rendered":"Psicologia Geral"},"content":{"rendered":"\n<p><a href=\"https:\/\/isuppa.com\/biblioteca\/wp-content\/uploads\/2023\/11\/PSICOLOGIA-GERAL.pdf\">Psicologia Geral<\/a><\/p>\n\n\n\n<p><a href=\"https:\/\/isuppa.com\/biblioteca\/wp-content\/uploads\/2023\/11\/Manual-de-psicopatologia-5.-ed.-www.meulivro.biz_.pdf\">Manual de psicopatologia<\/a><\/p>\n\n\n\n<p><a href=\"https:\/\/isuppa.com\/biblioteca\/wp-content\/uploads\/2023\/11\/Neuropsicologia-geriatrica-1.-ed.-www.meulivro.biz_.pdf\">Neuropsicologia geri\u00e1trica<\/a><\/p>\n\n\n\n<p><a href=\"https:\/\/isuppa.com\/biblioteca\/wp-content\/uploads\/2023\/11\/A-entrevista-psiquiatrica-na-pratica-clinica-3.-ed.-www.meulivro.biz_.pdf\">A entrevista psiqui\u00e1trica na pr\u00e1tica cl\u00ednica<\/a><\/p>\n","protected":false},"excerpt":{"rendered":"<p>Psicologia Geral Manual de psicopatologia Neuropsicologia geri\u00e1trica A entrevista psiqui\u00e1trica na pr\u00e1tica cl\u00ednica<\/p>\n","protected":false},"author":1,"featured_media":0,"parent":0,"menu_order":0,"comment_status":"closed","ping_status":"closed","template":"","meta":{"footnotes":""},"_links":{"self":[{"href":"https:\/\/isuppa.com\/biblioteca\/index.php\/wp-json\/wp\/v2\/pages\/718"}],"collection":[{"href":"https:\/\/isuppa.com\/biblioteca\/index.php\/wp-json\/wp\/v2\/pages"}],"about":[{"href":"https:\/\/isuppa.com\/biblioteca\/index.php\/wp-json\/wp\/v2\/types\/page"}],"author":[{"embeddable":true,"href":"https:\/\/isuppa.com\/biblioteca\/index.php\/wp-json\/wp\/v2\/users\/1"}],"replies":[{"embeddable":true,"href":"https:\/\/isuppa.com\/biblioteca\/index.php\/wp-json\/wp\/v2\/comments?post=718"}],"version-history":[{"count":1,"href":"https:\/\/isuppa.com\/biblioteca\/index.php\/wp-json\/wp\/v2\/pages\/718\/revisions"}],"predecessor-version":[{"id":723,"href":"https:\/\/isuppa.com\/biblioteca\/index.php\/wp-json\/wp\/v2\/pages\/718\/revisions\/723"}],"wp:attachment":[{"href":"https:\/\/isuppa.com\/biblioteca\/index.php\/wp-json\/wp\/v2\/media?parent=718"}],"curies":[{"name":"wp","href":"https:\/\/api.w.org\/{rel}","templated":true}]}}