{"id":724,"date":"2023-11-08T20:32:26","date_gmt":"2023-11-08T20:32:26","guid":{"rendered":"https:\/\/isuppa.com\/biblioteca\/?page_id=724"},"modified":"2023-11-08T20:32:26","modified_gmt":"2023-11-08T20:32:26","slug":"principios-de-ensino","status":"publish","type":"page","link":"https:\/\/isuppa.com\/biblioteca\/index.php\/principios-de-ensino\/","title":{"rendered":"Princ\u00edpios de Ensino"},"content":{"rendered":"\n<p><a href=\"https:\/\/isuppa.com\/biblioteca\/wp-content\/uploads\/2023\/11\/Democratizacao-da-Escola-Publica-a-Pedagogia-Criti.pdf\">Democratiza\u00e7\u00e3o da Escola P\u00fablica a Pedagogia<\/a><\/p>\n\n\n\n<p><a href=\"https:\/\/isuppa.com\/biblioteca\/wp-content\/uploads\/2023\/11\/1.-A-Importancia-do-Ato-de-Ler.pdf\">A-Import\u00e2ncia do Ato de Ler<\/a><\/p>\n\n\n\n<p><a href=\"https:\/\/isuppa.com\/biblioteca\/wp-content\/uploads\/2023\/11\/16.-Professora-Sim-Tia-Nao.pdf\">Professora Sim Tia N\u00e3o<\/a><\/p>\n\n\n\n<p><a href=\"https:\/\/isuppa.com\/biblioteca\/wp-content\/uploads\/2023\/11\/5.-Educacao-como-Pratica-da-Liberdade.pdf\">Educa\u00e7\u00e3o como Pr\u00e1tica da Liberdade<\/a><\/p>\n\n\n\n<p><a href=\"https:\/\/isuppa.com\/biblioteca\/wp-content\/uploads\/2023\/11\/Anexo-3_Manual-da-Pedagogia-2016-.-ENSINO-CLINICO.pdf\">Manual da Pedagogia (ENSINO CL\u00cdNICO)<\/a><\/p>\n\n\n\n<p><a href=\"https:\/\/isuppa.com\/biblioteca\/wp-content\/uploads\/2023\/11\/Didatica.pdf\">Did\u00e1ctica<\/a><\/p>\n","protected":false},"excerpt":{"rendered":"<p>Democratiza\u00e7\u00e3o da Escola P\u00fablica a Pedagogia A-Import\u00e2ncia do Ato de Ler Professora Sim Tia N\u00e3o Educa\u00e7\u00e3o como Pr\u00e1tica da Liberdade Manual da Pedagogia (ENSINO CL\u00cdNICO) Did\u00e1ctica<\/p>\n","protected":false},"author":1,"featured_media":0,"parent":0,"menu_order":0,"comment_status":"closed","ping_status":"closed","template":"","meta":{"footnotes":""},"_links":{"self":[{"href":"https:\/\/isuppa.com\/biblioteca\/index.php\/wp-json\/wp\/v2\/pages\/724"}],"collection":[{"href":"https:\/\/isuppa.com\/biblioteca\/index.php\/wp-json\/wp\/v2\/pages"}],"about":[{"href":"https:\/\/isuppa.com\/biblioteca\/index.php\/wp-json\/wp\/v2\/types\/page"}],"author":[{"embeddable":true,"href":"https:\/\/isuppa.com\/biblioteca\/index.php\/wp-json\/wp\/v2\/users\/1"}],"replies":[{"embeddable":true,"href":"https:\/\/isuppa.com\/biblioteca\/index.php\/wp-json\/wp\/v2\/comments?post=724"}],"version-history":[{"count":1,"href":"https:\/\/isuppa.com\/biblioteca\/index.php\/wp-json\/wp\/v2\/pages\/724\/revisions"}],"predecessor-version":[{"id":731,"href":"https:\/\/isuppa.com\/biblioteca\/index.php\/wp-json\/wp\/v2\/pages\/724\/revisions\/731"}],"wp:attachment":[{"href":"https:\/\/isuppa.com\/biblioteca\/index.php\/wp-json\/wp\/v2\/media?parent=724"}],"curies":[{"name":"wp","href":"https:\/\/api.w.org\/{rel}","templated":true}]}}