{"id":790,"date":"2023-11-09T06:36:16","date_gmt":"2023-11-09T06:36:16","guid":{"rendered":"https:\/\/isuppa.com\/biblioteca\/?page_id=790"},"modified":"2023-11-09T06:36:17","modified_gmt":"2023-11-09T06:36:17","slug":"gestao-e-administracao-de-enfermagem-em-servicos-e-programas-de-saude","status":"publish","type":"page","link":"https:\/\/isuppa.com\/biblioteca\/index.php\/gestao-e-administracao-de-enfermagem-em-servicos-e-programas-de-saude\/","title":{"rendered":"Gest\u00e3o e Administra\u00e7\u00e3o de Enfermagem em Servi\u00e7os e Programas de Sa\u00fade"},"content":{"rendered":"\n<p><a href=\"https:\/\/isuppa.com\/biblioteca\/wp-content\/uploads\/2023\/11\/HUMANIZACAO.pdf\">Humaniza\u00e7\u00e3o<\/a><\/p>\n\n\n\n<p><a href=\"https:\/\/isuppa.com\/biblioteca\/wp-content\/uploads\/2023\/11\/RECURSOS-HUMANOS.pdf\">Recursos Humanos<\/a><\/p>\n\n\n\n<p><a href=\"https:\/\/isuppa.com\/biblioteca\/wp-content\/uploads\/2023\/11\/Gestao-hospitalar-para-uma-administracao-eficaz-4.-ed.-www.meulivro.biz_.pdf\">Gest\u00e3o hospitalar<\/a><\/p>\n","protected":false},"excerpt":{"rendered":"<p>Humaniza\u00e7\u00e3o Recursos Humanos Gest\u00e3o hospitalar<\/p>\n","protected":false},"author":1,"featured_media":0,"parent":0,"menu_order":0,"comment_status":"closed","ping_status":"closed","template":"","meta":{"footnotes":""},"_links":{"self":[{"href":"https:\/\/isuppa.com\/biblioteca\/index.php\/wp-json\/wp\/v2\/pages\/790"}],"collection":[{"href":"https:\/\/isuppa.com\/biblioteca\/index.php\/wp-json\/wp\/v2\/pages"}],"about":[{"href":"https:\/\/isuppa.com\/biblioteca\/index.php\/wp-json\/wp\/v2\/types\/page"}],"author":[{"embeddable":true,"href":"https:\/\/isuppa.com\/biblioteca\/index.php\/wp-json\/wp\/v2\/users\/1"}],"replies":[{"embeddable":true,"href":"https:\/\/isuppa.com\/biblioteca\/index.php\/wp-json\/wp\/v2\/comments?post=790"}],"version-history":[{"count":1,"href":"https:\/\/isuppa.com\/biblioteca\/index.php\/wp-json\/wp\/v2\/pages\/790\/revisions"}],"predecessor-version":[{"id":794,"href":"https:\/\/isuppa.com\/biblioteca\/index.php\/wp-json\/wp\/v2\/pages\/790\/revisions\/794"}],"wp:attachment":[{"href":"https:\/\/isuppa.com\/biblioteca\/index.php\/wp-json\/wp\/v2\/media?parent=790"}],"curies":[{"name":"wp","href":"https:\/\/api.w.org\/{rel}","templated":true}]}}