{"id":84,"date":"2023-10-15T14:42:48","date_gmt":"2023-10-15T14:42:48","guid":{"rendered":"https:\/\/isuppa.com\/biblioteca\/?page_id=84"},"modified":"2023-10-28T18:46:32","modified_gmt":"2023-10-28T18:46:32","slug":"fisica-2","status":"publish","type":"page","link":"https:\/\/isuppa.com\/biblioteca\/index.php\/fisica-2\/","title":{"rendered":"F\u00edsica II"},"content":{"rendered":"\n<p><a href=\"https:\/\/isuppa.com\/biblioteca\/wp-content\/uploads\/2023\/10\/DCT_EI_0202_F2_-Historia-da-Electricidade_Material-Electrico-e-Automatismos-Industriais.pdf\">Hist\u00f3ria da Electricidade<\/a><\/p>\n\n\n\n<p><a href=\"https:\/\/isuppa.com\/biblioteca\/wp-content\/uploads\/2023\/10\/DCT_EI_0202_F2_Electricidade-Basica-_faculdade-Educacional-de-Colombo.pdf\">Electricidade B\u00e1sica<\/a><\/p>\n\n\n\n<p><a href=\"https:\/\/isuppa.com\/biblioteca\/wp-content\/uploads\/2023\/10\/DCT_EI_0202_F2_Electricidade-e-Magnetismo_Villate.pdf\">Electricidade e Magnetismo<\/a><\/p>\n\n\n\n<p><a href=\"https:\/\/isuppa.com\/biblioteca\/wp-content\/uploads\/2023\/10\/DCT_FII_Fundamentos-de-Eletricidade-Autor-Kelly-Vinente-dos-Santos.pdf\">Fundamentos de Eletricidade<\/a><\/p>\n\n\n\n<p><a href=\"https:\/\/isuppa.com\/biblioteca\/wp-content\/uploads\/2023\/10\/DCT_FII_Instalacoes-Eletricas-Autor-Luiz-Alcides-Mesquita-Lara.pdf\">Instala\u00e7\u00f5es El\u00e9tricas<\/a><\/p>\n\n\n\n<p><\/p>\n","protected":false},"excerpt":{"rendered":"<p>Hist\u00f3ria da Electricidade Electricidade B\u00e1sica Electricidade e Magnetismo Fundamentos de Eletricidade Instala\u00e7\u00f5es El\u00e9tricas<\/p>\n","protected":false},"author":1,"featured_media":0,"parent":0,"menu_order":0,"comment_status":"closed","ping_status":"closed","template":"","meta":{"footnotes":""},"_links":{"self":[{"href":"https:\/\/isuppa.com\/biblioteca\/index.php\/wp-json\/wp\/v2\/pages\/84"}],"collection":[{"href":"https:\/\/isuppa.com\/biblioteca\/index.php\/wp-json\/wp\/v2\/pages"}],"about":[{"href":"https:\/\/isuppa.com\/biblioteca\/index.php\/wp-json\/wp\/v2\/types\/page"}],"author":[{"embeddable":true,"href":"https:\/\/isuppa.com\/biblioteca\/index.php\/wp-json\/wp\/v2\/users\/1"}],"replies":[{"embeddable":true,"href":"https:\/\/isuppa.com\/biblioteca\/index.php\/wp-json\/wp\/v2\/comments?post=84"}],"version-history":[{"count":4,"href":"https:\/\/isuppa.com\/biblioteca\/index.php\/wp-json\/wp\/v2\/pages\/84\/revisions"}],"predecessor-version":[{"id":292,"href":"https:\/\/isuppa.com\/biblioteca\/index.php\/wp-json\/wp\/v2\/pages\/84\/revisions\/292"}],"wp:attachment":[{"href":"https:\/\/isuppa.com\/biblioteca\/index.php\/wp-json\/wp\/v2\/media?parent=84"}],"curies":[{"name":"wp","href":"https:\/\/api.w.org\/{rel}","templated":true}]}}