{"id":95,"date":"2023-10-15T15:22:32","date_gmt":"2023-10-15T15:22:32","guid":{"rendered":"https:\/\/isuppa.com\/biblioteca\/?page_id=95"},"modified":"2023-10-15T15:22:32","modified_gmt":"2023-10-15T15:22:32","slug":"desenho-de-banco-de-dados","status":"publish","type":"page","link":"https:\/\/isuppa.com\/biblioteca\/index.php\/desenho-de-banco-de-dados\/","title":{"rendered":"Desenho de Banco de Dados"},"content":{"rendered":"\n<p><a href=\"https:\/\/isuppa.com\/biblioteca\/wp-content\/uploads\/2023\/10\/DCT_EI_0202_DBDI_Apostila-de-Banco-de-dados_Laboratorio-Nacional-de-Computacao-Cientifica.pdf\">Apostila de Banco de dados<\/a><\/p>\n\n\n\n<p><a href=\"https:\/\/isuppa.com\/biblioteca\/wp-content\/uploads\/2023\/10\/DCT_EI_0202_DBDI_Banco-de-Dados-_Apresentacao_Universidade-Estadual-Paulista.pdf\">Banco de Dados<\/a><\/p>\n\n\n\n<p><a href=\"https:\/\/isuppa.com\/biblioteca\/wp-content\/uploads\/2023\/10\/DCT_EI_0202_DBDI_Bases-de-Dados_Marquez.pdf\">Bases de Dados_(Marquez)<\/a><\/p>\n\n\n\n<p><a href=\"https:\/\/isuppa.com\/biblioteca\/wp-content\/uploads\/2023\/10\/DCT_EI_0202_DBDI_Banco-de-Dados_Conceitos-Apresentacao_Bogorny.pdf\">Banco de Dados Conceitos<\/a><\/p>\n\n\n\n<p><a href=\"https:\/\/isuppa.com\/biblioteca\/wp-content\/uploads\/2023\/10\/DCT_EI_0202_DBDI_Banco-de-Dados_Relacionais-e-Nao-Relacionais-Universidade-de-Verdade.pdf\">Banco de Dados Relacionais e n\u00e3o Relacionais<\/a><\/p>\n\n\n\n<p><a href=\"https:\/\/isuppa.com\/biblioteca\/wp-content\/uploads\/2023\/10\/DCT_EI_0202_DBDI_Fundamentos-de-Banco-de-Dados_NRsystem-Solucoes.pdf\">Fundamentos de Banco de Dados<\/a><\/p>\n\n\n\n<p><a href=\"https:\/\/isuppa.com\/biblioteca\/wp-content\/uploads\/2023\/10\/DCT_EI_0202_DBDI_Historia-do-bancos-de-dados-Artigo_Castelano.pdf\">Hist\u00f3ria dos bancos de dados<\/a><\/p>\n\n\n\n<p><a href=\"https:\/\/isuppa.com\/biblioteca\/wp-content\/uploads\/2023\/10\/DCT_EI_0202_DBDI_Introducao-a-Banco-de-Dados-Apresentacao_Universidade-Federal-do-Parana.pdf\">Introdu\u00e7\u00e3o \u00e0 Banco de Dados<\/a> (I)<\/p>\n\n\n\n<p><a href=\"https:\/\/isuppa.com\/biblioteca\/wp-content\/uploads\/2023\/10\/DCT_EI_0202_DBDI_Introducao-a-Base-de-Dados_Marquez.pdf\">Introdu\u00e7\u00e3o \u00e0 Base de Dados<\/a> (II)<\/p>\n\n\n\n<p><a href=\"https:\/\/isuppa.com\/biblioteca\/wp-content\/uploads\/2023\/10\/DCT_EI_0202_DBDI_ntroducao-a-Banco-de-Dados_Oliveira_Guarienti.pdf\">Introdu\u00e7\u00e3o a Banco de Dados_(Oliveira_Guarienti)<\/a><\/p>\n","protected":false},"excerpt":{"rendered":"<p>Apostila de Banco de dados Banco de Dados Bases de Dados_(Marquez) Banco de Dados Conceitos Banco de Dados Relacionais e n\u00e3o Relacionais Fundamentos de Banco de Dados Hist\u00f3ria dos bancos de dados Introdu\u00e7\u00e3o \u00e0 Banco de Dados (I) Introdu\u00e7\u00e3o \u00e0 Base de Dados (II) Introdu\u00e7\u00e3o a Banco de Dados_(Oliveira_Guarienti)<\/p>\n","protected":false},"author":1,"featured_media":0,"parent":0,"menu_order":0,"comment_status":"closed","ping_status":"closed","template":"","meta":{"footnotes":""},"_links":{"self":[{"href":"https:\/\/isuppa.com\/biblioteca\/index.php\/wp-json\/wp\/v2\/pages\/95"}],"collection":[{"href":"https:\/\/isuppa.com\/biblioteca\/index.php\/wp-json\/wp\/v2\/pages"}],"about":[{"href":"https:\/\/isuppa.com\/biblioteca\/index.php\/wp-json\/wp\/v2\/types\/page"}],"author":[{"embeddable":true,"href":"https:\/\/isuppa.com\/biblioteca\/index.php\/wp-json\/wp\/v2\/users\/1"}],"replies":[{"embeddable":true,"href":"https:\/\/isuppa.com\/biblioteca\/index.php\/wp-json\/wp\/v2\/comments?post=95"}],"version-history":[{"count":1,"href":"https:\/\/isuppa.com\/biblioteca\/index.php\/wp-json\/wp\/v2\/pages\/95\/revisions"}],"predecessor-version":[{"id":96,"href":"https:\/\/isuppa.com\/biblioteca\/index.php\/wp-json\/wp\/v2\/pages\/95\/revisions\/96"}],"wp:attachment":[{"href":"https:\/\/isuppa.com\/biblioteca\/index.php\/wp-json\/wp\/v2\/media?parent=95"}],"curies":[{"name":"wp","href":"https:\/\/api.w.org\/{rel}","templated":true}]}}