{"id":968,"date":"2024-10-23T11:36:56","date_gmt":"2024-10-23T11:36:56","guid":{"rendered":"https:\/\/isuppa.com\/biblioteca\/?page_id=968"},"modified":"2024-10-25T13:26:49","modified_gmt":"2024-10-25T13:26:49","slug":"ensino-primario","status":"publish","type":"page","link":"https:\/\/isuppa.com\/biblioteca\/index.php\/ensino-primario\/","title":{"rendered":"Ensino Prim\u00e1rio"},"content":{"rendered":"\n<ul>\n<li><a href=\"https:\/\/www.marra-la.com\/category\/livros\/\">Livros de Ensino (1.\u00aa at\u00e9 12.\u00aa)<\/a><\/li>\n\n\n\n<li><a href=\"https:\/\/www.tribunalconstitucional.ao\/media\/yfujjfux\/consitui%C3%A7%C3%A3o-infantil.pdf\">Constitui\u00e7\u00e3o da Rep\u00fablica para Crian\u00e7as (Edi\u00e7\u00e3o Especial)<\/a><\/li>\n\n\n\n<li>1.\u00ba Ano\n<ul>\n<li><a href=\"https:\/\/isuppa.com\/biblioteca\/index.php\/anatomia-e-fisiologia-humana-2\/\">Anatomia e Fisiologia Humana<\/a><\/li>\n\n\n\n<li><a href=\"https:\/\/isuppa.com\/biblioteca\/index.php\/filosofia-2\/\">Filosofia Geral<\/a><\/li>\n\n\n\n<li><a href=\"https:\/\/isuppa.com\/biblioteca\/index.php\/historia-da-educacao\/\">Historia da Educa\u00e7\u00e3o<\/a><\/li>\n\n\n\n<li><a href=\"https:\/\/isuppa.com\/biblioteca\/index.php\/informatica-na-optica-de-utilizador\/\">Inform\u00e1tica<\/a><\/li>\n\n\n\n<li><a href=\"https:\/\/isuppa.com\/biblioteca\/index.php\/ingles-tecnico-i-e-ii\/\">L\u00edngua Estrangeira I<\/a><\/li>\n\n\n\n<li><a href=\"https:\/\/isuppa.com\/biblioteca\/index.php\/logica-formal\/\">L\u00f3gica<\/a><\/li>\n\n\n\n<li><a href=\"https:\/\/isuppa.com\/biblioteca\/index.php\/metodologia-de-investigacao-cientifica\/\">Metodologia de Investiga\u00e7\u00e3o Cient\u00edfica<\/a><\/li>\n\n\n\n<li><a href=\"https:\/\/isuppa.com\/biblioteca\/index.php\/pedagogia-geral\/\">Pedagogia Geral<\/a><\/li>\n\n\n\n<li><a href=\"https:\/\/isuppa.com\/biblioteca\/index.php\/lingua-portuguesa\/\">Portugu\u00eas I<\/a><\/li>\n\n\n\n<li><a href=\"https:\/\/isuppa.com\/biblioteca\/index.php\/psicofisiologia\/\">Psicofisiologia<\/a><\/li>\n\n\n\n<li><a href=\"https:\/\/isuppa.com\/biblioteca\/index.php\/psicologia-geral-3\/\">Psicologia Geral<\/a><\/li>\n<\/ul>\n<\/li>\n\n\n\n<li>2.\u00ba Ano\n<ul>\n<li><a href=\"https:\/\/isuppa.com\/biblioteca\/index.php\/demografia-3\/\">Demografia<\/a><\/li>\n\n\n\n<li><a href=\"https:\/\/isuppa.com\/biblioteca\/index.php\/didactica-geral\/\">Did\u00e1ctica Geral<\/a><\/li>\n\n\n\n<li><a href=\"https:\/\/isuppa.com\/biblioteca\/index.php\/estatistica-aplicada-a-educacao\/\">Estat\u00edstica aplicada \u00e0 Educa\u00e7\u00e3o<\/a><\/li>\n\n\n\n<li><a href=\"https:\/\/isuppa.com\/biblioteca\/index.php\/etica-e-deontologia-profissional\/\">\u00c9tica e Deontologia Profissional<\/a><\/li>\n\n\n\n<li><a href=\"https:\/\/isuppa.com\/biblioteca\/index.php\/historia-de-angola\/\">Hist\u00f3ria de Angola<\/a><\/li>\n\n\n\n<li><a href=\"https:\/\/isuppa.com\/biblioteca\/index.php\/ingles-tecnico-i-e-ii\/\">L\u00edngua Estrangeira I<\/a>I<\/li>\n\n\n\n<li><a href=\"https:\/\/isuppa.com\/biblioteca\/index.php\/pedagogia-diferenciada\/\">Pedagogia Diferenciada<\/a><\/li>\n\n\n\n<li><a href=\"https:\/\/isuppa.com\/biblioteca\/index.php\/lingua-portuguesa\/\">Portugu\u00eas II<\/a><\/li>\n\n\n\n<li><a href=\"https:\/\/isuppa.com\/biblioteca\/index.php\/psicologia-do-desenvolvimento\/\">Psicologia do Desenvolvimento<\/a><\/li>\n\n\n\n<li><a href=\"https:\/\/isuppa.com\/biblioteca\/index.php\/psicologia-da-educacao-2\/\">Psicologia da Educa\u00e7\u00e3o<\/a><\/li>\n\n\n\n<li><a href=\"https:\/\/isuppa.com\/biblioteca\/index.php\/sociologia-da-educacao\/\">Sociologia da Educa\u00e7\u00e3o<\/a><\/li>\n\n\n\n<li><a href=\"https:\/\/isuppa.com\/biblioteca\/index.php\/sociologia-geral\/\">Sociologia Geral<\/a><\/li>\n\n\n\n<li><a href=\"https:\/\/isuppa.com\/biblioteca\/index.php\/teoria-da-educacao\">Teoria da Educa\u00e7\u00e3o<\/a><\/li>\n<\/ul>\n<\/li>\n\n\n\n<li>3.\u00ba Ano\n<ul>\n<li><a href=\"https:\/\/isuppa.com\/biblioteca\/index.php\/orientacao-escolar\/\">Acompanhamento e Orienta\u00e7\u00e3o Escolar e Profissional<\/a><\/li>\n\n\n\n<li><a href=\"https:\/\/isuppa.com\/biblioteca\/index.php\/desenvolvimento-curricular\/\">Desenvolvimento Curricular<\/a><\/li>\n\n\n\n<li><a href=\"https:\/\/isuppa.com\/biblioteca\/index.php\/dificuldades-da-aprendizagem\/\">Dificuldades de Aprendizagem<\/a><\/li>\n\n\n\n<li><a href=\"https:\/\/isuppa.com\/biblioteca\/index.php\/metodologia-de-educacao-pre-escolar\/\">Metodologia de Educa\u00e7\u00e3o Pr\u00e9-Escolar<\/a><\/li>\n\n\n\n<li><a href=\"https:\/\/isuppa.com\/biblioteca\/index.php\/metodologia-do-ensino-de-geografia\/\">Metodologia De Ensino Da Geografia<\/a><\/li>\n\n\n\n<li><a href=\"https:\/\/isuppa.com\/biblioteca\/index.php\/metodologia-de-ensino-da-lingua-portuguesa\/\">Metodologia de Ensino da L\u00edngua Portuguesa<\/a><\/li>\n\n\n\n<li><a href=\"https:\/\/isuppa.com\/biblioteca\/index.php\/metodologia-de-ensino-da-matematica\/\">Metodologia de Ensino da Matem\u00e1tica<\/a><\/li>\n\n\n\n<li><a href=\"https:\/\/isuppa.com\/biblioteca\/index.php\/metodologia-de-estudo-do-meio-e-ciencias-da-natureza\/\">Metodologia de Estudo do Meio e Ci\u00eancias da Natureza<\/a><\/li>\n\n\n\n<li><a href=\"https:\/\/isuppa.com\/biblioteca\/index.php\/necessidades-especiais-educativas\/\">Necessidades Educativas Especiais<\/a><\/li>\n\n\n\n<li><a href=\"https:\/\/isuppa.com\/biblioteca\/index.php\/practica-pedagogica\/\">Pr\u00e1tica Pedag\u00f3gica I<\/a><\/li>\n\n\n\n<li><a href=\"https:\/\/isuppa.com\/biblioteca\/index.php\/practica-pedagogica\/\">Pr\u00e1tica Pedag\u00f3gica II<\/a><\/li>\n\n\n\n<li><a href=\"https:\/\/isuppa.com\/biblioteca\/index.php\/saude-seguranca-e-ambiente\/\">Sa\u00fade, Seguran\u00e7a e Ambiente<\/a><\/li>\n\n\n\n<li><a href=\"https:\/\/isuppa.com\/biblioteca\/index.php\/tp\/\">Teoria e Pr\u00e1tica de Testes Psicopedag\u00f3gicos<\/a><\/li>\n<\/ul>\n<\/li>\n\n\n\n<li>4.\u00ba Ano\n<ul>\n<li><a href=\"https:\/\/isuppa.com\/biblioteca\/index.php\/2024\/10\/25\/estagio-supervisionado\/\">Est\u00e1gio<\/a><\/li>\n\n\n\n<li><a href=\"https:\/\/isuppa.com\/biblioteca\/index.php\/literatura-infantil\/\">Literatura Infantil<\/a><\/li>\n\n\n\n<li><a href=\"https:\/\/isuppa.com\/biblioteca\/index.php\/metodologia-de-ensino-da-historia\/\">Metodologia de Ensino da Hist\u00f3ria<\/a><\/li>\n\n\n\n<li><a href=\"https:\/\/isuppa.com\/biblioteca\/index.php\/metodologia-de-ensino-das-expressoes-fisico-motoras-e-musicais-dramaticas-e-plasticas\/\">Metodologia de Ensino das Express\u00f5es F\u00edsico-Motoras e Musicais, Dram\u00e1ticas e Pl\u00e1sticas<\/a><\/li>\n\n\n\n<li><a href=\"https:\/\/isuppa.com\/biblioteca\/index.php\/metodologia-de-investigacao-em-educacao\/\">Metodologia de Investiga\u00e7\u00e3o em Educa\u00e7\u00e3o<\/a><\/li>\n\n\n\n<li><a href=\"https:\/\/isuppa.com\/biblioteca\/index.php\/metodologia-de-lingua-materna\/\">Metodologia de L\u00edngua Materna<\/a><\/li>\n\n\n\n<li><a href=\"https:\/\/isuppa.com\/biblioteca\/index.php\/seminario-em-educacao-primaria\/\">Semin\u00e1rio em Educa\u00e7\u00e3o Prim\u00e1ria<\/a><\/li>\n\n\n\n<li><a href=\"https:\/\/isuppa.com\/biblioteca\/index.php\/2024\/10\/25\/tecnica-de-redaccao-de-monografia\/\">Trabalho de Fim de Curso<\/a><\/li>\n<\/ul>\n<\/li>\n<\/ul>\n\n\n\n<p><\/p>\n","protected":false},"excerpt":{"rendered":"","protected":false},"author":1,"featured_media":0,"parent":0,"menu_order":0,"comment_status":"closed","ping_status":"closed","template":"","meta":{"footnotes":""},"_links":{"self":[{"href":"https:\/\/isuppa.com\/biblioteca\/index.php\/wp-json\/wp\/v2\/pages\/968"}],"collection":[{"href":"https:\/\/isuppa.com\/biblioteca\/index.php\/wp-json\/wp\/v2\/pages"}],"about":[{"href":"https:\/\/isuppa.com\/biblioteca\/index.php\/wp-json\/wp\/v2\/types\/page"}],"author":[{"embeddable":true,"href":"https:\/\/isuppa.com\/biblioteca\/index.php\/wp-json\/wp\/v2\/users\/1"}],"replies":[{"embeddable":true,"href":"https:\/\/isuppa.com\/biblioteca\/index.php\/wp-json\/wp\/v2\/comments?post=968"}],"version-history":[{"count":13,"href":"https:\/\/isuppa.com\/biblioteca\/index.php\/wp-json\/wp\/v2\/pages\/968\/revisions"}],"predecessor-version":[{"id":1158,"href":"https:\/\/isuppa.com\/biblioteca\/index.php\/wp-json\/wp\/v2\/pages\/968\/revisions\/1158"}],"wp:attachment":[{"href":"https:\/\/isuppa.com\/biblioteca\/index.php\/wp-json\/wp\/v2\/media?parent=968"}],"curies":[{"name":"wp","href":"https:\/\/api.w.org\/{rel}","templated":true}]}}