{"id":99,"date":"2023-10-15T15:42:26","date_gmt":"2023-10-15T15:42:26","guid":{"rendered":"https:\/\/isuppa.com\/biblioteca\/?page_id=99"},"modified":"2023-10-15T16:05:20","modified_gmt":"2023-10-15T16:05:20","slug":"programacao-ii-estructura-de-dados","status":"publish","type":"page","link":"https:\/\/isuppa.com\/biblioteca\/index.php\/programacao-ii-estructura-de-dados\/","title":{"rendered":"Programa\u00e7\u00e3o II (Estructura de Dados)"},"content":{"rendered":"\n<p><a href=\"https:\/\/isuppa.com\/biblioteca\/wp-content\/uploads\/2023\/10\/DCT_EI_0202_P2_Algoritmos-e-estruturas-de-dados-1_Castillo_Silva_Weingaertner.pdf\">Algoritmos e Estructura de Dados 1<\/a><\/p>\n\n\n\n<p><a href=\"https:\/\/isuppa.com\/biblioteca\/wp-content\/uploads\/2023\/10\/DCT_EI_0204_P2_Algoritmos-e-Estruturas_Caelum.pdf\">Algoritmos e Estructuras<\/a><\/p>\n\n\n\n<p><a href=\"https:\/\/isuppa.com\/biblioteca\/wp-content\/uploads\/2023\/10\/DCT_EI_0204_P2_Estrutura-de-dados_Santos_Junior_Neto.pdf\">Estrutura de Dados<\/a><\/p>\n\n\n\n<p><a href=\"https:\/\/isuppa.com\/biblioteca\/wp-content\/uploads\/2023\/10\/DCT_EI_0204_P2_Estruturas_de_Dados_e_Tecnicas_de_Programacao_Kowaltowski.pdf\">Estruturas de Dados e T\u00e9cnicas de Programa\u00e7\u00e3o<\/a><\/p>\n\n\n\n<p><a href=\"https:\/\/isuppa.com\/biblioteca\/wp-content\/uploads\/2023\/10\/DCT_EI_0204_P2_Estruturas_de_Dados_em_Java_Luzzardi.pdf\">Estruturas de Dados em Java<\/a><\/p>\n\n\n\n<p><a href=\"https:\/\/isuppa.com\/biblioteca\/wp-content\/uploads\/2023\/10\/DCT_EI_0204_P2_Logica_de_programacao_estrutura_dados_java_Puga_Rizeti.pdf\">Logica de Programa\u00e7\u00e3o Estrutura Dados em Java<\/a><\/p>\n","protected":false},"excerpt":{"rendered":"<p>Algoritmos e Estructura de Dados 1 Algoritmos e Estructuras Estrutura de Dados Estruturas de Dados e T\u00e9cnicas de Programa\u00e7\u00e3o Estruturas de Dados em Java Logica de Programa\u00e7\u00e3o Estrutura Dados em Java<\/p>\n","protected":false},"author":1,"featured_media":0,"parent":0,"menu_order":0,"comment_status":"closed","ping_status":"closed","template":"","meta":{"footnotes":""},"_links":{"self":[{"href":"https:\/\/isuppa.com\/biblioteca\/index.php\/wp-json\/wp\/v2\/pages\/99"}],"collection":[{"href":"https:\/\/isuppa.com\/biblioteca\/index.php\/wp-json\/wp\/v2\/pages"}],"about":[{"href":"https:\/\/isuppa.com\/biblioteca\/index.php\/wp-json\/wp\/v2\/types\/page"}],"author":[{"embeddable":true,"href":"https:\/\/isuppa.com\/biblioteca\/index.php\/wp-json\/wp\/v2\/users\/1"}],"replies":[{"embeddable":true,"href":"https:\/\/isuppa.com\/biblioteca\/index.php\/wp-json\/wp\/v2\/comments?post=99"}],"version-history":[{"count":2,"href":"https:\/\/isuppa.com\/biblioteca\/index.php\/wp-json\/wp\/v2\/pages\/99\/revisions"}],"predecessor-version":[{"id":109,"href":"https:\/\/isuppa.com\/biblioteca\/index.php\/wp-json\/wp\/v2\/pages\/99\/revisions\/109"}],"wp:attachment":[{"href":"https:\/\/isuppa.com\/biblioteca\/index.php\/wp-json\/wp\/v2\/media?parent=99"}],"curies":[{"name":"wp","href":"https:\/\/api.w.org\/{rel}","templated":true}]}}