{"id":996,"date":"2024-10-24T21:57:51","date_gmt":"2024-10-24T21:57:51","guid":{"rendered":"https:\/\/isuppa.com\/biblioteca\/?page_id=996"},"modified":"2024-10-25T10:56:48","modified_gmt":"2024-10-25T10:56:48","slug":"psicologia-da-educacao","status":"publish","type":"page","link":"https:\/\/isuppa.com\/biblioteca\/index.php\/psicologia-da-educacao\/","title":{"rendered":"Psicologia da Educa\u00e7\u00e3o"},"content":{"rendered":"\n<div class=\"wp-block-group is-layout-constrained wp-block-group-is-layout-constrained\"><div class=\"wp-block-group__inner-container\"><h1 style=\"font-style:normal;font-weight:700;\" class=\"has-text-align-center wp-block-site-title has-medium-font-size\"><a href=\"https:\/\/isuppa.com\/biblioteca\" target=\"_self\" rel=\"home\">Seja Benvindo \u00e0 Biblioteca Virtual ISUP<\/a><\/h1>\n\n<p class=\"has-text-align-center wp-block-site-tagline\">O ISUP em prol do desenvolvimento, Conquistas, Oportunidades e Desafios<\/p>\n\n\n<div class=\"wp-block-columns is-layout-flex wp-container-2 wp-block-columns-is-layout-flex\">\n<div class=\"wp-block-column is-layout-flow wp-block-column-is-layout-flow\" style=\"flex-basis:100%\">\n<ul>\n<li>1.\u00ba Ano \n\n\n\n\n\n\n\n\n\n\n\n\n<ul>\n<li>1.\u00ba Semestre\n<ul>\n<li><a href=\"https:\/\/isuppa.com\/biblioteca\/index.php\/anatomia-e-fisiologia-humana-2\/\">Anatomia e Fisiologia Humana<\/a><\/li>\n\n\n\n<li><a href=\"https:\/\/isuppa.com\/biblioteca\/index.php\/filosofia-2\/\">Filosofia Geral<\/a><\/li>\n\n\n\n<li><a href=\"https:\/\/isuppa.com\/biblioteca\/index.php\/historia-da-psicologia\/\">Hist\u00f3ria da Psicologia<\/a><\/li>\n\n\n\n<li><a href=\"https:\/\/isuppa.com\/biblioteca\/index.php\/informatica-na-optica-de-utilizador\/\">Inform\u00e1tica I<\/a><\/li>\n\n\n\n<li><a href=\"https:\/\/isuppa.com\/biblioteca\/index.php\/ingles-tecnico-i-e-ii\/\">Ingl\u00eas I<\/a><\/li>\n\n\n\n<li><a href=\"https:\/\/isuppa.com\/biblioteca\/index.php\/lingua-portuguesa\/\">L\u00edngua Portuguesa I<\/a><\/li>\n\n\n\n<li><a href=\"https:\/\/isuppa.com\/biblioteca\/index.php\/metodologia-de-investigacao-cientifica\/\">Metodologia de Investiga\u00e7\u00e3o Cient\u00edfica<\/a><\/li>\n\n\n\n<li><a href=\"https:\/\/isuppa.com\/biblioteca\/index.php\/pedagogia-geral\/\">Pedagogia Geral<\/a><\/li>\n\n\n\n<li><a href=\"https:\/\/isuppa.com\/biblioteca\/index.php\/psicologia-geral-3\/\">Psicologia Geral<\/a><\/li>\n<\/ul>\n<\/li>\n\n\n\n<li>2.\u00ba Semestre\n<ul>\n<li><a href=\"https:\/\/isuppa.com\/biblioteca\/index.php\/didactica-geral\/\">Did\u00e1ctica Geral<\/a><\/li>\n\n\n\n<li><a href=\"https:\/\/isuppa.com\/biblioteca\/index.php\/historia-da-psicologia\/\">Hist\u00f3ria da Psicologia<\/a><\/li>\n\n\n\n<li><a href=\"https:\/\/isuppa.com\/biblioteca\/index.php\/informatica-na-optica-de-utilizador\/\">Inform\u00e1tica I<\/a><\/li>\n\n\n\n<li><a href=\"https:\/\/isuppa.com\/biblioteca\/index.php\/ingles-tecnico-i-e-ii\/\">Ingl\u00eas I<\/a><\/li>\n\n\n\n<li><a href=\"https:\/\/isuppa.com\/biblioteca\/index.php\/lingua-portuguesa\/\">L\u00edngua Portuguesa I<\/a><\/li>\n\n\n\n<li><a href=\"https:\/\/isuppa.com\/biblioteca\/index.php\/logica-formal\/\">L\u00f3gica Formal<\/a><\/li>\n\n\n\n<li><a href=\"https:\/\/isuppa.com\/biblioteca\/index.php\/metodologia-de-investigacao-cientifica\/\">Metodologia de Investiga\u00e7\u00e3o Cient\u00edfica<\/a><\/li>\n\n\n\n<li><a href=\"https:\/\/isuppa.com\/biblioteca\/index.php\/psicofisiologia\/\">Psicofisiologia<\/a><\/li>\n\n\n\n<li><a href=\"https:\/\/isuppa.com\/biblioteca\/index.php\/psicologia-geral-3\/\">Psicologia Geral<\/a><\/li>\n<\/ul>\n<\/li>\n<\/ul>\n<\/li>\n\n\n\n<li>2.\u00ba Ano \n<ul>\n<li>3.\u00ba Semestre\n<ul>\n<li><a href=\"https:\/\/isuppa.com\/biblioteca\/index.php\/estatistica-aplicada-a-educacao\/\">Estat\u00edstica aplicada \u00e0 Educa\u00e7\u00e3o<\/a><\/li>\n\n\n\n<li><a href=\"https:\/\/isuppa.com\/biblioteca\/index.php\/historia-de-angola\/\">Hist\u00f3ria de Angola<\/a><\/li>\n\n\n\n<li><a href=\"https:\/\/isuppa.com\/biblioteca\/index.php\/ingles-tecnico-i-e-ii\/\">Ingl\u00eas T\u00e9cnico II<\/a><\/li>\n\n\n\n<li><a href=\"https:\/\/isuppa.com\/biblioteca\/index.php\/lingua-portuguesa\/\">L\u00edngua Portuguesa II<\/a><\/li>\n\n\n\n<li><a href=\"https:\/\/isuppa.com\/biblioteca\/index.php\/neurociencias\/\">Neuroci\u00eancias<\/a><\/li>\n\n\n\n<li><a href=\"https:\/\/isuppa.com\/biblioteca\/index.php\/psicologia-da-educacao-2\/\">Psicologia da Educa\u00e7\u00e3o<\/a><\/li>\n\n\n\n<li><a href=\"https:\/\/isuppa.com\/biblioteca\/index.php\/psicologia-do-desenvolvimento\/\">Psicologia do Desenvolvimento<\/a><\/li>\n\n\n\n<li><a href=\"https:\/\/isuppa.com\/biblioteca\/index.php\/psicologia-social-3\/\">Psicologia Social<\/a><\/li>\n\n\n\n<li><a href=\"https:\/\/isuppa.com\/biblioteca\/index.php\/teoria-da-educacao\">Teoria da Educa\u00e7\u00e3o<\/a><\/li>\n<\/ul>\n<\/li>\n\n\n\n<li>4.\u00ba Semestre\n<ul>\n<li><a href=\"https:\/\/isuppa.com\/biblioteca\/index.php\/demografia-3\/\">Demografia<\/a><\/li>\n\n\n\n<li><a href=\"https:\/\/isuppa.com\/biblioteca\/index.php\/desenvolvimento-curricular\/\">Desenvolvimento Curricular<\/a><\/li>\n\n\n\n<li><a href=\"https:\/\/isuppa.com\/biblioteca\/index.php\/ingles-tecnico-i-e-ii\/\">Ingl\u00eas T\u00e9cnico II<\/a><\/li>\n\n\n\n<li><a href=\"https:\/\/isuppa.com\/biblioteca\/index.php\/lingua-portuguesa\/\">L\u00edngua Portuguesa II<\/a><\/li>\n\n\n\n<li><a href=\"https:\/\/isuppa.com\/biblioteca\/index.php\/neuropsicologia\/\">Neuropsicologia<\/a><\/li>\n\n\n\n<li><a href=\"https:\/\/isuppa.com\/biblioteca\/index.php\/psicologia-do-desenvolvimento\/\">Psicologia do Desenvolvimento<\/a><\/li>\n\n\n\n<li><a href=\"https:\/\/isuppa.com\/biblioteca\/index.php\/psicologia-social-3\/\">Psicologia Social<\/a><\/li>\n\n\n\n<li><a href=\"https:\/\/isuppa.com\/biblioteca\/index.php\/teoria-da-educacao\">Teoria da Educa\u00e7\u00e3o<\/a><\/li>\n<\/ul>\n<\/li>\n<\/ul>\n<\/li>\n\n\n\n<li>3.\u00ba Ano \n<ul>\n<li>5.\u00ba Semestre\n<ul>\n<li><a href=\"https:\/\/isuppa.com\/biblioteca\/index.php\/didactica-especial-da-psicologia\/\">Did\u00e1ctica Especial da Psicologia<\/a><\/li>\n\n\n\n<li><a href=\"https:\/\/isuppa.com\/biblioteca\/index.php\/dificuldades-da-aprendizagem\/\">Dificuldades de Aprendizagem<\/a><\/li>\n\n\n\n<li><a href=\"https:\/\/isuppa.com\/biblioteca\/index.php\/etica-e-deontologia-profissional\/\">\u00c9tica e Deontologia Profissional<\/a><\/li>\n\n\n\n<li><a href=\"https:\/\/isuppa.com\/biblioteca\/index.php\/orientacao-escolar\/\">Orienta\u00e7\u00e3o Escolar e Profissional I<\/a><\/li>\n\n\n\n<li><a href=\"https:\/\/isuppa.com\/biblioteca\/index.php\/practica-pedagogica\/\">Pr\u00e1tica Pedag\u00f3gica I<\/a><\/li>\n\n\n\n<li><a href=\"https:\/\/isuppa.com\/biblioteca\/index.php\/psicopatologia\/\">Psicopatologia Geral<\/a><\/li>\n\n\n\n<li><a href=\"https:\/\/isuppa.com\/biblioteca\/index.php\/tp\/\">TPTP<\/a><\/li>\n<\/ul>\n<\/li>\n\n\n\n<li>6.\u00ba Semestre\n<ul>\n<li><a href=\"https:\/\/isuppa.com\/biblioteca\/index.php\/didactica-especial-da-psicologia\/\">Did\u00e1ctica Especial da Psicologia II<\/a><\/li>\n\n\n\n<li><a href=\"https:\/\/isuppa.com\/biblioteca\/index.php\/etica-e-deontologia-profissional\/\">\u00c9tica e Deontologia Profissional II<\/a><\/li>\n\n\n\n<li><a href=\"https:\/\/isuppa.com\/biblioteca\/index.php\/necessidades-especiais-educativas\/\">Necessidades Educativas Especiais<\/a><\/li>\n\n\n\n<li><a href=\"https:\/\/isuppa.com\/biblioteca\/index.php\/orientacao-escolar\/\">Orienta\u00e7\u00e3o Escolar e Profissional<\/a><\/li>\n\n\n\n<li><a href=\"https:\/\/isuppa.com\/biblioteca\/index.php\/practica-pedagogica\/\">Pr\u00e1tica Pedag\u00f3gica II<\/a><\/li>\n\n\n\n<li><a href=\"https:\/\/isuppa.com\/biblioteca\/index.php\/psicopatologia\/\">Psicopatologia da Crian\u00e7a e do Adolescente<\/a><\/li>\n<\/ul>\n<\/li>\n<\/ul>\n<\/li>\n\n\n\n<li>4.\u00ba Ano \n<ul>\n<li>7.\u00ba Semestre\n<ul>\n<li><a href=\"https:\/\/isuppa.com\/biblioteca\/index.php\/2024\/10\/25\/estagio-supervisionado\/\">Est\u00e1gio Supervisionado I<\/a><\/li>\n\n\n\n<li><a href=\"https:\/\/isuppa.com\/biblioteca\/index.php\/2024\/10\/25\/psicopedagogia-das-aprendizagem-escolares\/\">Psicopedagogia das Aprendizagem Escolares II<\/a><\/li>\n\n\n\n<li><a href=\"https:\/\/isuppa.com\/biblioteca\/index.php\/2024\/10\/25\/tecnica-de-redaccao-de-monografia\/\">T\u00e9cnica de Redac\u00e7\u00e3o de Monografia I<\/a><\/li>\n<\/ul>\n<\/li>\n\n\n\n<li>8.\u00ba Semestre\n<ul>\n<li><a href=\"https:\/\/isuppa.com\/biblioteca\/index.php\/2024\/10\/25\/estagio-supervisionado\/\">Est\u00e1gio Supervisionado II<\/a><\/li>\n\n\n\n<li><a href=\"https:\/\/isuppa.com\/biblioteca\/index.php\/2024\/10\/25\/psicopedagogia-das-aprendizagem-escolares\/\">Psicopedagogia das Aprendizagem Escolares II<\/a><\/li>\n\n\n\n<li><a href=\"https:\/\/isuppa.com\/biblioteca\/index.php\/2024\/10\/25\/tecnica-de-redaccao-de-monografia\/\">T\u00e9cnica de Redac\u00e7\u00e3o de Monografia II<\/a><\/li>\n<\/ul>\n<\/li>\n<\/ul>\n<\/li>\n<\/ul>\n\n\n\n<p><\/p>\n\n\n\n<p><\/p>\n<\/div>\n<\/div>\n\n\n\n<div class=\"wp-block-group has-white-background-color has-background is-layout-flow wp-block-group-is-layout-flow\" style=\"padding-top:var(--wp--preset--spacing--80);padding-right:0;padding-bottom:var(--wp--preset--spacing--80);padding-left:0\"><div class=\"wp-block-group__inner-container\">\n<ul class=\"wp-block-social-links has-normal-icon-size has-icon-color has-icon-background-color is-content-justification-center is-layout-flex wp-container-3 wp-block-social-links-is-layout-flex\" style=\"padding-top:var(--wp--preset--spacing--60);padding-bottom:var(--wp--preset--spacing--60)\"><li style=\"color: #000000; background-color: #ffffff; \" class=\"wp-social-link wp-social-link-instagram has-black-color has-white-background-color wp-block-social-link\"><a href=\"https:\/\/wordpress.org\/patterns\/\" class=\"wp-block-social-link-anchor\"><svg width=\"24\" height=\"24\" viewBox=\"0 0 24 24\" version=\"1.1\" xmlns=\"http:\/\/www.w3.org\/2000\/svg\" aria-hidden=\"true\" focusable=\"false\"><path d=\"M12,4.622c2.403,0,2.688,0.009,3.637,0.052c0.877,0.04,1.354,0.187,1.671,0.31c0.42,0.163,0.72,0.358,1.035,0.673 c0.315,0.315,0.51,0.615,0.673,1.035c0.123,0.317,0.27,0.794,0.31,1.671c0.043,0.949,0.052,1.234,0.052,3.637 s-0.009,2.688-0.052,3.637c-0.04,0.877-0.187,1.354-0.31,1.671c-0.163,0.42-0.358,0.72-0.673,1.035 c-0.315,0.315-0.615,0.51-1.035,0.673c-0.317,0.123-0.794,0.27-1.671,0.31c-0.949,0.043-1.233,0.052-3.637,0.052 s-2.688-0.009-3.637-0.052c-0.877-0.04-1.354-0.187-1.671-0.31c-0.42-0.163-0.72-0.358-1.035-0.673 c-0.315-0.315-0.51-0.615-0.673-1.035c-0.123-0.317-0.27-0.794-0.31-1.671C4.631,14.688,4.622,14.403,4.622,12 s0.009-2.688,0.052-3.637c0.04-0.877,0.187-1.354,0.31-1.671c0.163-0.42,0.358-0.72,0.673-1.035 c0.315-0.315,0.615-0.51,1.035-0.673c0.317-0.123,0.794-0.27,1.671-0.31C9.312,4.631,9.597,4.622,12,4.622 M12,3 C9.556,3,9.249,3.01,8.289,3.054C7.331,3.098,6.677,3.25,6.105,3.472C5.513,3.702,5.011,4.01,4.511,4.511 c-0.5,0.5-0.808,1.002-1.038,1.594C3.25,6.677,3.098,7.331,3.054,8.289C3.01,9.249,3,9.556,3,12c0,2.444,0.01,2.751,0.054,3.711 c0.044,0.958,0.196,1.612,0.418,2.185c0.23,0.592,0.538,1.094,1.038,1.594c0.5,0.5,1.002,0.808,1.594,1.038 c0.572,0.222,1.227,0.375,2.185,0.418C9.249,20.99,9.556,21,12,21s2.751-0.01,3.711-0.054c0.958-0.044,1.612-0.196,2.185-0.418 c0.592-0.23,1.094-0.538,1.594-1.038c0.5-0.5,0.808-1.002,1.038-1.594c0.222-0.572,0.375-1.227,0.418-2.185 C20.99,14.751,21,14.444,21,12s-0.01-2.751-0.054-3.711c-0.044-0.958-0.196-1.612-0.418-2.185c-0.23-0.592-0.538-1.094-1.038-1.594 c-0.5-0.5-1.002-0.808-1.594-1.038c-0.572-0.222-1.227-0.375-2.185-0.418C14.751,3.01,14.444,3,12,3L12,3z M12,7.378 c-2.552,0-4.622,2.069-4.622,4.622S9.448,16.622,12,16.622s4.622-2.069,4.622-4.622S14.552,7.378,12,7.378z M12,15 c-1.657,0-3-1.343-3-3s1.343-3,3-3s3,1.343,3,3S13.657,15,12,15z M16.804,6.116c-0.596,0-1.08,0.484-1.08,1.08 s0.484,1.08,1.08,1.08c0.596,0,1.08-0.484,1.08-1.08S17.401,6.116,16.804,6.116z\"><\/path><\/svg><span class=\"wp-block-social-link-label screen-reader-text\">Instagram<\/span><\/a><\/li>\n\n<li style=\"color: #000000; background-color: #ffffff; \" class=\"wp-social-link wp-social-link-bandcamp has-black-color has-white-background-color wp-block-social-link\"><a href=\"https:\/\/wordpress.org\/patterns\/\" class=\"wp-block-social-link-anchor\"><svg width=\"24\" height=\"24\" viewBox=\"0 0 24 24\" version=\"1.1\" xmlns=\"http:\/\/www.w3.org\/2000\/svg\" aria-hidden=\"true\" focusable=\"false\"><path d=\"M15.27 17.289 3 17.289 8.73 6.711 21 6.711 15.27 17.289\"><\/path><\/svg><span class=\"wp-block-social-link-label screen-reader-text\">Bandcamp<\/span><\/a><\/li>\n\n<li style=\"color: #000000; background-color: #ffffff; \" class=\"wp-social-link wp-social-link-twitter has-black-color has-white-background-color wp-block-social-link\"><a href=\"https:\/\/wordpress.org\/patterns\/\" class=\"wp-block-social-link-anchor\"><svg width=\"24\" height=\"24\" viewBox=\"0 0 24 24\" version=\"1.1\" xmlns=\"http:\/\/www.w3.org\/2000\/svg\" aria-hidden=\"true\" focusable=\"false\"><path d=\"M22.23,5.924c-0.736,0.326-1.527,0.547-2.357,0.646c0.847-0.508,1.498-1.312,1.804-2.27 c-0.793,0.47-1.671,0.812-2.606,0.996C18.324,4.498,17.257,4,16.077,4c-2.266,0-4.103,1.837-4.103,4.103 c0,0.322,0.036,0.635,0.106,0.935C8.67,8.867,5.647,7.234,3.623,4.751C3.27,5.357,3.067,6.062,3.067,6.814 c0,1.424,0.724,2.679,1.825,3.415c-0.673-0.021-1.305-0.206-1.859-0.513c0,0.017,0,0.034,0,0.052c0,1.988,1.414,3.647,3.292,4.023 c-0.344,0.094-0.707,0.144-1.081,0.144c-0.264,0-0.521-0.026-0.772-0.074c0.522,1.63,2.038,2.816,3.833,2.85 c-1.404,1.1-3.174,1.756-5.096,1.756c-0.331,0-0.658-0.019-0.979-0.057c1.816,1.164,3.973,1.843,6.29,1.843 c7.547,0,11.675-6.252,11.675-11.675c0-0.178-0.004-0.355-0.012-0.531C20.985,7.47,21.68,6.747,22.23,5.924z\"><\/path><\/svg><span class=\"wp-block-social-link-label screen-reader-text\">Twitter<\/span><\/a><\/li>\n\n<li style=\"color: #000000; background-color: #ffffff; \" class=\"wp-social-link wp-social-link-twitch has-black-color has-white-background-color wp-block-social-link\"><a href=\"https:\/\/wordpress.org\/patterns\/\" class=\"wp-block-social-link-anchor\"><svg width=\"24\" height=\"24\" viewBox=\"0 0 24 24\" version=\"1.1\" xmlns=\"http:\/\/www.w3.org\/2000\/svg\" aria-hidden=\"true\" focusable=\"false\"><path d=\"M16.499,8.089h-1.636v4.91h1.636V8.089z M12,8.089h-1.637v4.91H12V8.089z M4.228,3.178L3,6.451v13.092h4.499V22h2.456 l2.454-2.456h3.681L21,14.636V3.178H4.228z M19.364,13.816l-2.864,2.865H12l-2.453,2.453V16.68H5.863V4.814h13.501V13.816z\"><\/path><\/svg><span class=\"wp-block-social-link-label screen-reader-text\">Twitch<\/span><\/a><\/li><\/ul>\n<\/div><\/div>\n<\/div><\/div>\n","protected":false},"excerpt":{"rendered":"","protected":false},"author":1,"featured_media":0,"parent":0,"menu_order":0,"comment_status":"closed","ping_status":"closed","template":"","meta":{"footnotes":""},"_links":{"self":[{"href":"https:\/\/isuppa.com\/biblioteca\/index.php\/wp-json\/wp\/v2\/pages\/996"}],"collection":[{"href":"https:\/\/isuppa.com\/biblioteca\/index.php\/wp-json\/wp\/v2\/pages"}],"about":[{"href":"https:\/\/isuppa.com\/biblioteca\/index.php\/wp-json\/wp\/v2\/types\/page"}],"author":[{"embeddable":true,"href":"https:\/\/isuppa.com\/biblioteca\/index.php\/wp-json\/wp\/v2\/users\/1"}],"replies":[{"embeddable":true,"href":"https:\/\/isuppa.com\/biblioteca\/index.php\/wp-json\/wp\/v2\/comments?post=996"}],"version-history":[{"count":15,"href":"https:\/\/isuppa.com\/biblioteca\/index.php\/wp-json\/wp\/v2\/pages\/996\/revisions"}],"predecessor-version":[{"id":1113,"href":"https:\/\/isuppa.com\/biblioteca\/index.php\/wp-json\/wp\/v2\/pages\/996\/revisions\/1113"}],"wp:attachment":[{"href":"https:\/\/isuppa.com\/biblioteca\/index.php\/wp-json\/wp\/v2\/media?parent=996"}],"curies":[{"name":"wp","href":"https:\/\/api.w.org\/{rel}","templated":true}]}}